{"id":77684,"date":"2025-08-19T13:20:39","date_gmt":"2025-08-19T13:20:39","guid":{"rendered":"https:\/\/e.kosmolat.eu\/product\/whiteday-72-pcs-antibacterial-wet-wipes-17x15-cm-38-gsm\/"},"modified":"2026-04-08T14:01:21","modified_gmt":"2026-04-08T14:01:21","slug":"white-day-attirosas-mitr-salvetes-rokam-antibakt-72-gab","status":"publish","type":"product","link":"https:\/\/e.kosmolat.eu\/lt\/produktas\/white-day-attirosas-mitr-salvetes-rokam-antibakt-72-gab\/","title":{"rendered":"WHITE DAY dr\u0117gnos rank\u0173 valymo servet\u0117l\u0117s, 72 vnt."},"content":{"rendered":"<p>Naudojamos rankoms valyti.<br \/>\nRankas, \u012fskaitant pir\u0161t\u0173 galiukus, valykite servet\u0117l\u0117mis pagal poreik\u012f.<\/p>\n<p>Laikyti vaikams nepasiekiamoje vietoje.<br \/>\nLaikyti atokiau nuo maisto, g\u0117rim\u0173 ir gyv\u016bn\u0173 pa\u0161ar\u0173.<br \/>\nVenkite patekimo \u012f akis. Nenurykite.<\/p>\n<p>Neatidarytoje pakuot\u0117je galiojimo laikas \u2013 3 metai.<br \/>\nAtidarius suvartoti per 3 m\u0117nesi\u0173.<br \/>\nSaugoti u\u017edarytoje pakuot\u0117je v\u0117sioje sausoje vietoje.<\/p>\n","protected":false},"excerpt":{"rendered":"<p>Naudojamos rankoms valyti. Rankas, \u012fskaitant pir\u0161t\u0173 galiukus, valykite servet\u0117l\u0117mis pagal poreik\u012f. Laikyti vaikams nepasiekiamoje vietoje. Laikyti atokiau nuo maisto, g\u0117rim\u0173 ir gyv\u016bn\u0173 pa\u0161ar\u0173. Venkite patekimo \u012f akis. Nenurykite. Neatidarytoje pakuot\u0117je galiojimo laikas \u2013 3 metai. Atidarius suvartoti per 3 m\u0117nesi\u0173. Saugoti u\u017edarytoje pakuot\u0117je v\u0117sioje sausoje vietoje.<\/p>\n","protected":false},"featured_media":96302,"template":"","meta":[],"product_cat":[2181],"product_tag":[],"class_list":{"0":"post-77684","1":"product","2":"type-product","3":"status-publish","4":"has-post-thumbnail","6":"product_brand-salvor-wet-wiper-tr-lt","7":"product_cat-bez-kategorijas-lt","9":"first","10":"instock","11":"taxable","12":"shipping-taxable","13":"product-type-simple"},"_links":{"self":[{"href":"https:\/\/e.kosmolat.eu\/lt\/wp-json\/wp\/v2\/product\/77684","targetHints":{"allow":["GET"]}}],"collection":[{"href":"https:\/\/e.kosmolat.eu\/lt\/wp-json\/wp\/v2\/product"}],"about":[{"href":"https:\/\/e.kosmolat.eu\/lt\/wp-json\/wp\/v2\/types\/product"}],"wp:featuredmedia":[{"embeddable":true,"href":"https:\/\/e.kosmolat.eu\/lt\/wp-json\/wp\/v2\/media\/96302"}],"wp:attachment":[{"href":"https:\/\/e.kosmolat.eu\/lt\/wp-json\/wp\/v2\/media?parent=77684"}],"wp:term":[{"taxonomy":"product_cat","embeddable":true,"href":"https:\/\/e.kosmolat.eu\/lt\/wp-json\/wp\/v2\/product_cat?post=77684"},{"taxonomy":"product_tag","embeddable":true,"href":"https:\/\/e.kosmolat.eu\/lt\/wp-json\/wp\/v2\/product_tag?post=77684"}],"curies":[{"name":"wp","href":"https:\/\/api.w.org\/{rel}","templated":true}]}}