{"id":77679,"date":"2025-08-19T12:06:37","date_gmt":"2025-08-19T12:06:37","guid":{"rendered":"https:\/\/e.kosmolat.eu\/product\/vigor-zimulis-gludekla-tirisanai-1-gab\/"},"modified":"2026-04-24T05:58:49","modified_gmt":"2026-04-24T05:58:49","slug":"vigor-zimulis-gludekla-tirisanai-1-gab","status":"publish","type":"product","link":"https:\/\/e.kosmolat.eu\/lt\/produktas\/vigor-zimulis-gludekla-tirisanai-1-gab\/","title":{"rendered":"VIGOR Pie\u0161tukas lygintuvo valymui, 1 vnt."},"content":{"rendered":"<p>Efektyviai pa\u0161alina ne\u0161varumus nuo lygintuvo pavir\u0161iaus, poliruoja ir apsaugo. Tinka vis\u0173 tip\u0173 lygintuvams.<\/p>\n<p>Naudojimo instrukcijos:<br \/>\nPrijunkite lygintuv\u0105 prie elektros tinklo ir nustatykite 110\u2013130 \u00b0C temperat\u016br\u0105 (\u017eema\/vidutin\u0117). Kai lygintuvas \u012fkais, atjunkite j\u012f nuo elektros tinklo. Pad\u0117kite lygintuv\u0105 ant audinio. Paimkite pie\u0161tuk\u0105 ir \u0161velniai perbraukite juo per kar\u0161t\u0105 lygintuvo pavir\u0161i\u0173. Valomoji priemon\u0117 prad\u0117s tirpti ir i\u0161skirs valymo priemon\u0119. Lygintuvo pad\u0105 nuvalykite \u0161varia \u0161luoste. Jis taps lygus ir blizgus. Gariniams lygintuvams: v\u0117l \u012fjunkite lygintuv\u0105, \u012fjunkite gar\u0173 tiekim\u0105 ir leiskite likusiai priemonei i\u0161b\u0117gti i\u0161 skylu\u010di\u0173.<\/p>\n","protected":false},"excerpt":{"rendered":"<p>Efektyviai pa\u0161alina ne\u0161varumus nuo lygintuvo pavir\u0161iaus, poliruoja ir apsaugo. Tinka vis\u0173 tip\u0173 lygintuvams. Naudojimo instrukcijos: Prijunkite lygintuv\u0105 prie elektros tinklo ir nustatykite 110\u2013130 \u00b0C temperat\u016br\u0105 (\u017eema\/vidutin\u0117). Kai lygintuvas \u012fkais, atjunkite j\u012f nuo elektros tinklo. Pad\u0117kite lygintuv\u0105 ant audinio. Paimkite pie\u0161tuk\u0105 ir \u0161velniai perbraukite juo per kar\u0161t\u0105 lygintuvo pavir\u0161i\u0173. Valomoji priemon\u0117 prad\u0117s tirpti ir i\u0161skirs valymo [&#8230;]\n","protected":false},"featured_media":96342,"template":"","meta":[],"product_cat":[1461],"product_tag":[],"class_list":{"0":"post-77679","1":"product","2":"type-product","3":"status-publish","4":"has-post-thumbnail","6":"product_brand-private-label-lt","7":"product_cat-kitos-valymo-priemones","9":"first","10":"instock","11":"taxable","12":"shipping-taxable","13":"product-type-simple"},"_links":{"self":[{"href":"https:\/\/e.kosmolat.eu\/lt\/wp-json\/wp\/v2\/product\/77679","targetHints":{"allow":["GET"]}}],"collection":[{"href":"https:\/\/e.kosmolat.eu\/lt\/wp-json\/wp\/v2\/product"}],"about":[{"href":"https:\/\/e.kosmolat.eu\/lt\/wp-json\/wp\/v2\/types\/product"}],"wp:featuredmedia":[{"embeddable":true,"href":"https:\/\/e.kosmolat.eu\/lt\/wp-json\/wp\/v2\/media\/96342"}],"wp:attachment":[{"href":"https:\/\/e.kosmolat.eu\/lt\/wp-json\/wp\/v2\/media?parent=77679"}],"wp:term":[{"taxonomy":"product_cat","embeddable":true,"href":"https:\/\/e.kosmolat.eu\/lt\/wp-json\/wp\/v2\/product_cat?post=77679"},{"taxonomy":"product_tag","embeddable":true,"href":"https:\/\/e.kosmolat.eu\/lt\/wp-json\/wp\/v2\/product_tag?post=77679"}],"curies":[{"name":"wp","href":"https:\/\/api.w.org\/{rel}","templated":true}]}}