{"id":77666,"date":"2025-08-14T04:02:34","date_gmt":"2025-08-14T04:02:34","guid":{"rendered":"https:\/\/e.kosmolat.eu\/product\/dr-herbal-hidrofil-cukura-sals-skrubis-kerm-ar-laima-un-bergamot-eterisk-ellam-300-g\/"},"modified":"2026-04-22T05:42:04","modified_gmt":"2026-04-22T05:42:04","slug":"dr-herbal-hidrofil-cukura-sals-skrubis-kerm-ar-laima-un-bergamot-eterisk-ellam-300-g","status":"publish","type":"product","link":"https:\/\/e.kosmolat.eu\/lt\/produktas\/dr-herbal-hidrofil-cukura-sals-skrubis-kerm-ar-laima-un-bergamot-eterisk-ellam-300-g\/","title":{"rendered":"DOCTOR HERBAL Hidrofilinis cukraus ir druskos k\u016bno \u0161veitiklis su laim\u0173 ir bergamo\u010di\u0173 eteriniais alie"},"content":{"rendered":"<p>Sud\u0117tyje yra ry\u017ei\u0173 s\u0117len\u0173 ir kokos\u0173 aliej\u0173, vitamin\u0173 A, E, B5 kompleksas ir kvie\u010di\u0173 baltym\u0173. Susiliet\u0119s su vandeniu, \u0161veitiklis virsta \u0161velniu pieneliu, praturtintu nat\u016brali\u0173 aliej\u0173 kompleksu, intensyviai maitina ir dr\u0117kina od\u0105, pripildo l\u0105steles vertingomis maistin\u0117mis med\u017eiagomis. \u017dali\u0173j\u0173 citrin\u0173 ir bergamo\u010di\u0173 eteriniai aliejai yra veiksminga priemon\u0117. skirta suglebusios, sausos, problemin\u0117s odos prie\u017ei\u016brai. Ma\u017eina celiulito atsiradim\u0105. Ry\u017ei\u0173 s\u0117lenos ir kokos\u0173 aliejai padeda sumink\u0161tinti, dr\u0117kinti ir i\u0161valyti od\u0105. Masa\u017einiai judesiai tepant \u0161veitikl\u012f stimuliuoja kraujotak\u0105, gerina odos tonus\u0105 ir i\u0161vaizd\u0105.<\/p>\n<p>Naudojimas: u\u017etepkite nedidel\u012f kiek\u012f \u0161veitiklio ant  sudr\u0117kintos odos, \u0161velniai \u012fmasa\u017euokite od\u0105, tada nuplaukite vandeniu.<\/p>\n<p>Laikymo s\u0105lygos: laikyti sandariai u\u017edarytose gamintojo pakuot\u0117se 0\u201325 \u00b0C temperat\u016broje, esant ne didesnei kaip 70 % santykinei oro dr\u0117gmei, bent 1 metro atstumu nuo \u0161ildymo prietais\u0173, vengiant tiesiogini\u0173 saul\u0117s spinduli\u0173.<\/p>\n<p>Atsargumo priemon\u0117s: Nenaudokite ant pa\u017eeistos ar sudirgusios odos. Venkite patekimo \u012f akis. Patekus \u012f akis, praplaukite vandeniu. Laikyti vaikams nepasiekiamoje vietoje.<\/p>\n<p>\u012esp\u0117jimas: sud\u0117tyje yra vitamino A. Prie\u0161 naudojant atsi\u017evelgti \u012f paros norm\u0105.<\/p>\n<p>Geriausias: 30 m\u0117nesi\u0173 nuo pagaminimo datos.<\/p>\n","protected":false},"excerpt":{"rendered":"<p>Sud\u0117tyje yra ry\u017ei\u0173 s\u0117len\u0173 ir kokos\u0173 aliej\u0173, vitamin\u0173 A, E, B5 kompleksas ir kvie\u010di\u0173 baltym\u0173. Susiliet\u0119s su vandeniu, \u0161veitiklis virsta \u0161velniu pieneliu, praturtintu nat\u016brali\u0173 aliej\u0173 kompleksu, intensyviai maitina ir dr\u0117kina od\u0105, pripildo l\u0105steles vertingomis maistin\u0117mis med\u017eiagomis. \u017dali\u0173j\u0173 citrin\u0173 ir bergamo\u010di\u0173 eteriniai aliejai yra veiksminga priemon\u0117. skirta suglebusios, sausos, problemin\u0117s odos prie\u017ei\u016brai. Ma\u017eina celiulito atsiradim\u0105. Ry\u017ei\u0173 [&#8230;]\n","protected":false},"featured_media":96294,"template":"","meta":[],"product_cat":[1359],"product_tag":[],"class_list":{"0":"post-77666","1":"product","2":"type-product","3":"status-publish","4":"has-post-thumbnail","6":"product_brand-aqua-cosmetics_ua-lt","7":"product_cat-kuno-sveitikliai-ir-pilingai","9":"first","10":"instock","11":"taxable","12":"shipping-taxable","13":"product-type-simple"},"_links":{"self":[{"href":"https:\/\/e.kosmolat.eu\/lt\/wp-json\/wp\/v2\/product\/77666","targetHints":{"allow":["GET"]}}],"collection":[{"href":"https:\/\/e.kosmolat.eu\/lt\/wp-json\/wp\/v2\/product"}],"about":[{"href":"https:\/\/e.kosmolat.eu\/lt\/wp-json\/wp\/v2\/types\/product"}],"wp:featuredmedia":[{"embeddable":true,"href":"https:\/\/e.kosmolat.eu\/lt\/wp-json\/wp\/v2\/media\/96294"}],"wp:attachment":[{"href":"https:\/\/e.kosmolat.eu\/lt\/wp-json\/wp\/v2\/media?parent=77666"}],"wp:term":[{"taxonomy":"product_cat","embeddable":true,"href":"https:\/\/e.kosmolat.eu\/lt\/wp-json\/wp\/v2\/product_cat?post=77666"},{"taxonomy":"product_tag","embeddable":true,"href":"https:\/\/e.kosmolat.eu\/lt\/wp-json\/wp\/v2\/product_tag?post=77666"}],"curies":[{"name":"wp","href":"https:\/\/api.w.org\/{rel}","templated":true}]}}