{"id":77661,"date":"2025-08-13T04:00:42","date_gmt":"2025-08-13T04:00:42","guid":{"rendered":"https:\/\/e.kosmolat.eu\/product\/blyskavka-krems-krasa-adas-apaviem-ar-svammiti-bruna-60-ml\/"},"modified":"2025-09-19T20:37:23","modified_gmt":"2025-09-19T20:37:23","slug":"blyskavka-krems-krasa-adas-apaviem-ar-svammiti-bruna-60-ml","status":"publish","type":"product","link":"https:\/\/e.kosmolat.eu\/lt\/produktas\/blyskavka-krems-krasa-adas-apaviem-ar-svammiti-bruna-60-ml\/","title":{"rendered":"BLYSKAVKA Kremas-da\u017eai odinei avalynei su kempin\u0117le, rudas, 50 ml"},"content":{"rendered":"<p>Suteikia nat\u016bral\u0173 blizges\u012f, nereikalauja poliravimo. Apsaugo nuo dr\u0117gm\u0117s, patogus naudoti.<\/p>\n<p>Naudojimas: ant \u0161varaus ir sauso pavir\u0161iaus kempin\u0117le u\u017etepkite plon\u0105 kremini\u0173 da\u017e\u0173 sluoksn\u012f, leiskite i\u0161d\u017ei\u016bti, nepoliruokite, pakartokite, jei reikia. Po naudojimo sandariai u\u017edarykite abu dangtelius.<\/p>\n<p>Laikymo s\u0105lygos: laikyti sausoje, v\u0117dinamoje vietoje nuo 0\u00b0C iki +35\u00b0C temperat\u016broje. Naudokite kaip nurodyta.<br \/>\nTinkamumo laikas: 5 metai nuo pagaminimo datos, nurodytos ant pakuot\u0117s.<\/p>\n<p>Sud\u0117tis: 30 % ir daugiau parafino va\u0161ko pagrindu. Kvapai. Konservavimo med\u017eiaga: Benzyl Alcohol\/ Methylchloroisothiazolinone\/ Methylisothiazolinone. Da\u017eai.   <\/p>\n<p>EUH208 Sud\u0117tyje yra: 5-chlor-2-metil-2H-izotiazol-3- ono ir 2-metil-2H-izotiazol-3-ono reakcijos mas\u0117 (3:1). Gali sukelti alergin\u0119 reakcij\u0105.<br \/>\nP102 Laikyti vaikams neprieinamoje vietoje<br \/>\nP305+P351+P338 PATEKUS \u012e AKIS: Kelias minutes atsargiai plauti vandeniu. I\u0161imti kontaktinius l\u0119\u0161ius, jeigu jie yra ir jeigu lengvai galima tai padaryti. Toliau plauti akis.<br \/>\nP337+P313 Jei aki\u0173 dirginimas nepraeina: kreiptis \u012f gydytoj\u0105.<br \/>\nP402+P403 Laikyti sausoje vietoje. Laikyti gerai v\u0117dinamoje vietoje.<\/p>\n","protected":false},"excerpt":{"rendered":"<p>Suteikia nat\u016bral\u0173 blizges\u012f, nereikalauja poliravimo. Apsaugo nuo dr\u0117gm\u0117s, patogus naudoti. Naudojimas: ant \u0161varaus ir sauso pavir\u0161iaus kempin\u0117le u\u017etepkite plon\u0105 kremini\u0173 da\u017e\u0173 sluoksn\u012f, leiskite i\u0161d\u017ei\u016bti, nepoliruokite, pakartokite, jei reikia. Po naudojimo sandariai u\u017edarykite abu dangtelius. Laikymo s\u0105lygos: laikyti sausoje, v\u0117dinamoje vietoje nuo 0\u00b0C iki +35\u00b0C temperat\u016broje. Naudokite kaip nurodyta. Tinkamumo laikas: 5 metai nuo pagaminimo datos, [&#8230;]\n","protected":false},"featured_media":84146,"template":"","meta":[],"product_cat":[1731],"product_tag":[],"class_list":{"0":"post-77661","1":"product","2":"type-product","3":"status-publish","4":"has-post-thumbnail","6":"product_brand-blyskavka_ua-lt","7":"product_cat-batu-valymo-priemones-ir-priedai","9":"first","10":"outofstock","11":"taxable","12":"shipping-taxable","13":"product-type-simple"},"_links":{"self":[{"href":"https:\/\/e.kosmolat.eu\/lt\/wp-json\/wp\/v2\/product\/77661","targetHints":{"allow":["GET"]}}],"collection":[{"href":"https:\/\/e.kosmolat.eu\/lt\/wp-json\/wp\/v2\/product"}],"about":[{"href":"https:\/\/e.kosmolat.eu\/lt\/wp-json\/wp\/v2\/types\/product"}],"wp:featuredmedia":[{"embeddable":true,"href":"https:\/\/e.kosmolat.eu\/lt\/wp-json\/wp\/v2\/media\/84146"}],"wp:attachment":[{"href":"https:\/\/e.kosmolat.eu\/lt\/wp-json\/wp\/v2\/media?parent=77661"}],"wp:term":[{"taxonomy":"product_cat","embeddable":true,"href":"https:\/\/e.kosmolat.eu\/lt\/wp-json\/wp\/v2\/product_cat?post=77661"},{"taxonomy":"product_tag","embeddable":true,"href":"https:\/\/e.kosmolat.eu\/lt\/wp-json\/wp\/v2\/product_tag?post=77661"}],"curies":[{"name":"wp","href":"https:\/\/api.w.org\/{rel}","templated":true}]}}