{"id":77633,"date":"2025-08-12T13:50:56","date_gmt":"2025-08-12T13:50:56","guid":{"rendered":"https:\/\/e.kosmolat.eu\/product\/lady-baby-powder-amk-body-scrub-strawberry-vanilla-500-ml\/"},"modified":"2026-04-22T09:26:12","modified_gmt":"2026-04-22T09:26:12","slug":"lady-baby-powder-amk-kermena-skrubis-ar-zemeni-un-vanilu-500-ml","status":"publish","type":"product","link":"https:\/\/e.kosmolat.eu\/lt\/produktas\/lady-baby-powder-amk-kermena-skrubis-ar-zemeni-un-vanilu-500-ml\/","title":{"rendered":"LADY Baby Powder AMK k\u016bno \u0161veitiklis su bra\u0161k\u0117mis ir vanile, 500 ml"},"content":{"rendered":"<p>\u0160is \u0161veitiklis pasi\u017eymi \u0161velnia formule, kuri pa\u0161alina negyvas odos l\u0105steles, tod\u0117l oda tampa gaivi, \u0161velni ir \u0161vari.<\/p>\n<p>Naudojimas: \u0160velniai sukamaisiais judesiais tepkite ant dr\u0117gnos arba sausos odos vien\u0105 minut\u0119. Kruop\u0161\u010diai nuplaukite \u0161iltu vandeniu.<br \/>\nAtsargumo priemon\u0117s: Tik i\u0161oriniam naudojimui. Venkite patekimo \u012f akis. Patekus \u012f akis, kruop\u0161\u010diai praplaukite dideliu kiekiu vandens. Laikyti vaikams nepasiekiamoje vietoje, kambario temperat\u016broje.<\/p>\n","protected":false},"excerpt":{"rendered":"<p>\u0160is \u0161veitiklis pasi\u017eymi \u0161velnia formule, kuri pa\u0161alina negyvas odos l\u0105steles, tod\u0117l oda tampa gaivi, \u0161velni ir \u0161vari. Naudojimas: \u0160velniai sukamaisiais judesiais tepkite ant dr\u0117gnos arba sausos odos vien\u0105 minut\u0119. Kruop\u0161\u010diai nuplaukite \u0161iltu vandeniu. Atsargumo priemon\u0117s: Tik i\u0161oriniam naudojimui. Venkite patekimo \u012f akis. Patekus \u012f akis, kruop\u0161\u010diai praplaukite dideliu kiekiu vandens. Laikyti vaikams nepasiekiamoje vietoje, kambario [&#8230;]\n","protected":false},"featured_media":95926,"template":"","meta":[],"product_cat":[2181],"product_tag":[],"class_list":{"0":"post-77633","1":"product","2":"type-product","3":"status-publish","4":"has-post-thumbnail","6":"product_brand-sora_tr-lt","7":"product_cat-bez-kategorijas-lt","9":"first","10":"instock","11":"taxable","12":"shipping-taxable","13":"product-type-simple"},"_links":{"self":[{"href":"https:\/\/e.kosmolat.eu\/lt\/wp-json\/wp\/v2\/product\/77633","targetHints":{"allow":["GET"]}}],"collection":[{"href":"https:\/\/e.kosmolat.eu\/lt\/wp-json\/wp\/v2\/product"}],"about":[{"href":"https:\/\/e.kosmolat.eu\/lt\/wp-json\/wp\/v2\/types\/product"}],"wp:featuredmedia":[{"embeddable":true,"href":"https:\/\/e.kosmolat.eu\/lt\/wp-json\/wp\/v2\/media\/95926"}],"wp:attachment":[{"href":"https:\/\/e.kosmolat.eu\/lt\/wp-json\/wp\/v2\/media?parent=77633"}],"wp:term":[{"taxonomy":"product_cat","embeddable":true,"href":"https:\/\/e.kosmolat.eu\/lt\/wp-json\/wp\/v2\/product_cat?post=77633"},{"taxonomy":"product_tag","embeddable":true,"href":"https:\/\/e.kosmolat.eu\/lt\/wp-json\/wp\/v2\/product_tag?post=77633"}],"curies":[{"name":"wp","href":"https:\/\/api.w.org\/{rel}","templated":true}]}}