{"id":77621,"date":"2025-08-12T12:36:53","date_gmt":"2025-08-12T12:36:53","guid":{"rendered":"https:\/\/e.kosmolat.eu\/?post_type=product&#038;p=77621"},"modified":"2026-04-22T07:07:00","modified_gmt":"2026-04-22T07:07:00","slug":"shik-tualetes-ziepes-skuju-180-g","status":"publish","type":"product","link":"https:\/\/e.kosmolat.eu\/lt\/produktas\/shik-tualetes-ziepes-skuju-180-g\/","title":{"rendered":"SHIK Tualetinis muilas Spygliuo\u010diai, 180 g"},"content":{"rendered":"<p>Muilo sud\u0117tyje yra pu\u0161\u0173 pumpur\u0173 ekstrakto, kuris pasi\u017eymi gaivinan\u010diomis ir tonizuojan\u010diomis savyb\u0117mis, vitaminais ir antioksidantais, padeda palaikyti ger\u0105 odos b\u016bkl\u0119.<\/p>\n<p>Laikyti sausose, u\u017edarose, gerai v\u0117dinamose patalpose. Atsargumo priemon\u0117s: Patekus \u012f akis, kruop\u0161\u010diai nuplaukite tekan\u010diu vandeniu.<\/p>\n<p>Geriausias: 5 metai nuo pagaminimo datos.<\/p>\n","protected":false},"excerpt":{"rendered":"<p>Muilo sud\u0117tyje yra pu\u0161\u0173 pumpur\u0173 ekstrakto, kuris pasi\u017eymi gaivinan\u010diomis ir tonizuojan\u010diomis savyb\u0117mis, vitaminais ir antioksidantais, padeda palaikyti ger\u0105 odos b\u016bkl\u0119. Laikyti sausose, u\u017edarose, gerai v\u0117dinamose patalpose. Atsargumo priemon\u0117s: Patekus \u012f akis, kruop\u0161\u010diai nuplaukite tekan\u010diu vandeniu. Geriausias: 5 metai nuo pagaminimo datos.<\/p>\n","protected":false},"featured_media":96330,"template":"","meta":[],"product_cat":[1751],"product_tag":[],"class_list":{"0":"post-77621","1":"product","2":"type-product","3":"status-publish","4":"has-post-thumbnail","6":"product_brand-slobozanskij-milovar_ua-lt","7":"product_cat-kosmetinis-muilas","9":"first","10":"instock","11":"taxable","12":"shipping-taxable","13":"product-type-simple"},"_links":{"self":[{"href":"https:\/\/e.kosmolat.eu\/lt\/wp-json\/wp\/v2\/product\/77621","targetHints":{"allow":["GET"]}}],"collection":[{"href":"https:\/\/e.kosmolat.eu\/lt\/wp-json\/wp\/v2\/product"}],"about":[{"href":"https:\/\/e.kosmolat.eu\/lt\/wp-json\/wp\/v2\/types\/product"}],"wp:featuredmedia":[{"embeddable":true,"href":"https:\/\/e.kosmolat.eu\/lt\/wp-json\/wp\/v2\/media\/96330"}],"wp:attachment":[{"href":"https:\/\/e.kosmolat.eu\/lt\/wp-json\/wp\/v2\/media?parent=77621"}],"wp:term":[{"taxonomy":"product_cat","embeddable":true,"href":"https:\/\/e.kosmolat.eu\/lt\/wp-json\/wp\/v2\/product_cat?post=77621"},{"taxonomy":"product_tag","embeddable":true,"href":"https:\/\/e.kosmolat.eu\/lt\/wp-json\/wp\/v2\/product_tag?post=77621"}],"curies":[{"name":"wp","href":"https:\/\/api.w.org\/{rel}","templated":true}]}}