{"id":77613,"date":"2025-08-12T08:06:51","date_gmt":"2025-08-12T08:06:51","guid":{"rendered":"https:\/\/e.kosmolat.eu\/?post_type=product&#038;p=77613"},"modified":"2026-04-02T14:01:00","modified_gmt":"2026-04-02T14:01:00","slug":"i_blyskavka-sport-zelejveida-apavu-un-zolu-tirisanas-lidz-75-ml","status":"publish","type":"product","link":"https:\/\/e.kosmolat.eu\/lt\/produktas\/i_blyskavka-sport-zelejveida-apavu-un-zolu-tirisanas-lidz-75-ml\/","title":{"rendered":"I_BLYSKAVKA SPORT Valomasis bat\u0173 ir pad\u0173 gelis, 75 ml"},"content":{"rendered":"<p>Universalus valiklis padams ir batams i\u0161 lygios nat\u016bralios ir eko odos, zom\u0161os, nubuko ir tekstil\u0117s. Pa\u0161alina dulkes, d\u0117mes ir druskos p\u0117dsakus, taip pat ankstesni\u0173 bat\u0173 prie\u017ei\u016bros priemoni\u0173 liku\u010dius. Netinka lakuotos odos batams.<\/p>\n<p>Naudojimo instrukcijos: suplakite buteliuk\u0105, paspauskite j\u012f ir i\u0161spauskite priemon\u0117s ant \u0161epet\u0117lio, tolygiai paskirstykite ant bat\u0173, kruop\u0161\u010diai nuvalykite, tada likus\u012f produkt\u0105 nuvalykite dr\u0117gnu skudur\u0117liu. Jei reikia, pakartokite proced\u016br\u0105. Negreitinkite bat\u0173 d\u017ei\u016bvimo kar\u0161\u010diu, nes tai gali pa\u017eeisti med\u017eiag\u0105.<\/p>\n<p>Laikymo s\u0105lygos: laikyti sausoje vietoje, 0\u201335 \u00b0C temperat\u016broje.<\/p>\n<p>Geriausias: 5 metai nuo pagaminimo datos.<\/p>\n<p>Sud\u0117tis: ma\u017eiau kaip, 5 % anijonini\u0173  aktyvi\u0173j\u0173 pavir\u0161inio med\u017eiagos, ma\u017eiau kaip 5 % amfoterini\u0173 aktyvi\u0173j\u0173 pavir\u0161inio med\u017eiagos, ma\u017eiau kaip, 5 % nejonini\u0173  aktyvi\u0173j\u0173 pavir\u0161inio med\u017eiagos. Kvapai. Konservavimo med\u017eiaga: Benzyl Alcohol\/ Methylchloroisothiazolinone\/ Methylisothiazolinone. <\/p>\n<p>EUH208 Sud\u0117tyje yra: 5-chlor-2-metil-2H-izotiazol-3- ono ir 2-metil-2H-izotiazol-3-ono reakcijos mas\u0117 (3:1). Gali sukelti alergin\u0119 reakcij\u0105.<br \/>\nP102 Laikyti vaikams neprieinamoje vietoje<br \/>\nP305+P351+P338 PATEKUS \u012e AKIS: Kelias minutes atsargiai plauti vandeniu. I\u0161imti kontaktinius l\u0119\u0161ius, jeigu jie yra ir jeigu lengvai galima tai padaryti. Toliau plauti akis.<br \/>\nP337+P313 Jei aki\u0173 dirginimas nepraeina: kreiptis \u012f gydytoj\u0105.<\/p>\n","protected":false},"excerpt":{"rendered":"<p>Universalus valiklis padams ir batams i\u0161 lygios nat\u016bralios ir eko odos, zom\u0161os, nubuko ir tekstil\u0117s. Pa\u0161alina dulkes, d\u0117mes ir druskos p\u0117dsakus, taip pat ankstesni\u0173 bat\u0173 prie\u017ei\u016bros priemoni\u0173 liku\u010dius. Netinka lakuotos odos batams. Naudojimo instrukcijos: suplakite buteliuk\u0105, paspauskite j\u012f ir i\u0161spauskite priemon\u0117s ant \u0161epet\u0117lio, tolygiai paskirstykite ant bat\u0173, kruop\u0161\u010diai nuvalykite, tada likus\u012f produkt\u0105 nuvalykite dr\u0117gnu skudur\u0117liu. [&#8230;]\n","protected":false},"featured_media":96290,"template":"","meta":[],"product_cat":[1731],"product_tag":[],"class_list":{"0":"post-77613","1":"product","2":"type-product","3":"status-publish","4":"has-post-thumbnail","6":"product_brand-blyskavka_ua-lt","7":"product_cat-batu-valymo-priemones-ir-priedai","9":"first","10":"instock","11":"taxable","12":"shipping-taxable","13":"product-type-simple"},"_links":{"self":[{"href":"https:\/\/e.kosmolat.eu\/lt\/wp-json\/wp\/v2\/product\/77613","targetHints":{"allow":["GET"]}}],"collection":[{"href":"https:\/\/e.kosmolat.eu\/lt\/wp-json\/wp\/v2\/product"}],"about":[{"href":"https:\/\/e.kosmolat.eu\/lt\/wp-json\/wp\/v2\/types\/product"}],"wp:featuredmedia":[{"embeddable":true,"href":"https:\/\/e.kosmolat.eu\/lt\/wp-json\/wp\/v2\/media\/96290"}],"wp:attachment":[{"href":"https:\/\/e.kosmolat.eu\/lt\/wp-json\/wp\/v2\/media?parent=77613"}],"wp:term":[{"taxonomy":"product_cat","embeddable":true,"href":"https:\/\/e.kosmolat.eu\/lt\/wp-json\/wp\/v2\/product_cat?post=77613"},{"taxonomy":"product_tag","embeddable":true,"href":"https:\/\/e.kosmolat.eu\/lt\/wp-json\/wp\/v2\/product_tag?post=77613"}],"curies":[{"name":"wp","href":"https:\/\/api.w.org\/{rel}","templated":true}]}}