{"id":77605,"date":"2025-08-12T04:02:33","date_gmt":"2025-08-12T04:02:33","guid":{"rendered":"https:\/\/e.kosmolat.eu\/product\/milo-dabigas-saimniec-ziepes-velas-mazg-ar-rokam-175-g\/"},"modified":"2026-04-07T05:47:29","modified_gmt":"2026-04-07T05:47:29","slug":"milo-dabigas-saimniec-ziepes-velas-mazg-ar-rokam-175-g","status":"publish","type":"product","link":"https:\/\/e.kosmolat.eu\/lt\/produktas\/milo-dabigas-saimniec-ziepes-velas-mazg-ar-rokam-175-g\/","title":{"rendered":"MILO nat\u016bralus skalbimo muilas skalbti rankomis, 175 g"},"content":{"rendered":"<p>100 % grynas nat\u016bralus muilas. Be chemini\u0173 med\u017eiag\u0173 ar kvapikli\u0173. Galimas kvapas nekenksmingas. Apsaugo pluo\u0161tus ir spalvas, efektyviai pa\u0161alina d\u0117mes ir ne\u0161varumus, neter\u0161ia nuotek\u0173. Dermatologi\u0161kai patikrintas. Nedirgina odos.<\/p>\n<p>Laikyti tik sausoje vietoje, gerai v\u0117dinamoje patalpoje, nuo -5 \u00b0C iki +30 \u00b0C temperat\u016broje. Laikyti atokiau nuo vandens ir dr\u0117gm\u0117s.<\/p>\n<p>P102 Laikyti vaikams neprieinamoje vietoje<br \/>\nP305+P351+P338 PATEKUS \u012e AKIS: Kelias minutes atsargiai plauti vandeniu. I\u0161imti kontaktinius l\u0119\u0161ius, jeigu jie yra ir jeigu lengvai galima tai padaryti. Toliau plauti akis.<br \/>\nP337+P313 Jei aki\u0173 dirginimas nepraeina: kreiptis \u012f gydytoj\u0105.<\/p>\n","protected":false},"excerpt":{"rendered":"<p>100 % grynas nat\u016bralus muilas. Be chemini\u0173 med\u017eiag\u0173 ar kvapikli\u0173. Galimas kvapas nekenksmingas. Apsaugo pluo\u0161tus ir spalvas, efektyviai pa\u0161alina d\u0117mes ir ne\u0161varumus, neter\u0161ia nuotek\u0173. Dermatologi\u0161kai patikrintas. Nedirgina odos. Laikyti tik sausoje vietoje, gerai v\u0117dinamoje patalpoje, nuo -5 \u00b0C iki +30 \u00b0C temperat\u016broje. Laikyti atokiau nuo vandens ir dr\u0117gm\u0117s. P102 Laikyti vaikams neprieinamoje vietoje P305+P351+P338 PATEKUS [&#8230;]\n","protected":false},"featured_media":91602,"template":"","meta":[],"product_cat":[1483],"product_tag":[],"class_list":{"0":"post-77605","1":"product","2":"type-product","3":"status-publish","4":"has-post-thumbnail","6":"product_brand-mattes_pl-lt","7":"product_cat-plovikliai","9":"first","10":"instock","11":"taxable","12":"shipping-taxable","13":"product-type-simple"},"_links":{"self":[{"href":"https:\/\/e.kosmolat.eu\/lt\/wp-json\/wp\/v2\/product\/77605","targetHints":{"allow":["GET"]}}],"collection":[{"href":"https:\/\/e.kosmolat.eu\/lt\/wp-json\/wp\/v2\/product"}],"about":[{"href":"https:\/\/e.kosmolat.eu\/lt\/wp-json\/wp\/v2\/types\/product"}],"wp:featuredmedia":[{"embeddable":true,"href":"https:\/\/e.kosmolat.eu\/lt\/wp-json\/wp\/v2\/media\/91602"}],"wp:attachment":[{"href":"https:\/\/e.kosmolat.eu\/lt\/wp-json\/wp\/v2\/media?parent=77605"}],"wp:term":[{"taxonomy":"product_cat","embeddable":true,"href":"https:\/\/e.kosmolat.eu\/lt\/wp-json\/wp\/v2\/product_cat?post=77605"},{"taxonomy":"product_tag","embeddable":true,"href":"https:\/\/e.kosmolat.eu\/lt\/wp-json\/wp\/v2\/product_tag?post=77605"}],"curies":[{"name":"wp","href":"https:\/\/api.w.org\/{rel}","templated":true}]}}