{"id":77601,"date":"2025-08-11T13:23:43","date_gmt":"2025-08-11T13:23:43","guid":{"rendered":"https:\/\/e.kosmolat.eu\/product\/hp-phyto-line-shampo-balm-2-in-1-green-tea-and-aloe-510-ml\/"},"modified":"2026-04-21T09:32:50","modified_gmt":"2026-04-21T09:32:50","slug":"hp-fito-linija-samp-balz-2-in-1-zala-teja-un-alveja-mitrinas-500-ml","status":"publish","type":"product","link":"https:\/\/e.kosmolat.eu\/lt\/produktas\/hp-fito-linija-samp-balz-2-in-1-zala-teja-un-alveja-mitrinas-500-ml\/","title":{"rendered":"HERB\u2019S PLANET Fito linija 2 in 1 dr\u0117kinamasis \u0161amp\u016bnas-kondicionierius su \u017eali\u0105ja arbata ir alavijai"},"content":{"rendered":"<p>\u0160amp\u016bnas-balzamas \u0161velniai valo galvos od\u0105 ir plaukus per vis\u0105 j\u0173 ilg\u012f nuo ne\u0161varum\u0173. Sud\u0117tyje yra \u017ealiosios arbatos ir alavij\u0173 ekstrakt\u0173, kurie pasi\u017eymi dr\u0117kinamosiomis savyb\u0117mis. Be silikon\u0173.<\/p>\n<p>Naudojimas: tepkite ant dr\u0117gn\u0173 plauk\u0173, \u012ftrinkite, nuplaukite \u0161iltu vandeniu.<\/p>\n<p>Atsargumo priemon\u0117s: tik i\u0161oriniam naudojimui. Patekus \u012f akis, nedelsiant praplaukite vandeniu. Galimas individualus jautrumas atskiriems komponentams.<\/p>\n<p>Laikymo s\u0105lygos: laikyti +5\u201325 \u00b0C temperat\u016broje, saugoti nuo tiesiogini\u0173 saul\u0117s spinduli\u0173, bent 0,5 m atstumu nuo \u012fjungt\u0173 \u0161ildymo prietais\u0173. Pakuot\u0119 i\u0161meskite kaip buitines atliekas.<\/p>\n<p>Geriausias: 30 m\u0117nesi\u0173 nuo pagaminimo datos.<\/p>\n","protected":false},"excerpt":{"rendered":"<p>\u0160amp\u016bnas-balzamas \u0161velniai valo galvos od\u0105 ir plaukus per vis\u0105 j\u0173 ilg\u012f nuo ne\u0161varum\u0173. Sud\u0117tyje yra \u017ealiosios arbatos ir alavij\u0173 ekstrakt\u0173, kurie pasi\u017eymi dr\u0117kinamosiomis savyb\u0117mis. Be silikon\u0173. Naudojimas: tepkite ant dr\u0117gn\u0173 plauk\u0173, \u012ftrinkite, nuplaukite \u0161iltu vandeniu. Atsargumo priemon\u0117s: tik i\u0161oriniam naudojimui. Patekus \u012f akis, nedelsiant praplaukite vandeniu. Galimas individualus jautrumas atskiriems komponentams. Laikymo s\u0105lygos: laikyti +5\u201325 [&#8230;]\n","protected":false},"featured_media":96202,"template":"","meta":[],"product_cat":[2181],"product_tag":[],"class_list":{"0":"post-77601","1":"product","2":"type-product","3":"status-publish","4":"has-post-thumbnail","6":"product_brand-supermash_ua-lt","7":"product_cat-bez-kategorijas-lt","9":"first","10":"instock","11":"taxable","12":"shipping-taxable","13":"product-type-simple"},"_links":{"self":[{"href":"https:\/\/e.kosmolat.eu\/lt\/wp-json\/wp\/v2\/product\/77601","targetHints":{"allow":["GET"]}}],"collection":[{"href":"https:\/\/e.kosmolat.eu\/lt\/wp-json\/wp\/v2\/product"}],"about":[{"href":"https:\/\/e.kosmolat.eu\/lt\/wp-json\/wp\/v2\/types\/product"}],"wp:featuredmedia":[{"embeddable":true,"href":"https:\/\/e.kosmolat.eu\/lt\/wp-json\/wp\/v2\/media\/96202"}],"wp:attachment":[{"href":"https:\/\/e.kosmolat.eu\/lt\/wp-json\/wp\/v2\/media?parent=77601"}],"wp:term":[{"taxonomy":"product_cat","embeddable":true,"href":"https:\/\/e.kosmolat.eu\/lt\/wp-json\/wp\/v2\/product_cat?post=77601"},{"taxonomy":"product_tag","embeddable":true,"href":"https:\/\/e.kosmolat.eu\/lt\/wp-json\/wp\/v2\/product_tag?post=77601"}],"curies":[{"name":"wp","href":"https:\/\/api.w.org\/{rel}","templated":true}]}}