{"id":77593,"date":"2025-08-11T10:21:13","date_gmt":"2025-08-11T10:21:13","guid":{"rendered":"https:\/\/e.kosmolat.eu\/product\/hp-phyto-line-shower-cream-gel-berry-mix-510-ml\/"},"modified":"2026-04-22T10:07:24","modified_gmt":"2026-04-22T10:07:24","slug":"hp-fito-linija-dusas-zel-ogu-maisijums-svaigums-un-kops-510-ml","status":"publish","type":"product","link":"https:\/\/e.kosmolat.eu\/lt\/produktas\/hp-fito-linija-dusas-zel-ogu-maisijums-svaigums-un-kops-510-ml\/","title":{"rendered":"HERB\u2019S PLANET Fito linija du\u0161o \u017eel\u0117 \u201eUog\u0173 mi\u0161inys\u201c Gaivumas ir prie\u017ei\u016bra, 510 ml"},"content":{"rendered":"<p>Du\u0161o \u017eel\u0117 su juod\u0173j\u0173 serbent\u0173 ir vy\u0161ni\u0173 ekstraktais \u0161velniai valo od\u0105, palieka \u0161varos ir gaivumo poj\u016bt\u012f,  saldus, uog\u0173 aromatas.<\/p>\n<p>Naudojimas: u\u017etepkite gelio ant dr\u0117gnos odos, \u012ftrinkite, nuplaukite \u0161iltu vandeniu.<\/p>\n<p>Atsargumo priemon\u0117s: tik i\u0161oriniam naudojimui. Patekus \u012f akis, nedelsiant praplaukite vandeniu. Galimas individualus jautrumas atskiriems komponentams.<\/p>\n<p>Laikymo s\u0105lygos: laikyti +5\u201325 \u00b0C temperat\u016broje, saugoti nuo tiesiogini\u0173 saul\u0117s spinduli\u0173, bent 0,5 m atstumu nuo \u012fjungt\u0173 \u0161ildymo prietais\u0173. Pakuot\u0119 i\u0161meskite kaip buitines atliekas.<\/p>\n<p>Geriausias: 30 m\u0117nesi\u0173 nuo pagaminimo datos.<\/p>\n","protected":false},"excerpt":{"rendered":"<p>Du\u0161o \u017eel\u0117 su juod\u0173j\u0173 serbent\u0173 ir vy\u0161ni\u0173 ekstraktais \u0161velniai valo od\u0105, palieka \u0161varos ir gaivumo poj\u016bt\u012f, saldus, uog\u0173 aromatas. Naudojimas: u\u017etepkite gelio ant dr\u0117gnos odos, \u012ftrinkite, nuplaukite \u0161iltu vandeniu. Atsargumo priemon\u0117s: tik i\u0161oriniam naudojimui. Patekus \u012f akis, nedelsiant praplaukite vandeniu. Galimas individualus jautrumas atskiriems komponentams. Laikymo s\u0105lygos: laikyti +5\u201325 \u00b0C temperat\u016broje, saugoti nuo tiesiogini\u0173 saul\u0117s [&#8230;]\n","protected":false},"featured_media":96210,"template":"","meta":[],"product_cat":[2181],"product_tag":[],"class_list":{"0":"post-77593","1":"product","2":"type-product","3":"status-publish","4":"has-post-thumbnail","6":"product_brand-supermash_ua-lt","7":"product_cat-bez-kategorijas-lt","9":"first","10":"instock","11":"taxable","12":"shipping-taxable","13":"product-type-simple"},"_links":{"self":[{"href":"https:\/\/e.kosmolat.eu\/lt\/wp-json\/wp\/v2\/product\/77593","targetHints":{"allow":["GET"]}}],"collection":[{"href":"https:\/\/e.kosmolat.eu\/lt\/wp-json\/wp\/v2\/product"}],"about":[{"href":"https:\/\/e.kosmolat.eu\/lt\/wp-json\/wp\/v2\/types\/product"}],"wp:featuredmedia":[{"embeddable":true,"href":"https:\/\/e.kosmolat.eu\/lt\/wp-json\/wp\/v2\/media\/96210"}],"wp:attachment":[{"href":"https:\/\/e.kosmolat.eu\/lt\/wp-json\/wp\/v2\/media?parent=77593"}],"wp:term":[{"taxonomy":"product_cat","embeddable":true,"href":"https:\/\/e.kosmolat.eu\/lt\/wp-json\/wp\/v2\/product_cat?post=77593"},{"taxonomy":"product_tag","embeddable":true,"href":"https:\/\/e.kosmolat.eu\/lt\/wp-json\/wp\/v2\/product_tag?post=77593"}],"curies":[{"name":"wp","href":"https:\/\/api.w.org\/{rel}","templated":true}]}}