{"id":77589,"date":"2025-08-11T08:20:52","date_gmt":"2025-08-11T08:20:52","guid":{"rendered":"https:\/\/e.kosmolat.eu\/product\/dsc-body-oil-retinol-4fl-oz-120ml-bottlebox\/"},"modified":"2026-04-17T06:14:56","modified_gmt":"2026-04-17T06:14:56","slug":"dsc-kermena-ella-ar-retinolu-120-ml","status":"publish","type":"product","link":"https:\/\/e.kosmolat.eu\/lt\/produktas\/dsc-kermena-ella-ar-retinolu-120-ml\/","title":{"rendered":"DEAD SEA COLLECTION K\u016bno sviestas su retinoliu, 120 ml"},"content":{"rendered":"<p>Odos prie\u017ei\u016bros priemon\u0117 su retinoliu. Unikali formul\u0117, praturtinta vitaminais A ir E, maitina ir mink\u0161tina od\u0105, padeda apsaugoti j\u0105 nuo laisv\u0173j\u0173 radikal\u0173, l\u0117tina sen\u0117jimo po\u017eymius ir suteikia odai jaunatvi\u0161k\u0105 bei gaiv\u0173 vaizd\u0105. <\/p>\n<p>Naudojimas: Gausiai u\u017etepkite ant viso k\u016bno ir masa\u017euokite sukamaisiais judesiais. Venkite patekimo \u012f akis. Naudoti tik pagal nurodymus. Tik i\u0161oriniam naudojimui. Nenaudoti ant pa\u017eeistos ar sudirgusios odos.<\/p>\n<p>Sud\u0117tyje yra vitamino A. Prie\u0161 naudojim\u0105 b\u016btina atsi\u017evelgti \u012f paros norm\u0105.<\/p>\n","protected":false},"excerpt":{"rendered":"<p>Odos prie\u017ei\u016bros priemon\u0117 su retinoliu. Unikali formul\u0117, praturtinta vitaminais A ir E, maitina ir mink\u0161tina od\u0105, padeda apsaugoti j\u0105 nuo laisv\u0173j\u0173 radikal\u0173, l\u0117tina sen\u0117jimo po\u017eymius ir suteikia odai jaunatvi\u0161k\u0105 bei gaiv\u0173 vaizd\u0105. Naudojimas: Gausiai u\u017etepkite ant viso k\u016bno ir masa\u017euokite sukamaisiais judesiais. Venkite patekimo \u012f akis. Naudoti tik pagal nurodymus. Tik i\u0161oriniam naudojimui. Nenaudoti ant [&#8230;]\n","protected":false},"featured_media":93950,"template":"","meta":[],"product_cat":[2181],"product_tag":[],"class_list":{"0":"post-77589","1":"product","2":"type-product","3":"status-publish","4":"has-post-thumbnail","6":"product_brand-dead-sea_il-lt","7":"product_cat-bez-kategorijas-lt","9":"first","10":"instock","11":"taxable","12":"shipping-taxable","13":"product-type-simple"},"_links":{"self":[{"href":"https:\/\/e.kosmolat.eu\/lt\/wp-json\/wp\/v2\/product\/77589","targetHints":{"allow":["GET"]}}],"collection":[{"href":"https:\/\/e.kosmolat.eu\/lt\/wp-json\/wp\/v2\/product"}],"about":[{"href":"https:\/\/e.kosmolat.eu\/lt\/wp-json\/wp\/v2\/types\/product"}],"wp:featuredmedia":[{"embeddable":true,"href":"https:\/\/e.kosmolat.eu\/lt\/wp-json\/wp\/v2\/media\/93950"}],"wp:attachment":[{"href":"https:\/\/e.kosmolat.eu\/lt\/wp-json\/wp\/v2\/media?parent=77589"}],"wp:term":[{"taxonomy":"product_cat","embeddable":true,"href":"https:\/\/e.kosmolat.eu\/lt\/wp-json\/wp\/v2\/product_cat?post=77589"},{"taxonomy":"product_tag","embeddable":true,"href":"https:\/\/e.kosmolat.eu\/lt\/wp-json\/wp\/v2\/product_tag?post=77589"}],"curies":[{"name":"wp","href":"https:\/\/api.w.org\/{rel}","templated":true}]}}