{"id":77585,"date":"2025-08-11T07:36:26","date_gmt":"2025-08-11T07:36:26","guid":{"rendered":"https:\/\/e.kosmolat.eu\/product\/dsc-naves-juras-sals-vannam-ar-eikalipta-ellu-970-g\/"},"modified":"2026-04-10T09:15:44","modified_gmt":"2026-04-10T09:15:44","slug":"dsc-naves-juras-sals-vannam-ar-eikalipta-ellu-970-g","status":"publish","type":"product","link":"https:\/\/e.kosmolat.eu\/lt\/produktas\/dsc-naves-juras-sals-vannam-ar-eikalipta-ellu-970-g\/","title":{"rendered":"DEAD SEA COLLECTION Negyvosios j\u016bros vonios druska su eukalipt\u0173 aliejumi, 970 g"},"content":{"rendered":"<p>Negyvosios j\u016bros vonios druska, praturtinta eukalipt\u0173 aliejumi, maitina od\u0105 ir padeda suma\u017einti nuovarg\u012f. Palepinkite save pilnaverte SPA proced\u016bra savo nam\u0173 jaukume.<\/p>\n<p>Naudojimas: I\u0161tirpinkite 1\/4 indelio \u0161iltame vandenyje. Maudykites vonioje 20 minu\u010di\u0173, tada nuplaukite \u0161iltu vandeniu. Atsipalaiduokite 30\u201360 minu\u010di\u0173, prie\u0161 gr\u012f\u017edami prie \u012fprastos veiklos.<\/p>\n<p>Atsargumo priemon\u0117s: Tik i\u0161oriniam naudojimui. Venkite patekimo \u012f akis. Saugokite vaikams nepasiekiamoje vietoje.<\/p>\n","protected":false},"excerpt":{"rendered":"<p>Negyvosios j\u016bros vonios druska, praturtinta eukalipt\u0173 aliejumi, maitina od\u0105 ir padeda suma\u017einti nuovarg\u012f. Palepinkite save pilnaverte SPA proced\u016bra savo nam\u0173 jaukume. Naudojimas: I\u0161tirpinkite 1\/4 indelio \u0161iltame vandenyje. Maudykites vonioje 20 minu\u010di\u0173, tada nuplaukite \u0161iltu vandeniu. Atsipalaiduokite 30\u201360 minu\u010di\u0173, prie\u0161 gr\u012f\u017edami prie \u012fprastos veiklos. Atsargumo priemon\u0117s: Tik i\u0161oriniam naudojimui. Venkite patekimo \u012f akis. Saugokite vaikams nepasiekiamoje [&#8230;]\n","protected":false},"featured_media":93922,"template":"","meta":[],"product_cat":[1612],"product_tag":[],"class_list":{"0":"post-77585","1":"product","2":"type-product","3":"status-publish","4":"has-post-thumbnail","6":"product_brand-dead-sea_il-lt","7":"product_cat-putos-druska-vonios-bombos","9":"first","10":"instock","11":"taxable","12":"shipping-taxable","13":"product-type-simple"},"_links":{"self":[{"href":"https:\/\/e.kosmolat.eu\/lt\/wp-json\/wp\/v2\/product\/77585","targetHints":{"allow":["GET"]}}],"collection":[{"href":"https:\/\/e.kosmolat.eu\/lt\/wp-json\/wp\/v2\/product"}],"about":[{"href":"https:\/\/e.kosmolat.eu\/lt\/wp-json\/wp\/v2\/types\/product"}],"wp:featuredmedia":[{"embeddable":true,"href":"https:\/\/e.kosmolat.eu\/lt\/wp-json\/wp\/v2\/media\/93922"}],"wp:attachment":[{"href":"https:\/\/e.kosmolat.eu\/lt\/wp-json\/wp\/v2\/media?parent=77585"}],"wp:term":[{"taxonomy":"product_cat","embeddable":true,"href":"https:\/\/e.kosmolat.eu\/lt\/wp-json\/wp\/v2\/product_cat?post=77585"},{"taxonomy":"product_tag","embeddable":true,"href":"https:\/\/e.kosmolat.eu\/lt\/wp-json\/wp\/v2\/product_tag?post=77585"}],"curies":[{"name":"wp","href":"https:\/\/api.w.org\/{rel}","templated":true}]}}