{"id":77581,"date":"2025-08-11T07:20:27","date_gmt":"2025-08-11T07:20:27","guid":{"rendered":"https:\/\/e.kosmolat.eu\/product\/dsc-kermena-skrubis-ar-himalaju-sali-660-g\/"},"modified":"2026-04-23T09:29:16","modified_gmt":"2026-04-23T09:29:16","slug":"dsc-kermena-skrubis-ar-himalaju-sali-660-g","status":"publish","type":"product","link":"https:\/\/e.kosmolat.eu\/lt\/produktas\/dsc-kermena-skrubis-ar-himalaju-sali-660-g\/","title":{"rendered":"DEAD SEA COLLECTION k\u016bno \u0161veitiklis u Himalaj\u0173 druska, 660 g"},"content":{"rendered":"<p>\u0160is maitinamasis \u0161veitiklis, praturtintas Himalaj\u0173 druska, Negyvosios j\u016bros mineralais ir eteriniais aliejais, \u0161velniai \u0161vei\u010dia od\u0105.<\/p>\n<p>Naudojimas: U\u017etepkite didel\u012f kiek\u012f ant dr\u0117gnos odos, masa\u017euokite sukamaisiais judesiais 1\u20132 minutes, tada nuplaukite \u0161iltu vandeniu.<\/p>\n<p>Atsargumo priemon\u0117s: Tik i\u0161oriniam naudojimui. Venkite patekimo \u012f akis. Saugokite vaikams nepasiekiamoje vietoje.<\/p>\n","protected":false},"excerpt":{"rendered":"<p>\u0160is maitinamasis \u0161veitiklis, praturtintas Himalaj\u0173 druska, Negyvosios j\u016bros mineralais ir eteriniais aliejais, \u0161velniai \u0161vei\u010dia od\u0105. Naudojimas: U\u017etepkite didel\u012f kiek\u012f ant dr\u0117gnos odos, masa\u017euokite sukamaisiais judesiais 1\u20132 minutes, tada nuplaukite \u0161iltu vandeniu. Atsargumo priemon\u0117s: Tik i\u0161oriniam naudojimui. Venkite patekimo \u012f akis. Saugokite vaikams nepasiekiamoje vietoje.<\/p>\n","protected":false},"featured_media":93906,"template":"","meta":[],"product_cat":[1359],"product_tag":[],"class_list":{"0":"post-77581","1":"product","2":"type-product","3":"status-publish","4":"has-post-thumbnail","6":"product_brand-dead-sea_il-lt","7":"product_cat-kuno-sveitikliai-ir-pilingai","9":"first","10":"instock","11":"taxable","12":"shipping-taxable","13":"product-type-simple"},"_links":{"self":[{"href":"https:\/\/e.kosmolat.eu\/lt\/wp-json\/wp\/v2\/product\/77581","targetHints":{"allow":["GET"]}}],"collection":[{"href":"https:\/\/e.kosmolat.eu\/lt\/wp-json\/wp\/v2\/product"}],"about":[{"href":"https:\/\/e.kosmolat.eu\/lt\/wp-json\/wp\/v2\/types\/product"}],"wp:featuredmedia":[{"embeddable":true,"href":"https:\/\/e.kosmolat.eu\/lt\/wp-json\/wp\/v2\/media\/93906"}],"wp:attachment":[{"href":"https:\/\/e.kosmolat.eu\/lt\/wp-json\/wp\/v2\/media?parent=77581"}],"wp:term":[{"taxonomy":"product_cat","embeddable":true,"href":"https:\/\/e.kosmolat.eu\/lt\/wp-json\/wp\/v2\/product_cat?post=77581"},{"taxonomy":"product_tag","embeddable":true,"href":"https:\/\/e.kosmolat.eu\/lt\/wp-json\/wp\/v2\/product_tag?post=77581"}],"curies":[{"name":"wp","href":"https:\/\/api.w.org\/{rel}","templated":true}]}}