{"id":77576,"date":"2025-08-08T14:20:52","date_gmt":"2025-08-08T14:20:52","guid":{"rendered":"https:\/\/e.kosmolat.eu\/product\/skin-care-mitr-un-baroj-kr-sejai-kakl-un-rokam-ar-hialuronsk-500-ml\/"},"modified":"2026-04-17T07:38:38","modified_gmt":"2026-04-17T07:38:38","slug":"skin-care-mitr-un-baroj-kr-sejai-kakl-un-rokam-ar-hialuronsk-500-ml","status":"publish","type":"product","link":"https:\/\/e.kosmolat.eu\/lt\/produktas\/skin-care-mitr-un-baroj-kr-sejai-kakl-un-rokam-ar-hialuronsk-500-ml\/","title":{"rendered":"SKIN CARE Dr\u0117kinamasis ir maitinamasis veido, kaklo ir rank\u0173 kremas su hialurono r\u016bg\u0161timi, 500 ml"},"content":{"rendered":"<p>\u0160velnus ir lengvai \u012fsigeriantis kremas. Kremas, praturtintas hialurono r\u016bg\u0161timi, pad\u0117s dr\u0117kinti ir maitinti od\u0105, tod\u0117l ji taps mink\u0161ta, elastinga ir atnaujinta.<\/p>\n<p>Naudojimo instrukcijos: U\u017etepkite pakankam\u0105 kiek\u012f kremo ant \u0161varios veido, kaklo ar rank\u0173 odos. \u0160velniai \u012fmasa\u017euokite sukamaisiais judesiais, kol visi\u0161kai \u012fsigers.<\/p>\n","protected":false},"excerpt":{"rendered":"<p>\u0160velnus ir lengvai \u012fsigeriantis kremas. Kremas, praturtintas hialurono r\u016bg\u0161timi, pad\u0117s dr\u0117kinti ir maitinti od\u0105, tod\u0117l ji taps mink\u0161ta, elastinga ir atnaujinta. Naudojimo instrukcijos: U\u017etepkite pakankam\u0105 kiek\u012f kremo ant \u0161varios veido, kaklo ar rank\u0173 odos. \u0160velniai \u012fmasa\u017euokite sukamaisiais judesiais, kol visi\u0161kai \u012fsigers.<\/p>\n","protected":false},"featured_media":93926,"template":"","meta":[],"product_cat":[2181],"product_tag":[],"class_list":{"0":"post-77576","1":"product","2":"type-product","3":"status-publish","4":"has-post-thumbnail","6":"product_brand-dead-sea_il-lt","7":"product_cat-bez-kategorijas-lt","9":"first","10":"instock","11":"taxable","12":"shipping-taxable","13":"product-type-simple"},"_links":{"self":[{"href":"https:\/\/e.kosmolat.eu\/lt\/wp-json\/wp\/v2\/product\/77576","targetHints":{"allow":["GET"]}}],"collection":[{"href":"https:\/\/e.kosmolat.eu\/lt\/wp-json\/wp\/v2\/product"}],"about":[{"href":"https:\/\/e.kosmolat.eu\/lt\/wp-json\/wp\/v2\/types\/product"}],"wp:featuredmedia":[{"embeddable":true,"href":"https:\/\/e.kosmolat.eu\/lt\/wp-json\/wp\/v2\/media\/93926"}],"wp:attachment":[{"href":"https:\/\/e.kosmolat.eu\/lt\/wp-json\/wp\/v2\/media?parent=77576"}],"wp:term":[{"taxonomy":"product_cat","embeddable":true,"href":"https:\/\/e.kosmolat.eu\/lt\/wp-json\/wp\/v2\/product_cat?post=77576"},{"taxonomy":"product_tag","embeddable":true,"href":"https:\/\/e.kosmolat.eu\/lt\/wp-json\/wp\/v2\/product_tag?post=77576"}],"curies":[{"name":"wp","href":"https:\/\/api.w.org\/{rel}","templated":true}]}}