{"id":77572,"date":"2025-08-08T13:22:01","date_gmt":"2025-08-08T13:22:01","guid":{"rendered":"https:\/\/e.kosmolat.eu\/product\/skincare-vitamin-c-serum\/"},"modified":"2026-05-09T05:54:04","modified_gmt":"2026-05-09T05:54:04","slug":"skin-care-sejas-serums-c-vitamins-50-ml","status":"publish","type":"product","link":"https:\/\/e.kosmolat.eu\/lt\/produktas\/skin-care-sejas-serums-c-vitamins-50-ml\/","title":{"rendered":"SKIN CARE veido serumas, Vitaminas C,  50 ml"},"content":{"rendered":"<p>Vitaminas C yra \u017einomas kaip galingas antioksidantas, stimuliuojantis kolageno sintez\u0119. \u0160i sodri ir intensyvi formul\u0117, praturtinta Negyvosios j\u016bros mineralais ir vitaminais, padeda pagerinti odos i\u0161vaizd\u0105, tod\u0117l ji tampa stangresn\u0117 ir lygesn\u0117.<\/p>\n<p>Naudojimo instrukcijos: tepkite ryte ir vakare prie\u0161 naudodami dienin\u012f arba naktin\u012f krem\u0105. \u012emasa\u017euokite \u012f od\u0105  kylan\u010diais judesiais.<\/p>\n<p>\u012esp\u0117jimas: sud\u0117tyje yra vitamino A. Prie\u0161 naudojant atsi\u017evelgti \u012f paros doz\u0119.<\/p>\n","protected":false},"excerpt":{"rendered":"<p>Vitaminas C yra \u017einomas kaip galingas antioksidantas, stimuliuojantis kolageno sintez\u0119. \u0160i sodri ir intensyvi formul\u0117, praturtinta Negyvosios j\u016bros mineralais ir vitaminais, padeda pagerinti odos i\u0161vaizd\u0105, tod\u0117l ji tampa stangresn\u0117 ir lygesn\u0117. Naudojimo instrukcijos: tepkite ryte ir vakare prie\u0161 naudodami dienin\u012f arba naktin\u012f krem\u0105. \u012emasa\u017euokite \u012f od\u0105 kylan\u010diais judesiais. \u012esp\u0117jimas: sud\u0117tyje yra vitamino A. Prie\u0161 naudojant [&#8230;]\n","protected":false},"featured_media":96026,"template":"","meta":[],"product_cat":[1327],"product_tag":[],"class_list":{"0":"post-77572","1":"product","2":"type-product","3":"status-publish","4":"has-post-thumbnail","6":"product_brand-dead-sea_il-lt","7":"product_cat-serumai","9":"first","10":"instock","11":"taxable","12":"shipping-taxable","13":"product-type-simple"},"_links":{"self":[{"href":"https:\/\/e.kosmolat.eu\/lt\/wp-json\/wp\/v2\/product\/77572","targetHints":{"allow":["GET"]}}],"collection":[{"href":"https:\/\/e.kosmolat.eu\/lt\/wp-json\/wp\/v2\/product"}],"about":[{"href":"https:\/\/e.kosmolat.eu\/lt\/wp-json\/wp\/v2\/types\/product"}],"wp:featuredmedia":[{"embeddable":true,"href":"https:\/\/e.kosmolat.eu\/lt\/wp-json\/wp\/v2\/media\/96026"}],"wp:attachment":[{"href":"https:\/\/e.kosmolat.eu\/lt\/wp-json\/wp\/v2\/media?parent=77572"}],"wp:term":[{"taxonomy":"product_cat","embeddable":true,"href":"https:\/\/e.kosmolat.eu\/lt\/wp-json\/wp\/v2\/product_cat?post=77572"},{"taxonomy":"product_tag","embeddable":true,"href":"https:\/\/e.kosmolat.eu\/lt\/wp-json\/wp\/v2\/product_tag?post=77572"}],"curies":[{"name":"wp","href":"https:\/\/api.w.org\/{rel}","templated":true}]}}