{"id":77568,"date":"2025-08-08T13:06:50","date_gmt":"2025-08-08T13:06:50","guid":{"rendered":"https:\/\/e.kosmolat.eu\/product\/dsc-collagen-facial-serum-1-69fl-oz-50ml-bottleic\/"},"modified":"2026-05-09T01:22:18","modified_gmt":"2026-05-09T01:22:18","slug":"skin-care-sejas-serums-kolagens-50-ml","status":"publish","type":"product","link":"https:\/\/e.kosmolat.eu\/lt\/produktas\/skin-care-sejas-serums-kolagens-50-ml\/","title":{"rendered":"SKIN CARE veido serumas, Kolagenas, 50 ml"},"content":{"rendered":"<p>Turtinga ir intensyvi koncentruoto kolageno serumo formul\u0117 sukurta skatinti \u0161io strukt\u016brinio baltymo, atsakingo u\u017e odos jaunatvi\u0161kum\u0105 ir elastingum\u0105, gamyb\u0105, taip pat padeda kovoti su rauk\u0161l\u0117mis. D\u0117l veiksming\u0173 ingredient\u0173 Negyvosios j\u016bros mineralai ir kolagenas prisideda prie odos lygumo ir jaunatvi\u0161kumo.<\/p>\n<p>Naudojimo instrukcijos: tepkite ryte ir vakare prie\u0161 naudodami dienin\u012f arba naktin\u012f krem\u0105. \u012emasa\u017euokite \u012f od\u0105  kylan\u010diais judesiais.<\/p>\n<p>\u012esp\u0117jimas: sud\u0117tyje yra vitamino A. Prie\u0161 naudojant atsi\u017evelgti \u012f paros doz\u0119.<\/p>\n","protected":false},"excerpt":{"rendered":"<p>Turtinga ir intensyvi koncentruoto kolageno serumo formul\u0117 sukurta skatinti \u0161io strukt\u016brinio baltymo, atsakingo u\u017e odos jaunatvi\u0161kum\u0105 ir elastingum\u0105, gamyb\u0105, taip pat padeda kovoti su rauk\u0161l\u0117mis. D\u0117l veiksming\u0173 ingredient\u0173 Negyvosios j\u016bros mineralai ir kolagenas prisideda prie odos lygumo ir jaunatvi\u0161kumo. Naudojimo instrukcijos: tepkite ryte ir vakare prie\u0161 naudodami dienin\u012f arba naktin\u012f krem\u0105. \u012emasa\u017euokite \u012f od\u0105 kylan\u010diais [&#8230;]\n","protected":false},"featured_media":93874,"template":"","meta":[],"product_cat":[1327],"product_tag":[],"class_list":{"0":"post-77568","1":"product","2":"type-product","3":"status-publish","4":"has-post-thumbnail","6":"product_brand-dead-sea_il-lt","7":"product_cat-serumai","9":"first","10":"instock","11":"taxable","12":"shipping-taxable","13":"product-type-simple"},"_links":{"self":[{"href":"https:\/\/e.kosmolat.eu\/lt\/wp-json\/wp\/v2\/product\/77568","targetHints":{"allow":["GET"]}}],"collection":[{"href":"https:\/\/e.kosmolat.eu\/lt\/wp-json\/wp\/v2\/product"}],"about":[{"href":"https:\/\/e.kosmolat.eu\/lt\/wp-json\/wp\/v2\/types\/product"}],"wp:featuredmedia":[{"embeddable":true,"href":"https:\/\/e.kosmolat.eu\/lt\/wp-json\/wp\/v2\/media\/93874"}],"wp:attachment":[{"href":"https:\/\/e.kosmolat.eu\/lt\/wp-json\/wp\/v2\/media?parent=77568"}],"wp:term":[{"taxonomy":"product_cat","embeddable":true,"href":"https:\/\/e.kosmolat.eu\/lt\/wp-json\/wp\/v2\/product_cat?post=77568"},{"taxonomy":"product_tag","embeddable":true,"href":"https:\/\/e.kosmolat.eu\/lt\/wp-json\/wp\/v2\/product_tag?post=77568"}],"curies":[{"name":"wp","href":"https:\/\/api.w.org\/{rel}","templated":true}]}}