{"id":77564,"date":"2025-08-08T11:50:49","date_gmt":"2025-08-08T11:50:49","guid":{"rendered":"https:\/\/e.kosmolat.eu\/product\/dsc-almond-vanilla-body-wash-33-8fl-oz-1000ml\/"},"modified":"2026-04-16T10:18:05","modified_gmt":"2026-04-16T10:18:05","slug":"dsc-nomierin-un-atjaun-mand-vanil-dusas-zeleja-1-l","status":"publish","type":"product","link":"https:\/\/e.kosmolat.eu\/lt\/produktas\/dsc-nomierin-un-atjaun-mand-vanil-dusas-zeleja-1-l\/","title":{"rendered":"DEAD SEA COLLECTION Du\u0161o \u017eel\u0117 su migdolais ir vanile, 1 l"},"content":{"rendered":"<p>\u0160velnus du\u0161o gelis su maitinamaisiais Negyvosios j\u016bros mineralais ir migdol\u0173 bei vanil\u0117s ekstraktais atgaivina od\u0105 ir atkuria jos \u0161velnum\u0105. Pa\u0161alina ne\u0161varumus nesausindamas odos, palikdamas lengv\u0105 aromat\u0105.<\/p>\n<p>Naudojimas: Naudokite vonioje arba du\u0161e. Nuplaukite \u0161iltu vandeniu.<\/p>\n","protected":false},"excerpt":{"rendered":"<p>\u0160velnus du\u0161o gelis su maitinamaisiais Negyvosios j\u016bros mineralais ir migdol\u0173 bei vanil\u0117s ekstraktais atgaivina od\u0105 ir atkuria jos \u0161velnum\u0105. Pa\u0161alina ne\u0161varumus nesausindamas odos, palikdamas lengv\u0105 aromat\u0105. Naudojimas: Naudokite vonioje arba du\u0161e. Nuplaukite \u0161iltu vandeniu.<\/p>\n","protected":false},"featured_media":93942,"template":"","meta":[],"product_cat":[1282],"product_tag":[],"class_list":{"0":"post-77564","1":"product","2":"type-product","3":"status-publish","4":"has-post-thumbnail","6":"product_brand-dead-sea_il-lt","7":"product_cat-duso-geliai-ir-duso-aliejai","9":"first","10":"instock","11":"taxable","12":"shipping-taxable","13":"product-type-simple"},"_links":{"self":[{"href":"https:\/\/e.kosmolat.eu\/lt\/wp-json\/wp\/v2\/product\/77564","targetHints":{"allow":["GET"]}}],"collection":[{"href":"https:\/\/e.kosmolat.eu\/lt\/wp-json\/wp\/v2\/product"}],"about":[{"href":"https:\/\/e.kosmolat.eu\/lt\/wp-json\/wp\/v2\/types\/product"}],"wp:featuredmedia":[{"embeddable":true,"href":"https:\/\/e.kosmolat.eu\/lt\/wp-json\/wp\/v2\/media\/93942"}],"wp:attachment":[{"href":"https:\/\/e.kosmolat.eu\/lt\/wp-json\/wp\/v2\/media?parent=77564"}],"wp:term":[{"taxonomy":"product_cat","embeddable":true,"href":"https:\/\/e.kosmolat.eu\/lt\/wp-json\/wp\/v2\/product_cat?post=77564"},{"taxonomy":"product_tag","embeddable":true,"href":"https:\/\/e.kosmolat.eu\/lt\/wp-json\/wp\/v2\/product_tag?post=77564"}],"curies":[{"name":"wp","href":"https:\/\/api.w.org\/{rel}","templated":true}]}}