{"id":77560,"date":"2025-08-08T10:21:02","date_gmt":"2025-08-08T10:21:02","guid":{"rendered":"https:\/\/e.kosmolat.eu\/product\/dsc-cherry-blossom-oil-body-wash-33-8fl-oz-1000ml\/"},"modified":"2026-04-08T07:10:19","modified_gmt":"2026-04-08T07:10:19","slug":"dsc-mineral-dusas-zel-ar-kirsu-ziedu-ellu-un-naves-jur-miner-1-l","status":"publish","type":"product","link":"https:\/\/e.kosmolat.eu\/lt\/produktas\/dsc-mineral-dusas-zel-ar-kirsu-ziedu-ellu-un-naves-jur-miner-1-l\/","title":{"rendered":"DEAD SEA COLLECTION Mineralinis du\u0161o gelis su vy\u0161ni\u0173 \u017eied\u0173 aliejumi ir Negyvosios j\u016bros mineralais,"},"content":{"rendered":"<p>\u0160velnus du\u0161o gelis su maitinamaisiais Negyvosios j\u016bros mineralais ir vy\u0161ni\u0173 \u017eied\u0173 aliejumi, skatina atsipalaidavim\u0105, r\u016bpinasi oda, atgaivina ir atkuria jos \u0161velnum\u0105. Pa\u0161alina ne\u0161varumus ir toksinus nesausindamas odos ir palieka lengv\u0105 aromat\u0105.<\/p>\n<p>Naudojimas: Naudokite vonioje arba du\u0161e. Nuplaukite \u0161iltu vandeniu.<\/p>\n","protected":false},"excerpt":{"rendered":"<p>\u0160velnus du\u0161o gelis su maitinamaisiais Negyvosios j\u016bros mineralais ir vy\u0161ni\u0173 \u017eied\u0173 aliejumi, skatina atsipalaidavim\u0105, r\u016bpinasi oda, atgaivina ir atkuria jos \u0161velnum\u0105. Pa\u0161alina ne\u0161varumus ir toksinus nesausindamas odos ir palieka lengv\u0105 aromat\u0105. Naudojimas: Naudokite vonioje arba du\u0161e. Nuplaukite \u0161iltu vandeniu.<\/p>\n","protected":false},"featured_media":93946,"template":"","meta":[],"product_cat":[2181],"product_tag":[],"class_list":{"0":"post-77560","1":"product","2":"type-product","3":"status-publish","4":"has-post-thumbnail","6":"product_brand-dead-sea_il-lt","7":"product_cat-bez-kategorijas-lt","9":"first","10":"instock","11":"taxable","12":"shipping-taxable","13":"product-type-simple"},"_links":{"self":[{"href":"https:\/\/e.kosmolat.eu\/lt\/wp-json\/wp\/v2\/product\/77560","targetHints":{"allow":["GET"]}}],"collection":[{"href":"https:\/\/e.kosmolat.eu\/lt\/wp-json\/wp\/v2\/product"}],"about":[{"href":"https:\/\/e.kosmolat.eu\/lt\/wp-json\/wp\/v2\/types\/product"}],"wp:featuredmedia":[{"embeddable":true,"href":"https:\/\/e.kosmolat.eu\/lt\/wp-json\/wp\/v2\/media\/93946"}],"wp:attachment":[{"href":"https:\/\/e.kosmolat.eu\/lt\/wp-json\/wp\/v2\/media?parent=77560"}],"wp:term":[{"taxonomy":"product_cat","embeddable":true,"href":"https:\/\/e.kosmolat.eu\/lt\/wp-json\/wp\/v2\/product_cat?post=77560"},{"taxonomy":"product_tag","embeddable":true,"href":"https:\/\/e.kosmolat.eu\/lt\/wp-json\/wp\/v2\/product_tag?post=77560"}],"curies":[{"name":"wp","href":"https:\/\/api.w.org\/{rel}","templated":true}]}}