{"id":77556,"date":"2025-08-08T10:20:48","date_gmt":"2025-08-08T10:20:48","guid":{"rendered":"https:\/\/e.kosmolat.eu\/product\/body-wash-cherry-blossom\/"},"modified":"2026-04-20T12:25:56","modified_gmt":"2026-04-20T12:25:56","slug":"dsc-mineralu-dusas-zel-ar-kirsu-ziedu-ellu-un-naves-jur-mineral-1l","status":"publish","type":"product","link":"https:\/\/e.kosmolat.eu\/lt\/produktas\/dsc-mineralu-dusas-zel-ar-kirsu-ziedu-ellu-un-naves-jur-mineral-1l\/","title":{"rendered":"DEAD SEA COLLECTION Du\u0161o \u017eel\u0117 su vy\u0161ni\u0173 \u017eied\u0173 aliejumi, 1 l"},"content":{"rendered":"<p>\u0160velnus du\u0161o \u017eel\u0117 su maitinamaisiais Negyvosios j\u016bros mineralais ir vy\u0161ni\u0173 \u017eied\u0173 aliejumi atgaivina od\u0105 ir atkuria jos \u0161velnum\u0105. Pa\u0161alina ne\u0161varumus nesausindamas odos ir palieka lengv\u0105 kvap\u0105.<\/p>\n<p>Naudojimas: Naudokite vonioje arba du\u0161e. Nuplaukite \u0161iltu vandeniu.<\/p>\n","protected":false},"excerpt":{"rendered":"<p>\u0160velnus du\u0161o \u017eel\u0117 su maitinamaisiais Negyvosios j\u016bros mineralais ir vy\u0161ni\u0173 \u017eied\u0173 aliejumi atgaivina od\u0105 ir atkuria jos \u0161velnum\u0105. Pa\u0161alina ne\u0161varumus nesausindamas odos ir palieka lengv\u0105 kvap\u0105. Naudojimas: Naudokite vonioje arba du\u0161e. Nuplaukite \u0161iltu vandeniu.<\/p>\n","protected":false},"featured_media":93934,"template":"","meta":[],"product_cat":[1282],"product_tag":[],"class_list":{"0":"post-77556","1":"product","2":"type-product","3":"status-publish","4":"has-post-thumbnail","6":"product_brand-dead-sea_il-lt","7":"product_cat-duso-geliai-ir-duso-aliejai","9":"first","10":"instock","11":"taxable","12":"shipping-taxable","13":"product-type-simple"},"_links":{"self":[{"href":"https:\/\/e.kosmolat.eu\/lt\/wp-json\/wp\/v2\/product\/77556","targetHints":{"allow":["GET"]}}],"collection":[{"href":"https:\/\/e.kosmolat.eu\/lt\/wp-json\/wp\/v2\/product"}],"about":[{"href":"https:\/\/e.kosmolat.eu\/lt\/wp-json\/wp\/v2\/types\/product"}],"wp:featuredmedia":[{"embeddable":true,"href":"https:\/\/e.kosmolat.eu\/lt\/wp-json\/wp\/v2\/media\/93934"}],"wp:attachment":[{"href":"https:\/\/e.kosmolat.eu\/lt\/wp-json\/wp\/v2\/media?parent=77556"}],"wp:term":[{"taxonomy":"product_cat","embeddable":true,"href":"https:\/\/e.kosmolat.eu\/lt\/wp-json\/wp\/v2\/product_cat?post=77556"},{"taxonomy":"product_tag","embeddable":true,"href":"https:\/\/e.kosmolat.eu\/lt\/wp-json\/wp\/v2\/product_tag?post=77556"}],"curies":[{"name":"wp","href":"https:\/\/api.w.org\/{rel}","templated":true}]}}