{"id":77552,"date":"2025-08-08T09:20:48","date_gmt":"2025-08-08T09:20:48","guid":{"rendered":"https:\/\/e.kosmolat.eu\/product\/curly-hair-biotin-hair-oil-4fl-oz-120ml-bottle\/"},"modified":"2026-04-20T13:40:51","modified_gmt":"2026-04-20T13:40:51","slug":"dsc-pro-growth-biotin-mitrinosa-matu-ella-120-ml","status":"publish","type":"product","link":"https:\/\/e.kosmolat.eu\/lt\/produktas\/dsc-pro-growth-biotin-mitrinosa-matu-ella-120-ml\/","title":{"rendered":"DEAD SEA COLLECTION Pro Growth Biotin dr\u0117kinamasis plauk\u0173 aliejus, 120 ml"},"content":{"rendered":"<p>Aliejus su biotinu padeda dr\u0117kinti plaukus, tod\u0117l jie tampa glotn\u016bs, \u017evilgantys ir pamaitinti. Biotinas padeda i\u0161laikyti plauk\u0173 mink\u0161tum\u0105 ir dr\u0117gm\u0119, palengvina formavim\u0105 ir suteikia blizgesio. \u0160is B grup\u0117s vitamin\u0173 \u0161eimos komponentas atlieka svarb\u0173 vaidmen\u012f palaikant sveikus plaukus.<\/p>\n<p>Naudojimas: u\u017etepkite nedidel\u012f kiek\u012f ir paskirstykite pervis\u0105 plauk\u0173 ilg\u012f iki gliuk\u0173.<\/p>\n","protected":false},"excerpt":{"rendered":"<p>Aliejus su biotinu padeda dr\u0117kinti plaukus, tod\u0117l jie tampa glotn\u016bs, \u017evilgantys ir pamaitinti. Biotinas padeda i\u0161laikyti plauk\u0173 mink\u0161tum\u0105 ir dr\u0117gm\u0119, palengvina formavim\u0105 ir suteikia blizgesio. \u0160is B grup\u0117s vitamin\u0173 \u0161eimos komponentas atlieka svarb\u0173 vaidmen\u012f palaikant sveikus plaukus. Naudojimas: u\u017etepkite nedidel\u012f kiek\u012f ir paskirstykite pervis\u0105 plauk\u0173 ilg\u012f iki gliuk\u0173.<\/p>\n","protected":false},"featured_media":93930,"template":"","meta":[],"product_cat":[1653],"product_tag":[],"class_list":{"0":"post-77552","1":"product","2":"type-product","3":"status-publish","4":"has-post-thumbnail","6":"product_brand-dead-sea_il-lt","7":"product_cat-geliai-kremai-aliejai-ir-kt","9":"first","10":"instock","11":"taxable","12":"shipping-taxable","13":"product-type-simple"},"_links":{"self":[{"href":"https:\/\/e.kosmolat.eu\/lt\/wp-json\/wp\/v2\/product\/77552","targetHints":{"allow":["GET"]}}],"collection":[{"href":"https:\/\/e.kosmolat.eu\/lt\/wp-json\/wp\/v2\/product"}],"about":[{"href":"https:\/\/e.kosmolat.eu\/lt\/wp-json\/wp\/v2\/types\/product"}],"wp:featuredmedia":[{"embeddable":true,"href":"https:\/\/e.kosmolat.eu\/lt\/wp-json\/wp\/v2\/media\/93930"}],"wp:attachment":[{"href":"https:\/\/e.kosmolat.eu\/lt\/wp-json\/wp\/v2\/media?parent=77552"}],"wp:term":[{"taxonomy":"product_cat","embeddable":true,"href":"https:\/\/e.kosmolat.eu\/lt\/wp-json\/wp\/v2\/product_cat?post=77552"},{"taxonomy":"product_tag","embeddable":true,"href":"https:\/\/e.kosmolat.eu\/lt\/wp-json\/wp\/v2\/product_tag?post=77552"}],"curies":[{"name":"wp","href":"https:\/\/api.w.org\/{rel}","templated":true}]}}