{"id":77548,"date":"2025-08-08T08:50:51","date_gmt":"2025-08-08T08:50:51","guid":{"rendered":"https:\/\/e.kosmolat.eu\/product\/dsc-bitin-hair-mask-16-9fl-oz-500ml-jar\/"},"modified":"2026-04-23T09:29:01","modified_gmt":"2026-04-23T09:29:01","slug":"dsc-biotin-matu-maska-ar-biotinu-un-naves-juras-miner-500-ml","status":"publish","type":"product","link":"https:\/\/e.kosmolat.eu\/lt\/produktas\/dsc-biotin-matu-maska-ar-biotinu-un-naves-juras-miner-500-ml\/","title":{"rendered":"DEAD SEA COLLECTION Biotin Kauk\u0117 plaukams su biotinu ir Negyvosios j\u016bros mineralais, 500 ml"},"content":{"rendered":"<p>Formul\u0117, praturtinta Negyvosios j\u016bros mineralais ir rozmarinais bei m\u0117tomis, padeda dr\u0117kinti ir maitinti plaukus, suteikia jiems blizgesio, apimties ir spindesio.<\/p>\n<p>Naudojimas: Tepkite ant plauk\u0173 ilgio po trinkimo \u0161amp\u016bnu. Palaikykite 3\u20135 minutes, tada nuplaukite.<\/p>\n","protected":false},"excerpt":{"rendered":"<p>Formul\u0117, praturtinta Negyvosios j\u016bros mineralais ir rozmarinais bei m\u0117tomis, padeda dr\u0117kinti ir maitinti plaukus, suteikia jiems blizgesio, apimties ir spindesio. Naudojimas: Tepkite ant plauk\u0173 ilgio po trinkimo \u0161amp\u016bnu. Palaikykite 3\u20135 minutes, tada nuplaukite.<\/p>\n","protected":false},"featured_media":93902,"template":"","meta":[],"product_cat":[1256],"product_tag":[],"class_list":{"0":"post-77548","1":"product","2":"type-product","3":"status-publish","4":"has-post-thumbnail","6":"product_brand-dead-sea_il-lt","7":"product_cat-plauku-kaukes","9":"first","10":"instock","11":"taxable","12":"shipping-taxable","13":"product-type-simple"},"_links":{"self":[{"href":"https:\/\/e.kosmolat.eu\/lt\/wp-json\/wp\/v2\/product\/77548","targetHints":{"allow":["GET"]}}],"collection":[{"href":"https:\/\/e.kosmolat.eu\/lt\/wp-json\/wp\/v2\/product"}],"about":[{"href":"https:\/\/e.kosmolat.eu\/lt\/wp-json\/wp\/v2\/types\/product"}],"wp:featuredmedia":[{"embeddable":true,"href":"https:\/\/e.kosmolat.eu\/lt\/wp-json\/wp\/v2\/media\/93902"}],"wp:attachment":[{"href":"https:\/\/e.kosmolat.eu\/lt\/wp-json\/wp\/v2\/media?parent=77548"}],"wp:term":[{"taxonomy":"product_cat","embeddable":true,"href":"https:\/\/e.kosmolat.eu\/lt\/wp-json\/wp\/v2\/product_cat?post=77548"},{"taxonomy":"product_tag","embeddable":true,"href":"https:\/\/e.kosmolat.eu\/lt\/wp-json\/wp\/v2\/product_tag?post=77548"}],"curies":[{"name":"wp","href":"https:\/\/api.w.org\/{rel}","templated":true}]}}