{"id":77544,"date":"2025-08-08T04:07:39","date_gmt":"2025-08-08T04:07:39","guid":{"rendered":"https:\/\/e.kosmolat.eu\/product\/pasta-del-capitano-1905-zobu-pasta-ar-dab-zalu-ekstr-un-alpu-piparm-75-ml\/"},"modified":"2026-03-31T08:12:01","modified_gmt":"2026-03-31T08:12:01","slug":"pasta-del-capitano-1905-zobu-pasta-ar-dab-zalu-ekstr-un-alpu-piparm-75-ml","status":"publish","type":"product","link":"https:\/\/e.kosmolat.eu\/lt\/produktas\/pasta-del-capitano-1905-zobu-pasta-ar-dab-zalu-ekstr-un-alpu-piparm-75-ml\/","title":{"rendered":"PASTA DEL CAPITANO 1905 Dant\u0173 pasta su nat\u016brali\u0173 \u017eoleli\u0173 ir alpini\u0173 m\u0117t\u0173 ekstraktais, 75 ml"},"content":{"rendered":"<p>Nat\u016brali formul\u0117 su augal\u0173 ekstraktais burnos higienai. Su azijini\u0173 centeli\u0173, e\u017eiuoli\u0173, gudobeli\u0173 ir islandini\u0173 saman\u0173 ekstraktais.<\/p>\n<p>Atsargumo priemon\u0117s: Sud\u0117tyje yra natrio fluorido. Vaikams iki 6 m. naudokite \u017eirnio dyd\u017eio kiek\u012f, steb\u0117kite, kad nenuryt\u0173. Jeigu vartojami produktai, kuri\u0173 sud\u0117tyje yra fluorido, pasitarkite su odontologu arba gydytoju. Po naudojimo sandariai u\u017esukite t\u016bbel\u0119. Pasirei\u0161kus alergijai, nutraukite naudojim\u0105. <\/p>\n<p>Tinkamumo naudoti terminas po atidarymo yra nurodytas m\u0117nesiais, kuomet produktas laikomas teisingai ir normaliomis, numatytomis naudojimo s\u0105lygomis.<\/p>\n","protected":false},"excerpt":{"rendered":"<p>Nat\u016brali formul\u0117 su augal\u0173 ekstraktais burnos higienai. Su azijini\u0173 centeli\u0173, e\u017eiuoli\u0173, gudobeli\u0173 ir islandini\u0173 saman\u0173 ekstraktais. Atsargumo priemon\u0117s: Sud\u0117tyje yra natrio fluorido. Vaikams iki 6 m. naudokite \u017eirnio dyd\u017eio kiek\u012f, steb\u0117kite, kad nenuryt\u0173. Jeigu vartojami produktai, kuri\u0173 sud\u0117tyje yra fluorido, pasitarkite su odontologu arba gydytoju. Po naudojimo sandariai u\u017esukite t\u016bbel\u0119. Pasirei\u0161kus alergijai, nutraukite naudojim\u0105. Tinkamumo [&#8230;]\n","protected":false},"featured_media":96126,"template":"","meta":[],"product_cat":[1308],"product_tag":[],"class_list":{"0":"post-77544","1":"product","2":"type-product","3":"status-publish","4":"has-post-thumbnail","6":"product_brand-ciccarelli_it-lt","7":"product_cat-dantu-pastos-ir-geliai","9":"first","10":"instock","11":"taxable","12":"shipping-taxable","13":"product-type-simple"},"_links":{"self":[{"href":"https:\/\/e.kosmolat.eu\/lt\/wp-json\/wp\/v2\/product\/77544","targetHints":{"allow":["GET"]}}],"collection":[{"href":"https:\/\/e.kosmolat.eu\/lt\/wp-json\/wp\/v2\/product"}],"about":[{"href":"https:\/\/e.kosmolat.eu\/lt\/wp-json\/wp\/v2\/types\/product"}],"wp:featuredmedia":[{"embeddable":true,"href":"https:\/\/e.kosmolat.eu\/lt\/wp-json\/wp\/v2\/media\/96126"}],"wp:attachment":[{"href":"https:\/\/e.kosmolat.eu\/lt\/wp-json\/wp\/v2\/media?parent=77544"}],"wp:term":[{"taxonomy":"product_cat","embeddable":true,"href":"https:\/\/e.kosmolat.eu\/lt\/wp-json\/wp\/v2\/product_cat?post=77544"},{"taxonomy":"product_tag","embeddable":true,"href":"https:\/\/e.kosmolat.eu\/lt\/wp-json\/wp\/v2\/product_tag?post=77544"}],"curies":[{"name":"wp","href":"https:\/\/api.w.org\/{rel}","templated":true}]}}