{"id":77540,"date":"2025-08-08T04:07:23","date_gmt":"2025-08-08T04:07:23","guid":{"rendered":"https:\/\/e.kosmolat.eu\/product\/pasta-del-capitano-1905-orig-recepte-zobu-pasta-ar-krustnagl-un-kaneli-75-ml\/"},"modified":"2026-03-31T08:10:46","modified_gmt":"2026-03-31T08:10:46","slug":"pasta-del-capitano-1905-orig-recepte-zobu-pasta-ar-krustnagl-un-kaneli-75-ml","status":"publish","type":"product","link":"https:\/\/e.kosmolat.eu\/lt\/produktas\/pasta-del-capitano-1905-orig-recepte-zobu-pasta-ar-krustnagl-un-kaneli-75-ml\/","title":{"rendered":"PASTA DEL CAPITANO 1905 Originalaus recepto dant\u0173 pasta su gvazdik\u0117liais ir cinamonu, 75 ml"},"content":{"rendered":"<p>Pirmoji dant\u0173 pasta \u201ePasta del Capitano\u201c buvo pristatyta Italijoje 1905 m. ir i\u0161 karto i\u0161gars\u0117jo d\u0117l unikalaus gvazdik\u0117li\u0173 lapeli\u0173, m\u0117t\u0173 ir cinamono skoni\u0173 derinio, kuris u\u017etikrina gaiv\u0173 burnos kvap\u0105 ir u\u017etikrint\u0105 \u0161ypsen\u0105.<\/p>\n<p>Atsargumo priemon\u0117s: Sud\u0117tyje yra natrio monofluorfosfato. Vaikams iki 6 m. naudokite \u017eirnio dyd\u017eio kiek\u012f, steb\u0117kite, kad nenuryt\u0173. Jeigu vartojami produktai, kuri\u0173 sud\u0117tyje yra fluorido, pasitarkite su odontologu arba gydytoju. Po naudojimo sandariai u\u017esukite t\u016bbel\u0119. Pasirei\u0161kus alergijai, nutraukite naudojim\u0105. <\/p>\n<p>Geriausias iki terminas po atidarymo yra nurodytas m\u0117nesiais, kuomet produktas laikomas teisingai ir normaliomis, numatytomis naudojimo s\u0105lygomis.<\/p>\n","protected":false},"excerpt":{"rendered":"<p>Pirmoji dant\u0173 pasta \u201ePasta del Capitano\u201c buvo pristatyta Italijoje 1905 m. ir i\u0161 karto i\u0161gars\u0117jo d\u0117l unikalaus gvazdik\u0117li\u0173 lapeli\u0173, m\u0117t\u0173 ir cinamono skoni\u0173 derinio, kuris u\u017etikrina gaiv\u0173 burnos kvap\u0105 ir u\u017etikrint\u0105 \u0161ypsen\u0105. Atsargumo priemon\u0117s: Sud\u0117tyje yra natrio monofluorfosfato. Vaikams iki 6 m. naudokite \u017eirnio dyd\u017eio kiek\u012f, steb\u0117kite, kad nenuryt\u0173. Jeigu vartojami produktai, kuri\u0173 sud\u0117tyje yra [&#8230;]\n","protected":false},"featured_media":96122,"template":"","meta":[],"product_cat":[1308],"product_tag":[],"class_list":{"0":"post-77540","1":"product","2":"type-product","3":"status-publish","4":"has-post-thumbnail","6":"product_brand-ciccarelli_it-lt","7":"product_cat-dantu-pastos-ir-geliai","9":"first","10":"instock","11":"taxable","12":"shipping-taxable","13":"product-type-simple"},"_links":{"self":[{"href":"https:\/\/e.kosmolat.eu\/lt\/wp-json\/wp\/v2\/product\/77540","targetHints":{"allow":["GET"]}}],"collection":[{"href":"https:\/\/e.kosmolat.eu\/lt\/wp-json\/wp\/v2\/product"}],"about":[{"href":"https:\/\/e.kosmolat.eu\/lt\/wp-json\/wp\/v2\/types\/product"}],"wp:featuredmedia":[{"embeddable":true,"href":"https:\/\/e.kosmolat.eu\/lt\/wp-json\/wp\/v2\/media\/96122"}],"wp:attachment":[{"href":"https:\/\/e.kosmolat.eu\/lt\/wp-json\/wp\/v2\/media?parent=77540"}],"wp:term":[{"taxonomy":"product_cat","embeddable":true,"href":"https:\/\/e.kosmolat.eu\/lt\/wp-json\/wp\/v2\/product_cat?post=77540"},{"taxonomy":"product_tag","embeddable":true,"href":"https:\/\/e.kosmolat.eu\/lt\/wp-json\/wp\/v2\/product_tag?post=77540"}],"curies":[{"name":"wp","href":"https:\/\/api.w.org\/{rel}","templated":true}]}}