{"id":77536,"date":"2025-08-08T04:07:07","date_gmt":"2025-08-08T04:07:07","guid":{"rendered":"https:\/\/e.kosmolat.eu\/product\/pasta-del-capitano-1905-zobu-pasta-smeketajiem-ar-piparmetru-75-ml\/"},"modified":"2026-03-31T08:10:33","modified_gmt":"2026-03-31T08:10:33","slug":"pasta-del-capitano-1905-zobu-pasta-smeketajiem-ar-piparmetru-75-ml","status":"publish","type":"product","link":"https:\/\/e.kosmolat.eu\/lt\/produktas\/pasta-del-capitano-1905-zobu-pasta-smeketajiem-ar-piparmetru-75-ml\/","title":{"rendered":"PASTA DEL CAPITANO 1905 Dant\u0173 pasta r\u016bkantiems su pipirm\u0117t\u0117mis, 75 ml"},"content":{"rendered":"<p>Dant\u0173 pasta, specialiai sukurta r\u016bkantiems. Padeda i\u0161vengti ir sul\u0117tinti dant\u0173 akmen\u0173 susidarym\u0105. Gaivus pipirm\u0117\u010di\u0173 skonis leid\u017eia visada tur\u0117ti gaiv\u0173 burnos kvap\u0105 ir u\u017etikrint\u0105 \u0161ypsen\u0105.<\/p>\n<p>Atsargumo priemon\u0117s: Sud\u0117tyje yra natrio fluorido ir natrio monofluorfosfato. Vaikams iki 6 m. naudokite \u017eirnio dyd\u017eio kiek\u012f, steb\u0117kite, kad nenuryt\u0173. Jeigu vartojami produktai, kuri\u0173 sud\u0117tyje yra fluorido, pasitarkite su odontologu arba gydytoju. Po naudojimo sandariai u\u017esukite t\u016bbel\u0119. Pasirei\u0161kus alergijai, nutraukite naudojim\u0105. <\/p>\n<p>Tinkamumo naudoti terminas po atidarymo yra nurodytas m\u0117nesiais, kuomet produktas laikomas teisingai ir normaliomis, numatytomis naudojimo s\u0105lygomis.<\/p>\n","protected":false},"excerpt":{"rendered":"<p>Dant\u0173 pasta, specialiai sukurta r\u016bkantiems. Padeda i\u0161vengti ir sul\u0117tinti dant\u0173 akmen\u0173 susidarym\u0105. Gaivus pipirm\u0117\u010di\u0173 skonis leid\u017eia visada tur\u0117ti gaiv\u0173 burnos kvap\u0105 ir u\u017etikrint\u0105 \u0161ypsen\u0105. Atsargumo priemon\u0117s: Sud\u0117tyje yra natrio fluorido ir natrio monofluorfosfato. Vaikams iki 6 m. naudokite \u017eirnio dyd\u017eio kiek\u012f, steb\u0117kite, kad nenuryt\u0173. Jeigu vartojami produktai, kuri\u0173 sud\u0117tyje yra fluorido, pasitarkite su odontologu arba [&#8230;]\n","protected":false},"featured_media":0,"template":"","meta":[],"product_cat":[1308],"product_tag":[],"class_list":{"0":"post-77536","1":"product","2":"type-product","3":"status-publish","5":"product_brand-ciccarelli_it-lt","6":"product_cat-dantu-pastos-ir-geliai","8":"first","9":"instock","10":"taxable","11":"shipping-taxable","12":"product-type-simple"},"_links":{"self":[{"href":"https:\/\/e.kosmolat.eu\/lt\/wp-json\/wp\/v2\/product\/77536","targetHints":{"allow":["GET"]}}],"collection":[{"href":"https:\/\/e.kosmolat.eu\/lt\/wp-json\/wp\/v2\/product"}],"about":[{"href":"https:\/\/e.kosmolat.eu\/lt\/wp-json\/wp\/v2\/types\/product"}],"wp:attachment":[{"href":"https:\/\/e.kosmolat.eu\/lt\/wp-json\/wp\/v2\/media?parent=77536"}],"wp:term":[{"taxonomy":"product_cat","embeddable":true,"href":"https:\/\/e.kosmolat.eu\/lt\/wp-json\/wp\/v2\/product_cat?post=77536"},{"taxonomy":"product_tag","embeddable":true,"href":"https:\/\/e.kosmolat.eu\/lt\/wp-json\/wp\/v2\/product_tag?post=77536"}],"curies":[{"name":"wp","href":"https:\/\/api.w.org\/{rel}","templated":true}]}}