{"id":77532,"date":"2025-08-08T04:06:51","date_gmt":"2025-08-08T04:06:51","guid":{"rendered":"https:\/\/e.kosmolat.eu\/product\/pasta-del-capitano-bernu-zobu-birste-6\/"},"modified":"2026-04-24T05:53:55","modified_gmt":"2026-04-24T05:53:55","slug":"pasta-del-capitano-bernu-zobu-birste-6","status":"publish","type":"product","link":"https:\/\/e.kosmolat.eu\/lt\/produktas\/pasta-del-capitano-bernu-zobu-birste-6\/","title":{"rendered":"PASTA DEL CAPITANO Vaiki\u0161kas dant\u0173 \u0161epet\u0117lis, 6+"},"content":{"rendered":"<p>Vaiki\u0161kas dant\u0173 \u0161epet\u0117lis specialiai sukurtas valyti vaik\u0173 nuolatinius dantis sunkiai pasiekiamose vietose. Tai pasiekiama d\u0117l mink\u0161t\u0173 \u201eTynex\u201c \u0161ereli\u0173 su apvaliais galiukais, ma\u017eos kompakti\u0161kos galvut\u0117s su ergonomi\u0161ka rankena ir lie\u017euvio valiklio.<\/p>\n","protected":false},"excerpt":{"rendered":"<p>Vaiki\u0161kas dant\u0173 \u0161epet\u0117lis specialiai sukurtas valyti vaik\u0173 nuolatinius dantis sunkiai pasiekiamose vietose. Tai pasiekiama d\u0117l mink\u0161t\u0173 \u201eTynex\u201c \u0161ereli\u0173 su apvaliais galiukais, ma\u017eos kompakti\u0161kos galvut\u0117s su ergonomi\u0161ka rankena ir lie\u017euvio valiklio.<\/p>\n","protected":false},"featured_media":96114,"template":"","meta":[],"product_cat":[1337],"product_tag":[],"class_list":{"0":"post-77532","1":"product","2":"type-product","3":"status-publish","4":"has-post-thumbnail","6":"product_brand-ciccarelli_it-lt","7":"product_cat-burnos-higiena","9":"first","10":"instock","11":"taxable","12":"shipping-taxable","13":"product-type-simple"},"_links":{"self":[{"href":"https:\/\/e.kosmolat.eu\/lt\/wp-json\/wp\/v2\/product\/77532","targetHints":{"allow":["GET"]}}],"collection":[{"href":"https:\/\/e.kosmolat.eu\/lt\/wp-json\/wp\/v2\/product"}],"about":[{"href":"https:\/\/e.kosmolat.eu\/lt\/wp-json\/wp\/v2\/types\/product"}],"wp:featuredmedia":[{"embeddable":true,"href":"https:\/\/e.kosmolat.eu\/lt\/wp-json\/wp\/v2\/media\/96114"}],"wp:attachment":[{"href":"https:\/\/e.kosmolat.eu\/lt\/wp-json\/wp\/v2\/media?parent=77532"}],"wp:term":[{"taxonomy":"product_cat","embeddable":true,"href":"https:\/\/e.kosmolat.eu\/lt\/wp-json\/wp\/v2\/product_cat?post=77532"},{"taxonomy":"product_tag","embeddable":true,"href":"https:\/\/e.kosmolat.eu\/lt\/wp-json\/wp\/v2\/product_tag?post=77532"}],"curies":[{"name":"wp","href":"https:\/\/api.w.org\/{rel}","templated":true}]}}