{"id":77528,"date":"2025-08-08T04:06:35","date_gmt":"2025-08-08T04:06:35","guid":{"rendered":"https:\/\/e.kosmolat.eu\/product\/pasta-del-capitano-bernu-zobu-birste-3\/"},"modified":"2025-09-20T08:43:39","modified_gmt":"2025-09-20T08:43:39","slug":"pasta-del-capitano-bernu-zobu-birste-3","status":"publish","type":"product","link":"https:\/\/e.kosmolat.eu\/lt\/produktas\/pasta-del-capitano-bernu-zobu-birste-3\/","title":{"rendered":"PASTA DEL CAPITANO Vaiki\u0161kas dant\u0173 \u0161epet\u0117lis, 3+"},"content":{"rendered":"<p>Vaiki\u0161kas dant\u0173 \u0161epet\u0117lis specialiai sukurtas pienini\u0173 dant\u0173 ir danten\u0173 valymui. Tai pasiekiama d\u0117l mink\u0161t\u0173 \u201eTynex\u201c \u0161ereli\u0173 su apvaliais galiukais; ma\u017ea kompakti\u0161ka galvut\u0117 su ergonomi\u0161ka rankena.<\/p>\n","protected":false},"excerpt":{"rendered":"<p>Vaiki\u0161kas dant\u0173 \u0161epet\u0117lis specialiai sukurtas pienini\u0173 dant\u0173 ir danten\u0173 valymui. Tai pasiekiama d\u0117l mink\u0161t\u0173 \u201eTynex\u201c \u0161ereli\u0173 su apvaliais galiukais; ma\u017ea kompakti\u0161ka galvut\u0117 su ergonomi\u0161ka rankena.<\/p>\n","protected":false},"featured_media":96110,"template":"","meta":[],"product_cat":[1354],"product_tag":[],"class_list":{"0":"post-77528","1":"product","2":"type-product","3":"status-publish","4":"has-post-thumbnail","6":"product_brand-ciccarelli_it-lt","7":"product_cat-dantu-sepeteliai","9":"first","10":"outofstock","11":"taxable","12":"shipping-taxable","13":"product-type-simple"},"_links":{"self":[{"href":"https:\/\/e.kosmolat.eu\/lt\/wp-json\/wp\/v2\/product\/77528","targetHints":{"allow":["GET"]}}],"collection":[{"href":"https:\/\/e.kosmolat.eu\/lt\/wp-json\/wp\/v2\/product"}],"about":[{"href":"https:\/\/e.kosmolat.eu\/lt\/wp-json\/wp\/v2\/types\/product"}],"wp:featuredmedia":[{"embeddable":true,"href":"https:\/\/e.kosmolat.eu\/lt\/wp-json\/wp\/v2\/media\/96110"}],"wp:attachment":[{"href":"https:\/\/e.kosmolat.eu\/lt\/wp-json\/wp\/v2\/media?parent=77528"}],"wp:term":[{"taxonomy":"product_cat","embeddable":true,"href":"https:\/\/e.kosmolat.eu\/lt\/wp-json\/wp\/v2\/product_cat?post=77528"},{"taxonomy":"product_tag","embeddable":true,"href":"https:\/\/e.kosmolat.eu\/lt\/wp-json\/wp\/v2\/product_tag?post=77528"}],"curies":[{"name":"wp","href":"https:\/\/api.w.org\/{rel}","templated":true}]}}