{"id":77524,"date":"2025-08-08T04:06:18","date_gmt":"2025-08-08T04:06:18","guid":{"rendered":"https:\/\/e.kosmolat.eu\/product\/pasta-del-capitano-bernu-mutes-dob-skalos-lidz-maiga-piparm-6-400-ml\/"},"modified":"2026-04-15T07:42:13","modified_gmt":"2026-04-15T07:42:13","slug":"pasta-del-capitano-bernu-mutes-dob-skalos-lidz-maiga-piparm-6-400-ml","status":"publish","type":"product","link":"https:\/\/e.kosmolat.eu\/lt\/produktas\/pasta-del-capitano-bernu-mutes-dob-skalos-lidz-maiga-piparm-6-400-ml\/","title":{"rendered":"PASTA DEL CAPITANO Vaiki\u0161kas burnos skalavimo skystis \u0160velnus m\u0117t\u0173 skonis, 6+, 400 ml"},"content":{"rendered":"<p>Burnos skalavimo skystis apsaugo nuo apna\u0161\u0173 ir \u0117duonies. Jis specialiai sukurtas vyresni\u0173 nei 6 met\u0173 vaik\u0173 dant\u0173 ir danten\u0173 prie\u017ei\u016brai.<\/p>\n<p>Giliai \u012fsiskverbia, i\u0161valydamas net tarpus tarp dant\u0173, papildydamas dant\u0173 pastos ir \u0161epet\u0117lio poveik\u012f. Ypa\u010d rekomenduojamas vaikams, ne\u0161iojantiems breketus.<br \/>\nBurnos skalavimo skystis praturtintas:<br \/>\n\u2022 Fluoro ir kalcio druskos, saugo nuo \u0117duonies;<br \/>\n\u2022 Betainas, zefyr\u0173 ir medetk\u0173 ekstraktai, padeda palaikyti sveikas dantenas;<br \/>\n\u2022 Sulfetal Zn\u00ae, kuris d\u0117l savo valomojo poveikio l\u0117tina apna\u0161\u0173 susidarym\u0105.<br \/>\nNaudojimas: Produktas yra paruo\u0161tas naudoti ir jo nereikia skiesti.<br \/>\n\u012epilkite pus\u0119 dozavimo dangtelio ir skalaukite burn\u0105 bent 30 sekund\u017ei\u0173.<br \/>\nBe cukraus.<\/p>\n<p>Atsargumo priemon\u0117s: Sud\u0117tyje yra natrio monofluorfosfato. Vaikams iki 6 m. naudokite \u017eirnio dyd\u017eio kiek\u012f, steb\u0117kite, kad nenuryt\u0173. Jeigu vartojami produktai, kuri\u0173 sud\u0117tyje yra fluorido, pasitarkite su odontologu arba gydytoju. Po naudojimo sandariai u\u017esukite t\u016bbel\u0119. Pasirei\u0161kus alergijai, nutraukite naudojim\u0105.<br \/>\nGeriausias iki terminas po atidarymo yra nurodytas m\u0117nesiais, kuomet produktas laikomas teisingai ir normaliomis, numatytomis naudojimo s\u0105lygomis.<\/p>\n","protected":false},"excerpt":{"rendered":"<p>Burnos skalavimo skystis apsaugo nuo apna\u0161\u0173 ir \u0117duonies. Jis specialiai sukurtas vyresni\u0173 nei 6 met\u0173 vaik\u0173 dant\u0173 ir danten\u0173 prie\u017ei\u016brai. Giliai \u012fsiskverbia, i\u0161valydamas net tarpus tarp dant\u0173, papildydamas dant\u0173 pastos ir \u0161epet\u0117lio poveik\u012f. Ypa\u010d rekomenduojamas vaikams, ne\u0161iojantiems breketus. Burnos skalavimo skystis praturtintas: \u2022 Fluoro ir kalcio druskos, saugo nuo \u0117duonies; \u2022 Betainas, zefyr\u0173 ir medetk\u0173 [&#8230;]\n","protected":false},"featured_media":96106,"template":"","meta":[],"product_cat":[1337],"product_tag":[],"class_list":{"0":"post-77524","1":"product","2":"type-product","3":"status-publish","4":"has-post-thumbnail","6":"product_brand-ciccarelli_it-lt","7":"product_cat-burnos-higiena","9":"first","10":"instock","11":"taxable","12":"shipping-taxable","13":"product-type-simple"},"_links":{"self":[{"href":"https:\/\/e.kosmolat.eu\/lt\/wp-json\/wp\/v2\/product\/77524","targetHints":{"allow":["GET"]}}],"collection":[{"href":"https:\/\/e.kosmolat.eu\/lt\/wp-json\/wp\/v2\/product"}],"about":[{"href":"https:\/\/e.kosmolat.eu\/lt\/wp-json\/wp\/v2\/types\/product"}],"wp:featuredmedia":[{"embeddable":true,"href":"https:\/\/e.kosmolat.eu\/lt\/wp-json\/wp\/v2\/media\/96106"}],"wp:attachment":[{"href":"https:\/\/e.kosmolat.eu\/lt\/wp-json\/wp\/v2\/media?parent=77524"}],"wp:term":[{"taxonomy":"product_cat","embeddable":true,"href":"https:\/\/e.kosmolat.eu\/lt\/wp-json\/wp\/v2\/product_cat?post=77524"},{"taxonomy":"product_tag","embeddable":true,"href":"https:\/\/e.kosmolat.eu\/lt\/wp-json\/wp\/v2\/product_tag?post=77524"}],"curies":[{"name":"wp","href":"https:\/\/api.w.org\/{rel}","templated":true}]}}