{"id":77520,"date":"2025-08-08T04:06:03","date_gmt":"2025-08-08T04:06:03","guid":{"rendered":"https:\/\/e.kosmolat.eu\/product\/pasta-del-capitano-gelveida-bernu-zobu-pasta-maiga-piparmetra-6-75-ml\/"},"modified":"2026-04-24T06:11:40","modified_gmt":"2026-04-24T06:11:40","slug":"pasta-del-capitano-gelveida-bernu-zobu-pasta-maiga-piparmetra-6-75-ml","status":"publish","type":"product","link":"https:\/\/e.kosmolat.eu\/lt\/produktas\/pasta-del-capitano-gelveida-bernu-zobu-pasta-maiga-piparmetra-6-75-ml\/","title":{"rendered":"PASTA DEL CAPITANO Bra\u0161ki\u0173 kvapo dant\u0173 pasta, skirta vaikams nuo 6 met\u0173 am\u017eiaus, 75 ml"},"content":{"rendered":"<p>Gelin\u0117 dant\u0173 pasta specialiai sukurta siekiant i\u0161laikyti sveikus vaik\u0173 dantis. D\u0117l malonaus skonio ir spalvot\u0173 mikrogranuli\u0173 skatina vaikus valytis dantis. <\/p>\n<p>Sud\u0117tyje n\u0117ra natrio laurilsulfato (SLS), triklozano, formaldehido donor\u0173 ir konservanto. Ma\u017eas abrazyvini\u0173 daleli\u0173 indeksas.<\/p>\n<p>Atsargumo priemon\u0117s: Sud\u0117tyje yra natrio monofluorfosfato. Vaikams iki 6 m. naudokite \u017eirnio dyd\u017eio kiek\u012f, steb\u0117kite, kad nenuryt\u0173. Jeigu vartojami produktai, kuri\u0173 sud\u0117tyje yra fluorido, pasitarkite su odontologu arba gydytoju. Po naudojimo sandariai u\u017esukite t\u016bbel\u0119. Pasirei\u0161kus alergijai, nutraukite naudojim\u0105. <\/p>\n<p>Geriausias iki terminas po atidarymo yra nurodytas m\u0117nesiais, kuomet produktas laikomas teisingai ir normaliomis, numatytomis naudojimo s\u0105lygomis.<\/p>\n","protected":false},"excerpt":{"rendered":"<p>Gelin\u0117 dant\u0173 pasta specialiai sukurta siekiant i\u0161laikyti sveikus vaik\u0173 dantis. D\u0117l malonaus skonio ir spalvot\u0173 mikrogranuli\u0173 skatina vaikus valytis dantis. Sud\u0117tyje n\u0117ra natrio laurilsulfato (SLS), triklozano, formaldehido donor\u0173 ir konservanto. Ma\u017eas abrazyvini\u0173 daleli\u0173 indeksas. Atsargumo priemon\u0117s: Sud\u0117tyje yra natrio monofluorfosfato. Vaikams iki 6 m. naudokite \u017eirnio dyd\u017eio kiek\u012f, steb\u0117kite, kad nenuryt\u0173. Jeigu vartojami produktai, kuri\u0173 [&#8230;]\n","protected":false},"featured_media":96102,"template":"","meta":[],"product_cat":[1337],"product_tag":[],"class_list":{"0":"post-77520","1":"product","2":"type-product","3":"status-publish","4":"has-post-thumbnail","6":"product_brand-ciccarelli_it-lt","7":"product_cat-burnos-higiena","9":"first","10":"instock","11":"taxable","12":"shipping-taxable","13":"product-type-simple"},"_links":{"self":[{"href":"https:\/\/e.kosmolat.eu\/lt\/wp-json\/wp\/v2\/product\/77520","targetHints":{"allow":["GET"]}}],"collection":[{"href":"https:\/\/e.kosmolat.eu\/lt\/wp-json\/wp\/v2\/product"}],"about":[{"href":"https:\/\/e.kosmolat.eu\/lt\/wp-json\/wp\/v2\/types\/product"}],"wp:featuredmedia":[{"embeddable":true,"href":"https:\/\/e.kosmolat.eu\/lt\/wp-json\/wp\/v2\/media\/96102"}],"wp:attachment":[{"href":"https:\/\/e.kosmolat.eu\/lt\/wp-json\/wp\/v2\/media?parent=77520"}],"wp:term":[{"taxonomy":"product_cat","embeddable":true,"href":"https:\/\/e.kosmolat.eu\/lt\/wp-json\/wp\/v2\/product_cat?post=77520"},{"taxonomy":"product_tag","embeddable":true,"href":"https:\/\/e.kosmolat.eu\/lt\/wp-json\/wp\/v2\/product_tag?post=77520"}],"curies":[{"name":"wp","href":"https:\/\/api.w.org\/{rel}","templated":true}]}}