{"id":77504,"date":"2025-08-08T04:05:00","date_gmt":"2025-08-08T04:05:00","guid":{"rendered":"https:\/\/e.kosmolat.eu\/product\/pasta-del-capitano-gimenes-zobu-birste-miksta\/"},"modified":"2026-04-10T13:21:00","modified_gmt":"2026-04-10T13:21:00","slug":"pasta-del-capitano-gimenes-zobu-birste-miksta","status":"publish","type":"product","link":"https:\/\/e.kosmolat.eu\/lt\/produktas\/pasta-del-capitano-gimenes-zobu-birste-miksta\/","title":{"rendered":"Pasta del Capitano toothbrush Family Soft"},"content":{"rendered":"<p>Dant\u0173 \u0161epet\u0117lis visai \u0161eimai su:<br \/>\n\u2022 kompakti\u0161ka ir lanks\u010dia galvute;<br \/>\n\u2022 ergonomi\u0161ka ir lanks\u010dia rankena;<br \/>\n\u2022 apvaliais \u0161ereliais, kurie nebrai\u017eo emalio.<\/p>\n","protected":false},"excerpt":{"rendered":"<p>Dant\u0173 \u0161epet\u0117lis visai \u0161eimai su: \u2022 kompakti\u0161ka ir lanks\u010dia galvute; \u2022 ergonomi\u0161ka ir lanks\u010dia rankena; \u2022 apvaliais \u0161ereliais, kurie nebrai\u017eo emalio.<\/p>\n","protected":false},"featured_media":96086,"template":"","meta":[],"product_cat":[1354],"product_tag":[],"class_list":{"0":"post-77504","1":"product","2":"type-product","3":"status-publish","4":"has-post-thumbnail","6":"product_brand-ciccarelli_it-lt","7":"product_cat-dantu-sepeteliai","9":"first","10":"instock","11":"taxable","12":"shipping-taxable","13":"product-type-simple"},"_links":{"self":[{"href":"https:\/\/e.kosmolat.eu\/lt\/wp-json\/wp\/v2\/product\/77504","targetHints":{"allow":["GET"]}}],"collection":[{"href":"https:\/\/e.kosmolat.eu\/lt\/wp-json\/wp\/v2\/product"}],"about":[{"href":"https:\/\/e.kosmolat.eu\/lt\/wp-json\/wp\/v2\/types\/product"}],"wp:featuredmedia":[{"embeddable":true,"href":"https:\/\/e.kosmolat.eu\/lt\/wp-json\/wp\/v2\/media\/96086"}],"wp:attachment":[{"href":"https:\/\/e.kosmolat.eu\/lt\/wp-json\/wp\/v2\/media?parent=77504"}],"wp:term":[{"taxonomy":"product_cat","embeddable":true,"href":"https:\/\/e.kosmolat.eu\/lt\/wp-json\/wp\/v2\/product_cat?post=77504"},{"taxonomy":"product_tag","embeddable":true,"href":"https:\/\/e.kosmolat.eu\/lt\/wp-json\/wp\/v2\/product_tag?post=77504"}],"curies":[{"name":"wp","href":"https:\/\/api.w.org\/{rel}","templated":true}]}}