{"id":77500,"date":"2025-08-08T04:04:43","date_gmt":"2025-08-08T04:04:43","guid":{"rendered":"https:\/\/e.kosmolat.eu\/product\/pasta-del-capitano-zobu-diegs-50-m\/"},"modified":"2026-04-22T06:55:51","modified_gmt":"2026-04-22T06:55:51","slug":"pasta-del-capitano-zobu-diegs-50-m","status":"publish","type":"product","link":"https:\/\/e.kosmolat.eu\/lt\/produktas\/pasta-del-capitano-zobu-diegs-50-m\/","title":{"rendered":"PASTA DEL CAPITANO Dant\u0173 si\u016blas, 50 m"},"content":{"rendered":"<p>Idealus burnos higienos papildymas \u2013 dant\u0173 si\u016blas, padedantis palaikyti burnos higien\u0105, kruop\u0161\u010diai i\u0161valant ir pa\u0161alinant maisto liku\u010dius tarp dant\u0173. Reguliarus dant\u0173 si\u016blo naudojimas padeda i\u0161vengti dant\u0173 \u0117duonies ir danten\u0173 lig\u0173.<\/p>\n<p>Naudojimo instrukcija: I\u0161matuokite apie 40 cm si\u016blo ir apvyniokite jo galus aplink pir\u0161tus. \u0160velniai \u012fki\u0161kite si\u016bl\u0105 tarp dant\u0173. \u0160velniai judinkite j\u012f pirmyn ir atgal, stengdamiesi nepa\u017eeisti danten\u0173, kad pa\u0161alintum\u0117te maisto liku\u010dius. Pakartokite proced\u016br\u0105 kiekvienam tarpdan\u010diui.<\/p>\n<p>Laikyti vaikams nepasiekiamoje vietoje.<\/p>\n","protected":false},"excerpt":{"rendered":"<p>Idealus burnos higienos papildymas \u2013 dant\u0173 si\u016blas, padedantis palaikyti burnos higien\u0105, kruop\u0161\u010diai i\u0161valant ir pa\u0161alinant maisto liku\u010dius tarp dant\u0173. Reguliarus dant\u0173 si\u016blo naudojimas padeda i\u0161vengti dant\u0173 \u0117duonies ir danten\u0173 lig\u0173. Naudojimo instrukcija: I\u0161matuokite apie 40 cm si\u016blo ir apvyniokite jo galus aplink pir\u0161tus. \u0160velniai \u012fki\u0161kite si\u016bl\u0105 tarp dant\u0173. \u0160velniai judinkite j\u012f pirmyn ir atgal, stengdamiesi [&#8230;]\n","protected":false},"featured_media":96082,"template":"","meta":[],"product_cat":[2181],"product_tag":[],"class_list":{"0":"post-77500","1":"product","2":"type-product","3":"status-publish","4":"has-post-thumbnail","6":"product_brand-ciccarelli_it-lt","7":"product_cat-bez-kategorijas-lt","9":"first","10":"instock","11":"taxable","12":"shipping-taxable","13":"product-type-simple"},"_links":{"self":[{"href":"https:\/\/e.kosmolat.eu\/lt\/wp-json\/wp\/v2\/product\/77500","targetHints":{"allow":["GET"]}}],"collection":[{"href":"https:\/\/e.kosmolat.eu\/lt\/wp-json\/wp\/v2\/product"}],"about":[{"href":"https:\/\/e.kosmolat.eu\/lt\/wp-json\/wp\/v2\/types\/product"}],"wp:featuredmedia":[{"embeddable":true,"href":"https:\/\/e.kosmolat.eu\/lt\/wp-json\/wp\/v2\/media\/96082"}],"wp:attachment":[{"href":"https:\/\/e.kosmolat.eu\/lt\/wp-json\/wp\/v2\/media?parent=77500"}],"wp:term":[{"taxonomy":"product_cat","embeddable":true,"href":"https:\/\/e.kosmolat.eu\/lt\/wp-json\/wp\/v2\/product_cat?post=77500"},{"taxonomy":"product_tag","embeddable":true,"href":"https:\/\/e.kosmolat.eu\/lt\/wp-json\/wp\/v2\/product_tag?post=77500"}],"curies":[{"name":"wp","href":"https:\/\/api.w.org\/{rel}","templated":true}]}}