{"id":77496,"date":"2025-08-08T04:04:26","date_gmt":"2025-08-08T04:04:26","guid":{"rendered":"https:\/\/e.kosmolat.eu\/product\/pasta-del-capitano-celojumu-kompl-zobu-birste-zobu-pasta-25-ml\/"},"modified":"2026-04-21T08:33:26","modified_gmt":"2026-04-21T08:33:26","slug":"pasta-del-capitano-celojumu-kompl-zobu-birste-zobu-pasta-25-ml","status":"publish","type":"product","link":"https:\/\/e.kosmolat.eu\/lt\/produktas\/pasta-del-capitano-celojumu-kompl-zobu-birste-zobu-pasta-25-ml\/","title":{"rendered":"PASTA DEL CAPITANO Kelioninis rinkinys (dant\u0173 \u0161epet\u0117lis + pasta, 25 ml)"},"content":{"rendered":"<p>Rinkin\u012f sudaro:<br \/>\n\u2022 Vidutinio kietumo dant\u0173 \u0161epet\u0117lis<br \/>\n\u2022 Dant\u0173 pasta \u2013 apsauga nuo apna\u0161\u0173 ir \u0117duonies<\/p>\n<p>Kelioninis rinkinys idealiai tinka burnos higienai keliaujant, mokykloje ar darbe:<br \/>\n\u2022 Patogus kelioninio dant\u0173 \u0161epet\u0117lio dizainas, skirtas \u0161ereli\u0173 \u0161varai palaikyti. \u201eTynex\u00ae\u201c vidutinio kietumo \u0161ereliai su u\u017eapvalintais galais.<br \/>\n\u2022 Dant\u0173 pasta \u201ePasta del Capitano\u201c \u201eApsauga nuo apna\u0161\u0173 ir \u0117duonies\u201c sukurta apsaugoti nuo apna\u0161\u0173 ir \u0117duonies susidarymo d\u0117l: fluoro druskos, kuri remineralizuoja dant\u0173 emal\u012f. \u201eSulfetal Zn\u00ae\u201c yra valomasis komponentas, kuris apsaugo nuo apna\u0161\u0173 susidarymo. Dant\u0173 pasta sud\u0117tyje yra kruop\u0161\u010diai atrinkt\u0173 ingredient\u0173, gaivinanti nat\u016bral\u0173 m\u0117t\u0173 aromat\u0105, suteikiant\u012f malon\u0173 gaivumo poj\u016bt\u012f. Be paraben\u0173, triklozano, natrio laurilsulfato (SLS) ir formaldehido pagrindu pagamint\u0173 konservant\u0173.<\/p>\n<p>Atsargumo priemon\u0117s: Sud\u0117tyje yra natrio monofluorfosfato. Vaikams iki 6 m. naudokite \u017eirnio dyd\u017eio kiek\u012f, steb\u0117kite, kad nenuryt\u0173. Jeigu vartojami produktai, kuri\u0173 sud\u0117tyje yra fluorido, pasitarkite su odontologu arba gydytoju. Po naudojimo sandariai u\u017esukite t\u016bbel\u0119. Pasirei\u0161kus alergijai, nutraukite naudojim\u0105. <\/p>\n<p>Geriausias iki terminas po atidarymo yra nurodytas m\u0117nesiais, kuomet produktas laikomas teisingai ir normaliomis, numatytomis naudojimo s\u0105lygomis.<\/p>\n","protected":false},"excerpt":{"rendered":"<p>Rinkin\u012f sudaro: \u2022 Vidutinio kietumo dant\u0173 \u0161epet\u0117lis \u2022 Dant\u0173 pasta \u2013 apsauga nuo apna\u0161\u0173 ir \u0117duonies Kelioninis rinkinys idealiai tinka burnos higienai keliaujant, mokykloje ar darbe: \u2022 Patogus kelioninio dant\u0173 \u0161epet\u0117lio dizainas, skirtas \u0161ereli\u0173 \u0161varai palaikyti. \u201eTynex\u00ae\u201c vidutinio kietumo \u0161ereliai su u\u017eapvalintais galais. \u2022 Dant\u0173 pasta \u201ePasta del Capitano\u201c \u201eApsauga nuo apna\u0161\u0173 ir \u0117duonies\u201c sukurta [&#8230;]\n","protected":false},"featured_media":96078,"template":"","meta":[],"product_cat":[1354],"product_tag":[],"class_list":{"0":"post-77496","1":"product","2":"type-product","3":"status-publish","4":"has-post-thumbnail","6":"product_brand-ciccarelli_it-lt","7":"product_cat-dantu-sepeteliai","9":"first","10":"instock","11":"taxable","12":"shipping-taxable","13":"product-type-simple"},"_links":{"self":[{"href":"https:\/\/e.kosmolat.eu\/lt\/wp-json\/wp\/v2\/product\/77496","targetHints":{"allow":["GET"]}}],"collection":[{"href":"https:\/\/e.kosmolat.eu\/lt\/wp-json\/wp\/v2\/product"}],"about":[{"href":"https:\/\/e.kosmolat.eu\/lt\/wp-json\/wp\/v2\/types\/product"}],"wp:featuredmedia":[{"embeddable":true,"href":"https:\/\/e.kosmolat.eu\/lt\/wp-json\/wp\/v2\/media\/96078"}],"wp:attachment":[{"href":"https:\/\/e.kosmolat.eu\/lt\/wp-json\/wp\/v2\/media?parent=77496"}],"wp:term":[{"taxonomy":"product_cat","embeddable":true,"href":"https:\/\/e.kosmolat.eu\/lt\/wp-json\/wp\/v2\/product_cat?post=77496"},{"taxonomy":"product_tag","embeddable":true,"href":"https:\/\/e.kosmolat.eu\/lt\/wp-json\/wp\/v2\/product_tag?post=77496"}],"curies":[{"name":"wp","href":"https:\/\/api.w.org\/{rel}","templated":true}]}}