{"id":77492,"date":"2025-08-08T04:04:11","date_gmt":"2025-08-08T04:04:11","guid":{"rendered":"https:\/\/e.kosmolat.eu\/product\/pasta-del-capitano-atsvaidzinoss-mutes-dobuma-sprejs-15-ml\/"},"modified":"2026-04-07T10:06:22","modified_gmt":"2026-04-07T10:06:22","slug":"pasta-del-capitano-atsvaidzinoss-mutes-dobuma-sprejs-15-ml","status":"publish","type":"product","link":"https:\/\/e.kosmolat.eu\/lt\/produktas\/pasta-del-capitano-atsvaidzinoss-mutes-dobuma-sprejs-15-ml\/","title":{"rendered":"PASTA DEL CAPITANO Gaivinantis burnos pur\u0161kiklis, 15 ml"},"content":{"rendered":"<p>Sud\u0117tyje yra veikli\u0173j\u0173 med\u017eiag\u0173, kurios visada ir bet kokiomis aplinkyb\u0117mis u\u017etikrina gaiv\u0173 ir \u0161var\u0173 burnos kvap\u0105.<\/p>\n<p>\u2022 Propolis padeda suma\u017einti bakterij\u0173 fermentacij\u0105, pagerindamas burnos higien\u0105.<br \/>\n\u2022 \u201eSulfetal Zn\u00ae\u201c, cinko darinys, turi valom\u0105j\u012f poveik\u012f ir padeda gaivinti burnos kvap\u0105.<br \/>\n\u2022 M\u0117ta suteikia ilgalaik\u012f gaivumo poj\u016bt\u012f.<\/p>\n<p>Galiojimo laikas po atidarymo nurodytas m\u0117nesiais ir galioja tinkamai laikant bei laikantis nurodyt\u0173 naudojimo s\u0105lyg\u0173.<\/p>\n","protected":false},"excerpt":{"rendered":"<p>Sud\u0117tyje yra veikli\u0173j\u0173 med\u017eiag\u0173, kurios visada ir bet kokiomis aplinkyb\u0117mis u\u017etikrina gaiv\u0173 ir \u0161var\u0173 burnos kvap\u0105. \u2022 Propolis padeda suma\u017einti bakterij\u0173 fermentacij\u0105, pagerindamas burnos higien\u0105. \u2022 \u201eSulfetal Zn\u00ae\u201c, cinko darinys, turi valom\u0105j\u012f poveik\u012f ir padeda gaivinti burnos kvap\u0105. \u2022 M\u0117ta suteikia ilgalaik\u012f gaivumo poj\u016bt\u012f. Galiojimo laikas po atidarymo nurodytas m\u0117nesiais ir galioja tinkamai laikant bei [&#8230;]\n","protected":false},"featured_media":96074,"template":"","meta":[],"product_cat":[2181],"product_tag":[],"class_list":{"0":"post-77492","1":"product","2":"type-product","3":"status-publish","4":"has-post-thumbnail","6":"product_brand-ciccarelli_it-lt","7":"product_cat-bez-kategorijas-lt","9":"first","10":"instock","11":"taxable","12":"shipping-taxable","13":"product-type-simple"},"_links":{"self":[{"href":"https:\/\/e.kosmolat.eu\/lt\/wp-json\/wp\/v2\/product\/77492","targetHints":{"allow":["GET"]}}],"collection":[{"href":"https:\/\/e.kosmolat.eu\/lt\/wp-json\/wp\/v2\/product"}],"about":[{"href":"https:\/\/e.kosmolat.eu\/lt\/wp-json\/wp\/v2\/types\/product"}],"wp:featuredmedia":[{"embeddable":true,"href":"https:\/\/e.kosmolat.eu\/lt\/wp-json\/wp\/v2\/media\/96074"}],"wp:attachment":[{"href":"https:\/\/e.kosmolat.eu\/lt\/wp-json\/wp\/v2\/media?parent=77492"}],"wp:term":[{"taxonomy":"product_cat","embeddable":true,"href":"https:\/\/e.kosmolat.eu\/lt\/wp-json\/wp\/v2\/product_cat?post=77492"},{"taxonomy":"product_tag","embeddable":true,"href":"https:\/\/e.kosmolat.eu\/lt\/wp-json\/wp\/v2\/product_tag?post=77492"}],"curies":[{"name":"wp","href":"https:\/\/api.w.org\/{rel}","templated":true}]}}