{"id":77488,"date":"2025-08-08T04:03:55","date_gmt":"2025-08-08T04:03:55","guid":{"rendered":"https:\/\/e.kosmolat.eu\/product\/pasta-del-capitano-balinoss-mutes-dob-skalos-lidz-jutigiem-zob-400-ml\/"},"modified":"2026-04-23T05:58:50","modified_gmt":"2026-04-23T05:58:50","slug":"pasta-del-capitano-balinoss-mutes-dob-skalos-lidz-jutigiem-zob-400-ml","status":"publish","type":"product","link":"https:\/\/e.kosmolat.eu\/lt\/produktas\/pasta-del-capitano-balinoss-mutes-dob-skalos-lidz-jutigiem-zob-400-ml\/","title":{"rendered":"PASTA DEL CAPITANO Balinamasis burnos skalavimo skystis jautriems dantims, 400 ml"},"content":{"rendered":"<p>Skalavimo skys\u010dio sud\u0117tyje yra ekologi\u0161k\u0173 m\u0117t\u0173 \u2013 vertingo nat\u016bralaus ingrediento. Skalavimo skystis specialiai sukurtas jautriems dantims apsaugoti. D\u0117l nat\u016brali\u0173 balinam\u0173j\u0173 komponent\u0173 poveikio jis padeda atkurti nat\u016bral\u0173 dant\u0173 baltum\u0105 nepa\u017eeid\u017eiant emalio.<br \/>\nAktyv\u016bs komponentai:<\/p>\n<p>\u2022 Sulfetal Zn\u00ae \u2013 pasi\u017eymi valomuoju poveikiu.<br \/>\n\u2022 PVP \u2013 balinimo med\u017eiaga, padedanti pa\u0161alinti pigmentines d\u0117mes nuo dant\u0173 pavir\u0161iaus nepa\u017eeid\u017eiant emalio.<br \/>\n\u2022 Betainas \u2013 nat\u016brali med\u017eiaga, apsauganti nuo danten\u0173 dirginimo.<br \/>\n\u2022 Kalio citratas \u2013 ma\u017eina dant\u0173 jautrum\u0105.<\/p>\n<p>Naudojimo instrukcijos: produktas yra paruo\u0161tas naudoti ir jo nereikia skiesti.<\/p>\n<p>\u012epilkite pus\u0119 dozavimo dangtelio ir skalaukite burn\u0105 bent 30 sekund\u017ei\u0173. Rekomenduojama naudoti kasdien ryte ir vakare, i\u0161sivalius dantis.<br \/>\nAtsargumo priemon\u0117s: Sud\u0117tyje yranatrio fluorido. Vaikams iki 6 m. naudokite \u017eirnio dyd\u017eio kiek\u012f, steb\u0117kite, kad nenuryt\u0173. Jeigu vartojami produktai, kuri\u0173 sud\u0117tyje yra fluorido, pasitarkite su odontologu arba gydytoju. Po naudojimo sandariai u\u017esukite t\u016bbel\u0119. Pasirei\u0161kus alergijai, nutraukite naudojim\u0105.<br \/>\nGeriausias iki terminas po atidarymo yra nurodytas m\u0117nesiais, kuomet produktas laikomas teisingai ir normaliomis, numatytomis naudojimo s\u0105lygomis.<\/p>\n","protected":false},"excerpt":{"rendered":"<p>Skalavimo skys\u010dio sud\u0117tyje yra ekologi\u0161k\u0173 m\u0117t\u0173 \u2013 vertingo nat\u016bralaus ingrediento. Skalavimo skystis specialiai sukurtas jautriems dantims apsaugoti. D\u0117l nat\u016brali\u0173 balinam\u0173j\u0173 komponent\u0173 poveikio jis padeda atkurti nat\u016bral\u0173 dant\u0173 baltum\u0105 nepa\u017eeid\u017eiant emalio. Aktyv\u016bs komponentai: \u2022 Sulfetal Zn\u00ae \u2013 pasi\u017eymi valomuoju poveikiu. \u2022 PVP \u2013 balinimo med\u017eiaga, padedanti pa\u0161alinti pigmentines d\u0117mes nuo dant\u0173 pavir\u0161iaus nepa\u017eeid\u017eiant emalio. \u2022 Betainas [&#8230;]\n","protected":false},"featured_media":96070,"template":"","meta":[],"product_cat":[1313],"product_tag":[],"class_list":{"0":"post-77488","1":"product","2":"type-product","3":"status-publish","4":"has-post-thumbnail","6":"product_brand-ciccarelli_it-lt","7":"product_cat-burnos-skalavimo-priemones","9":"first","10":"instock","11":"taxable","12":"shipping-taxable","13":"product-type-simple"},"_links":{"self":[{"href":"https:\/\/e.kosmolat.eu\/lt\/wp-json\/wp\/v2\/product\/77488","targetHints":{"allow":["GET"]}}],"collection":[{"href":"https:\/\/e.kosmolat.eu\/lt\/wp-json\/wp\/v2\/product"}],"about":[{"href":"https:\/\/e.kosmolat.eu\/lt\/wp-json\/wp\/v2\/types\/product"}],"wp:featuredmedia":[{"embeddable":true,"href":"https:\/\/e.kosmolat.eu\/lt\/wp-json\/wp\/v2\/media\/96070"}],"wp:attachment":[{"href":"https:\/\/e.kosmolat.eu\/lt\/wp-json\/wp\/v2\/media?parent=77488"}],"wp:term":[{"taxonomy":"product_cat","embeddable":true,"href":"https:\/\/e.kosmolat.eu\/lt\/wp-json\/wp\/v2\/product_cat?post=77488"},{"taxonomy":"product_tag","embeddable":true,"href":"https:\/\/e.kosmolat.eu\/lt\/wp-json\/wp\/v2\/product_tag?post=77488"}],"curies":[{"name":"wp","href":"https:\/\/api.w.org\/{rel}","templated":true}]}}