{"id":77484,"date":"2025-08-08T04:03:41","date_gmt":"2025-08-08T04:03:41","guid":{"rendered":"https:\/\/e.kosmolat.eu\/product\/pasta-del-capitano-aizsarg-mutes-dob-skalos-lidz-ar-propolisu-400-ml\/"},"modified":"2026-04-22T08:26:05","modified_gmt":"2026-04-22T08:26:05","slug":"pasta-del-capitano-aizsarg-mutes-dob-skalos-lidz-ar-propolisu-400-ml","status":"publish","type":"product","link":"https:\/\/e.kosmolat.eu\/lt\/produktas\/pasta-del-capitano-aizsarg-mutes-dob-skalos-lidz-ar-propolisu-400-ml\/","title":{"rendered":"PASTA DEL CAPITANOSaugantis burnos skalavimo skystis su propoliu, 400 ml"},"content":{"rendered":"<p>Burnos skalavimo skystis bei alkoholio ir yra praturtintas ekologi\u0161ka m\u0117ta \u2013 vertingu nat\u016braliu komponentu. \u201ePasta del Capitano\u201c burnos skalavimo skystis u\u017etikrina aktyvi\u0105 dant\u0173 ir danten\u0173 apsaug\u0105 d\u0117l kruop\u0161\u010diai atrinkt\u0173 aktyvi\u0173j\u0173 komponent\u0173:<br \/>\n\u2022 Sulfetal Zn\u00ae \u2013 valomasis poveikis.<br \/>\n\u2022 Propolis \u2013 ramina ir atkuria audinius.<br \/>\n\u2022 \u017dalioji arbata \u2013 pasi\u017eymi sutraukiamuoju poveikiu.<br \/>\nNaudojimas: Produktas yra paruo\u0161tas naudoti ir jo nereikia skiesti.<br \/>\n\u012epilkite pus\u0119 dozavimo dangtelio ir skalaukite burn\u0105 bent 30 sekund\u017ei\u0173. Rekomenduojama naudoti kasdien ryte ir vakare, i\u0161sivalius dantis.<br \/>\nAtsargumo priemon\u0117s: Sud\u0117tyje yranatrio fluorido ir natrio monofluorfosfato. Vaikams iki 6 m. naudokite \u017eirnio dyd\u017eio kiek\u012f, steb\u0117kite, kad nenuryt\u0173. Jeigu vartojami produktai, kuri\u0173 sud\u0117tyje yra fluorido, pasitarkite su odontologu arba gydytoju. Po naudojimo sandariai u\u017esukite t\u016bbel\u0119. Pasirei\u0161kus alergijai, nutraukite naudojim\u0105.<br \/>\nGeriausias iki terminas po atidarymo yra nurodytas m\u0117nesiais, kuomet produktas laikomas teisingai ir normaliomis, numatytomis naudojimo s\u0105lygomis.<\/p>\n","protected":false},"excerpt":{"rendered":"<p>Burnos skalavimo skystis bei alkoholio ir yra praturtintas ekologi\u0161ka m\u0117ta \u2013 vertingu nat\u016braliu komponentu. \u201ePasta del Capitano\u201c burnos skalavimo skystis u\u017etikrina aktyvi\u0105 dant\u0173 ir danten\u0173 apsaug\u0105 d\u0117l kruop\u0161\u010diai atrinkt\u0173 aktyvi\u0173j\u0173 komponent\u0173: \u2022 Sulfetal Zn\u00ae \u2013 valomasis poveikis. \u2022 Propolis \u2013 ramina ir atkuria audinius. \u2022 \u017dalioji arbata \u2013 pasi\u017eymi sutraukiamuoju poveikiu. Naudojimas: Produktas yra paruo\u0161tas [&#8230;]\n","protected":false},"featured_media":96066,"template":"","meta":[],"product_cat":[2181],"product_tag":[],"class_list":{"0":"post-77484","1":"product","2":"type-product","3":"status-publish","4":"has-post-thumbnail","6":"product_brand-ciccarelli_it-lt","7":"product_cat-bez-kategorijas-lt","9":"first","10":"instock","11":"taxable","12":"shipping-taxable","13":"product-type-simple"},"_links":{"self":[{"href":"https:\/\/e.kosmolat.eu\/lt\/wp-json\/wp\/v2\/product\/77484","targetHints":{"allow":["GET"]}}],"collection":[{"href":"https:\/\/e.kosmolat.eu\/lt\/wp-json\/wp\/v2\/product"}],"about":[{"href":"https:\/\/e.kosmolat.eu\/lt\/wp-json\/wp\/v2\/types\/product"}],"wp:featuredmedia":[{"embeddable":true,"href":"https:\/\/e.kosmolat.eu\/lt\/wp-json\/wp\/v2\/media\/96066"}],"wp:attachment":[{"href":"https:\/\/e.kosmolat.eu\/lt\/wp-json\/wp\/v2\/media?parent=77484"}],"wp:term":[{"taxonomy":"product_cat","embeddable":true,"href":"https:\/\/e.kosmolat.eu\/lt\/wp-json\/wp\/v2\/product_cat?post=77484"},{"taxonomy":"product_tag","embeddable":true,"href":"https:\/\/e.kosmolat.eu\/lt\/wp-json\/wp\/v2\/product_tag?post=77484"}],"curies":[{"name":"wp","href":"https:\/\/api.w.org\/{rel}","templated":true}]}}