{"id":77476,"date":"2025-08-08T04:03:23","date_gmt":"2025-08-08T04:03:23","guid":{"rendered":"https:\/\/e.kosmolat.eu\/product\/pasta-del-capitano-zobu-pasta-ar-ingveru-75-ml\/"},"modified":"2026-04-01T14:41:25","modified_gmt":"2026-04-01T14:41:25","slug":"pasta-del-capitano-zobu-pasta-ar-ingveru-75-ml","status":"publish","type":"product","link":"https:\/\/e.kosmolat.eu\/lt\/produktas\/pasta-del-capitano-zobu-pasta-ar-ingveru-75-ml\/","title":{"rendered":"PASTA DEL CAPITANO Dant\u0173 pasta su imbieru, 75 ml"},"content":{"rendered":"<p>Padeda u\u017etikrinti visapusi\u0161k\u0105 burnos ertm\u0117s apsaug\u0105 ir i\u0161laiko puik\u0173 jos kvap\u0105 vis\u0105 dien\u0105 d\u0117l<\/p>\n<p>\u2022 Sulfetal Zn\u00ae, originali\u0173 molekuli\u0173 su cinku, turin\u010di\u0173 valom\u0173j\u0173 savybi\u0173;<br \/>\n\u2022 Fluoras, kuris apsaugo ir stiprina dant\u0173 emal\u012f;<br \/>\n\u2022 Sertifikuoto Ekologi\u0161ko Imbiero, u\u017etikrinan\u010dio ilgai i\u0161liekant\u012f puik\u0173 kvap\u0105.<\/p>\n<p>Sud\u0117tyje n\u0117ra paraben\u0173, triklozano, natrio laurilsulfato (SLS) ir formaldehid\u0105 skleid\u017eian\u010di\u0173 konservant\u0173.<\/p>\n<p>Atsargumo priemon\u0117s: Sud\u0117tyje yra natrio monofluorfosfato. Vaikams iki 6 m. naudokite \u017eirnio dyd\u017eio kiek\u012f, steb\u0117kite, kad nenuryt\u0173. Jeigu vartojami produktai, kuri\u0173 sud\u0117tyje yra fluorido, pasitarkite su odontologu arba gydytoju. Po naudojimo sandariai u\u017esukite t\u016bbel\u0119. Pasirei\u0161kus alergijai, nutraukite naudojim\u0105. <\/p>\n<p>Geriausias iki terminas po atidarymo yra nurodytas m\u0117nesiais, kuomet produktas laikomas teisingai ir normaliomis, numatytomis naudojimo s\u0105lygomis.<\/p>\n","protected":false},"excerpt":{"rendered":"<p>Padeda u\u017etikrinti visapusi\u0161k\u0105 burnos ertm\u0117s apsaug\u0105 ir i\u0161laiko puik\u0173 jos kvap\u0105 vis\u0105 dien\u0105 d\u0117l \u2022 Sulfetal Zn\u00ae, originali\u0173 molekuli\u0173 su cinku, turin\u010di\u0173 valom\u0173j\u0173 savybi\u0173; \u2022 Fluoras, kuris apsaugo ir stiprina dant\u0173 emal\u012f; \u2022 Sertifikuoto Ekologi\u0161ko Imbiero, u\u017etikrinan\u010dio ilgai i\u0161liekant\u012f puik\u0173 kvap\u0105. Sud\u0117tyje n\u0117ra paraben\u0173, triklozano, natrio laurilsulfato (SLS) ir formaldehid\u0105 skleid\u017eian\u010di\u0173 konservant\u0173. Atsargumo priemon\u0117s: Sud\u0117tyje [&#8230;]\n","protected":false},"featured_media":78449,"template":"","meta":[],"product_cat":[2181],"product_tag":[],"class_list":{"0":"post-77476","1":"product","2":"type-product","3":"status-publish","4":"has-post-thumbnail","6":"product_brand-ciccarelli_it-lt","7":"product_cat-bez-kategorijas-lt","9":"first","10":"instock","11":"taxable","12":"shipping-taxable","13":"product-type-simple"},"_links":{"self":[{"href":"https:\/\/e.kosmolat.eu\/lt\/wp-json\/wp\/v2\/product\/77476","targetHints":{"allow":["GET"]}}],"collection":[{"href":"https:\/\/e.kosmolat.eu\/lt\/wp-json\/wp\/v2\/product"}],"about":[{"href":"https:\/\/e.kosmolat.eu\/lt\/wp-json\/wp\/v2\/types\/product"}],"wp:featuredmedia":[{"embeddable":true,"href":"https:\/\/e.kosmolat.eu\/lt\/wp-json\/wp\/v2\/media\/78449"}],"wp:attachment":[{"href":"https:\/\/e.kosmolat.eu\/lt\/wp-json\/wp\/v2\/media?parent=77476"}],"wp:term":[{"taxonomy":"product_cat","embeddable":true,"href":"https:\/\/e.kosmolat.eu\/lt\/wp-json\/wp\/v2\/product_cat?post=77476"},{"taxonomy":"product_tag","embeddable":true,"href":"https:\/\/e.kosmolat.eu\/lt\/wp-json\/wp\/v2\/product_tag?post=77476"}],"curies":[{"name":"wp","href":"https:\/\/api.w.org\/{rel}","templated":true}]}}