{"id":77472,"date":"2025-08-08T04:03:07","date_gmt":"2025-08-08T04:03:07","guid":{"rendered":"https:\/\/e.kosmolat.eu\/product\/cera-di-cupra-micelarais-udens-ar-medu-200-ml\/"},"modified":"2026-04-17T06:09:53","modified_gmt":"2026-04-17T06:09:53","slug":"cera-di-cupra-micelarais-udens-ar-medu-200-ml","status":"publish","type":"product","link":"https:\/\/e.kosmolat.eu\/lt\/produktas\/cera-di-cupra-micelarais-udens-ar-medu-200-ml\/","title":{"rendered":"CERA DI CUPRA Micelinis vanduo su medumi, 200 ml"},"content":{"rendered":"<p>Micelinis vanduo su medumi \u0161velniai valo ir pa\u0161alina makia\u017e\u0105 bei ne\u0161varumus, i\u0161laikydamas nat\u016brali\u0105 odos apsaug\u0105. Formul\u0117 su akacij\u0173 medumi, kuriame gausu vitamin\u0173, cukr\u0173 ir mikroelement\u0173, dr\u0117kina od\u0105, pa\u017eadina jos gyvybingum\u0105 ir suteikia spindesio.<\/p>\n<p>Naudojimas: veido, aki\u0173 ir l\u016bp\u0173 od\u0105 nuvalykite vatos diskeliu. Nereikia nuplauti. Taip pat tinka jautriai odai.<\/p>\n<p>Tik i\u0161oriniam naudojimui. Laikyti vaikams nepasiekiamoje vietoje. Sud\u0117tyje n\u0117ra SLES ar da\u017eikli\u0173.<\/p>\n","protected":false},"excerpt":{"rendered":"<p>Micelinis vanduo su medumi \u0161velniai valo ir pa\u0161alina makia\u017e\u0105 bei ne\u0161varumus, i\u0161laikydamas nat\u016brali\u0105 odos apsaug\u0105. Formul\u0117 su akacij\u0173 medumi, kuriame gausu vitamin\u0173, cukr\u0173 ir mikroelement\u0173, dr\u0117kina od\u0105, pa\u017eadina jos gyvybingum\u0105 ir suteikia spindesio. Naudojimas: veido, aki\u0173 ir l\u016bp\u0173 od\u0105 nuvalykite vatos diskeliu. Nereikia nuplauti. Taip pat tinka jautriai odai. Tik i\u0161oriniam naudojimui. Laikyti vaikams nepasiekiamoje [&#8230;]\n","protected":false},"featured_media":96050,"template":"","meta":[],"product_cat":[1570],"product_tag":[],"class_list":{"0":"post-77472","1":"product","2":"type-product","3":"status-publish","4":"has-post-thumbnail","6":"product_brand-ciccarelli_it-lt","7":"product_cat-micelinis-vanduo","9":"first","10":"instock","11":"taxable","12":"shipping-taxable","13":"product-type-simple"},"_links":{"self":[{"href":"https:\/\/e.kosmolat.eu\/lt\/wp-json\/wp\/v2\/product\/77472","targetHints":{"allow":["GET"]}}],"collection":[{"href":"https:\/\/e.kosmolat.eu\/lt\/wp-json\/wp\/v2\/product"}],"about":[{"href":"https:\/\/e.kosmolat.eu\/lt\/wp-json\/wp\/v2\/types\/product"}],"wp:featuredmedia":[{"embeddable":true,"href":"https:\/\/e.kosmolat.eu\/lt\/wp-json\/wp\/v2\/media\/96050"}],"wp:attachment":[{"href":"https:\/\/e.kosmolat.eu\/lt\/wp-json\/wp\/v2\/media?parent=77472"}],"wp:term":[{"taxonomy":"product_cat","embeddable":true,"href":"https:\/\/e.kosmolat.eu\/lt\/wp-json\/wp\/v2\/product_cat?post=77472"},{"taxonomy":"product_tag","embeddable":true,"href":"https:\/\/e.kosmolat.eu\/lt\/wp-json\/wp\/v2\/product_tag?post=77472"}],"curies":[{"name":"wp","href":"https:\/\/api.w.org\/{rel}","templated":true}]}}