{"id":77468,"date":"2025-08-08T04:02:50","date_gmt":"2025-08-08T04:02:50","guid":{"rendered":"https:\/\/e.kosmolat.eu\/product\/cera-di-cupra-attiross-pienins-ar-pienu-un-medu-200-ml\/"},"modified":"2026-04-15T07:41:05","modified_gmt":"2026-04-15T07:41:05","slug":"cera-di-cupra-attiross-pienins-ar-pienu-un-medu-200-ml","status":"publish","type":"product","link":"https:\/\/e.kosmolat.eu\/lt\/produktas\/cera-di-cupra-attiross-pienins-ar-pienu-un-medu-200-ml\/","title":{"rendered":"CERA DI CUPRA valomasis pienelis su pienu ir medumi, 200 ml"},"content":{"rendered":"<p>Valomasis pienelis \u0161velniai pa\u0161alina makia\u017e\u0105 ir ne\u0161varumus, palikdamas od\u0105 \u0161velni\u0105 ir apsaugot\u0105. Sud\u0117tyje yra ro\u017ei\u0173 medaus \u2013 gryno medaus ir ro\u017ei\u0173 distiliato derinio, kuris dr\u0117kina od\u0105 ir suteikia komforto poj\u016bt\u012f.<br \/>\nD\u0117l itin \u0161velnios formul\u0117s tinka net jautriai odai.<\/p>\n<p>Naudojimas: tepkite priemon\u0119 lengvais masa\u017euojamaisiais judesiais. ant veido ir aplink akis. Nuvalykite vatos diskeliu arba \u0161iltu vandeniu.<\/p>\n<p>Tik i\u0161oriniam naudojimui. Laikyti vaikams nepasiekiamoje vietoje. Sud\u0117tyje n\u0117ra SLES ar da\u017eikli\u0173.<\/p>\n","protected":false},"excerpt":{"rendered":"<p>Valomasis pienelis \u0161velniai pa\u0161alina makia\u017e\u0105 ir ne\u0161varumus, palikdamas od\u0105 \u0161velni\u0105 ir apsaugot\u0105. Sud\u0117tyje yra ro\u017ei\u0173 medaus \u2013 gryno medaus ir ro\u017ei\u0173 distiliato derinio, kuris dr\u0117kina od\u0105 ir suteikia komforto poj\u016bt\u012f. D\u0117l itin \u0161velnios formul\u0117s tinka net jautriai odai. Naudojimas: tepkite priemon\u0119 lengvais masa\u017euojamaisiais judesiais. ant veido ir aplink akis. Nuvalykite vatos diskeliu arba \u0161iltu vandeniu. [&#8230;]\n","protected":false},"featured_media":96046,"template":"","meta":[],"product_cat":[1574],"product_tag":[],"class_list":{"0":"post-77468","1":"product","2":"type-product","3":"status-publish","4":"has-post-thumbnail","6":"product_brand-ciccarelli_it-lt","7":"product_cat-pieneliai-ir-aliejai","9":"first","10":"outofstock","11":"taxable","12":"shipping-taxable","13":"product-type-simple"},"_links":{"self":[{"href":"https:\/\/e.kosmolat.eu\/lt\/wp-json\/wp\/v2\/product\/77468","targetHints":{"allow":["GET"]}}],"collection":[{"href":"https:\/\/e.kosmolat.eu\/lt\/wp-json\/wp\/v2\/product"}],"about":[{"href":"https:\/\/e.kosmolat.eu\/lt\/wp-json\/wp\/v2\/types\/product"}],"wp:featuredmedia":[{"embeddable":true,"href":"https:\/\/e.kosmolat.eu\/lt\/wp-json\/wp\/v2\/media\/96046"}],"wp:attachment":[{"href":"https:\/\/e.kosmolat.eu\/lt\/wp-json\/wp\/v2\/media?parent=77468"}],"wp:term":[{"taxonomy":"product_cat","embeddable":true,"href":"https:\/\/e.kosmolat.eu\/lt\/wp-json\/wp\/v2\/product_cat?post=77468"},{"taxonomy":"product_tag","embeddable":true,"href":"https:\/\/e.kosmolat.eu\/lt\/wp-json\/wp\/v2\/product_tag?post=77468"}],"curies":[{"name":"wp","href":"https:\/\/api.w.org\/{rel}","templated":true}]}}