{"id":77464,"date":"2025-08-08T04:02:35","date_gmt":"2025-08-08T04:02:35","guid":{"rendered":"https:\/\/e.kosmolat.eu\/product\/cera-di-cupra-salvetes-sejas-un-acu-grima-non-ar-medu-visiem-adas-tip-20-gab\/"},"modified":"2026-03-31T08:07:05","modified_gmt":"2026-03-31T08:07:05","slug":"cera-di-cupra-salvetes-sejas-un-acu-grima-non-ar-medu-visiem-adas-tip-20-gab","status":"publish","type":"product","link":"https:\/\/e.kosmolat.eu\/lt\/produktas\/cera-di-cupra-salvetes-sejas-un-acu-grima-non-ar-medu-visiem-adas-tip-20-gab\/","title":{"rendered":"CERA DI CUPRA Makia\u017eo valymo servet\u0117l\u0117s veidui ir akims su medumi visiems odos tipams, 20 vnt."},"content":{"rendered":"<p>Supermink\u0161tos servet\u0117l\u0117s vienu lengvu judesiu pa\u0161alina makia\u017e\u0105 ir ne\u0161varumus nuo veido ir aki\u0173 srities. Pagamintos i\u0161 100 % nat\u016bralaus biologi\u0161kai skaidaus audinio.<\/p>\n<p>Praturtintos akacij\u0173 medumi, kuriame gausu cukr\u0173, vitamin\u0173 ir mikroelement\u0173, dr\u0117kinan\u010di\u0173 od\u0105 ir atkurian\u010di\u0173 jos gyvybingum\u0105.<br \/>\nRezultatas: oda tampa gaivi, sudr\u0117kinta ir spindinti.<\/p>\n<p>Naudojimas: \u0160velniai nuvalykite veid\u0105, akis ir kakl\u0105 servet\u0117le. Nuplauti nereikia. Po naudojimo sandariai u\u017edarykite pakuot\u0119.<\/p>\n<p>Tik i\u0161oriniam naudojimui. Laikyti vaikams nepasiekiamoje vietoje. Sud\u0117tyje n\u0117ra SLES ar da\u017eikli\u0173.<\/p>\n","protected":false},"excerpt":{"rendered":"<p>Supermink\u0161tos servet\u0117l\u0117s vienu lengvu judesiu pa\u0161alina makia\u017e\u0105 ir ne\u0161varumus nuo veido ir aki\u0173 srities. Pagamintos i\u0161 100 % nat\u016bralaus biologi\u0161kai skaidaus audinio. Praturtintos akacij\u0173 medumi, kuriame gausu cukr\u0173, vitamin\u0173 ir mikroelement\u0173, dr\u0117kinan\u010di\u0173 od\u0105 ir atkurian\u010di\u0173 jos gyvybingum\u0105. Rezultatas: oda tampa gaivi, sudr\u0117kinta ir spindinti. Naudojimas: \u0160velniai nuvalykite veid\u0105, akis ir kakl\u0105 servet\u0117le. Nuplauti nereikia. Po [&#8230;]\n","protected":false},"featured_media":96042,"template":"","meta":[],"product_cat":[1808],"product_tag":[],"class_list":{"0":"post-77464","1":"product","2":"type-product","3":"status-publish","4":"has-post-thumbnail","6":"product_brand-ciccarelli_it-lt","7":"product_cat-dregnos-serveteles-ir-nosines","9":"first","10":"instock","11":"taxable","12":"shipping-taxable","13":"product-type-simple"},"_links":{"self":[{"href":"https:\/\/e.kosmolat.eu\/lt\/wp-json\/wp\/v2\/product\/77464","targetHints":{"allow":["GET"]}}],"collection":[{"href":"https:\/\/e.kosmolat.eu\/lt\/wp-json\/wp\/v2\/product"}],"about":[{"href":"https:\/\/e.kosmolat.eu\/lt\/wp-json\/wp\/v2\/types\/product"}],"wp:featuredmedia":[{"embeddable":true,"href":"https:\/\/e.kosmolat.eu\/lt\/wp-json\/wp\/v2\/media\/96042"}],"wp:attachment":[{"href":"https:\/\/e.kosmolat.eu\/lt\/wp-json\/wp\/v2\/media?parent=77464"}],"wp:term":[{"taxonomy":"product_cat","embeddable":true,"href":"https:\/\/e.kosmolat.eu\/lt\/wp-json\/wp\/v2\/product_cat?post=77464"},{"taxonomy":"product_tag","embeddable":true,"href":"https:\/\/e.kosmolat.eu\/lt\/wp-json\/wp\/v2\/product_tag?post=77464"}],"curies":[{"name":"wp","href":"https:\/\/api.w.org\/{rel}","templated":true}]}}