{"id":77460,"date":"2025-08-08T04:02:18","date_gmt":"2025-08-08T04:02:18","guid":{"rendered":"https:\/\/e.kosmolat.eu\/product\/cera-di-cupra-mat-mitrinoss-krems-taukain-un-kombin-adai-50-ml\/"},"modified":"2026-05-09T02:04:32","modified_gmt":"2026-05-09T02:04:32","slug":"cera-di-cupra-mat-mitrinoss-krems-taukain-un-kombin-adai-50-ml","status":"publish","type":"product","link":"https:\/\/e.kosmolat.eu\/lt\/produktas\/cera-di-cupra-mat-mitrinoss-krems-taukain-un-kombin-adai-50-ml\/","title":{"rendered":"CERA DI CUPRA Dr\u0117kinamasis matinantis atkuriamasis kremas riebiai ir mi\u0161riai odai, 50 ml"},"content":{"rendered":"<p>Propolis ir eukaliptai, specialiai suderinti dr\u0117kinti ir valyti mi\u0161ri\u0105 ir riebi\u0105 od\u0105.<\/p>\n<p>Propolis yra nat\u016bralus antibakterinis komponentas, kur\u012f bit\u0117s naudoja aviliui apsaugoti. Kartu su eukalipt\u0173 ekstraktu jis turi valom\u0105j\u012f poveik\u012f ir padeda atkurti odos pusiausvyr\u0105.<\/p>\n<p>Gaivus ir lengvas matin\u012f efekt\u0105 suteikiantis kremas suteikia optimal\u0173 dr\u0117gm\u0117s lyg\u012f ir ilgalaik\u012f matin\u012f efekt\u0105 \u2013 net ir kar\u0161\u010diausiu oru.<br \/>\nOda i\u0161lieka \u0161vari, matin\u0117 ir spindinti vis\u0105 dien\u0105.<\/p>\n<p>Naudojimas: tepkite ryte ir vakare ant \u0161varios odos. Neriebi tekst\u016bra akimirksniu \u012fsigeria ir suteikia ilgalaik\u012f gaivumo poj\u016bt\u012f. Idealiai tinka kaip makia\u017eo pagrindas.<\/p>\n<p>Tik i\u0161oriniam naudojimui. Laikyti vaikams nepasiekiamoje vietoje. Sud\u0117tyje n\u0117ra silokono ar vazelino<\/p>\n","protected":false},"excerpt":{"rendered":"<p>Propolis ir eukaliptai, specialiai suderinti dr\u0117kinti ir valyti mi\u0161ri\u0105 ir riebi\u0105 od\u0105. Propolis yra nat\u016bralus antibakterinis komponentas, kur\u012f bit\u0117s naudoja aviliui apsaugoti. Kartu su eukalipt\u0173 ekstraktu jis turi valom\u0105j\u012f poveik\u012f ir padeda atkurti odos pusiausvyr\u0105. Gaivus ir lengvas matin\u012f efekt\u0105 suteikiantis kremas suteikia optimal\u0173 dr\u0117gm\u0117s lyg\u012f ir ilgalaik\u012f matin\u012f efekt\u0105 \u2013 net ir kar\u0161\u010diausiu oru. [&#8230;]\n","protected":false},"featured_media":96038,"template":"","meta":[],"product_cat":[1322],"product_tag":[],"class_list":{"0":"post-77460","1":"product","2":"type-product","3":"status-publish","4":"has-post-thumbnail","6":"product_brand-ciccarelli_it-lt","7":"product_cat-veido-kremai","9":"first","10":"instock","11":"taxable","12":"shipping-taxable","13":"product-type-simple"},"_links":{"self":[{"href":"https:\/\/e.kosmolat.eu\/lt\/wp-json\/wp\/v2\/product\/77460","targetHints":{"allow":["GET"]}}],"collection":[{"href":"https:\/\/e.kosmolat.eu\/lt\/wp-json\/wp\/v2\/product"}],"about":[{"href":"https:\/\/e.kosmolat.eu\/lt\/wp-json\/wp\/v2\/types\/product"}],"wp:featuredmedia":[{"embeddable":true,"href":"https:\/\/e.kosmolat.eu\/lt\/wp-json\/wp\/v2\/media\/96038"}],"wp:attachment":[{"href":"https:\/\/e.kosmolat.eu\/lt\/wp-json\/wp\/v2\/media?parent=77460"}],"wp:term":[{"taxonomy":"product_cat","embeddable":true,"href":"https:\/\/e.kosmolat.eu\/lt\/wp-json\/wp\/v2\/product_cat?post=77460"},{"taxonomy":"product_tag","embeddable":true,"href":"https:\/\/e.kosmolat.eu\/lt\/wp-json\/wp\/v2\/product_tag?post=77460"}],"curies":[{"name":"wp","href":"https:\/\/api.w.org\/{rel}","templated":true}]}}