{"id":77456,"date":"2025-08-08T04:02:03","date_gmt":"2025-08-08T04:02:03","guid":{"rendered":"https:\/\/e.kosmolat.eu\/product\/cera-di-cupra-mitrinoss-krems-jutigai-adai-50-ml\/"},"modified":"2026-04-01T09:33:55","modified_gmt":"2026-04-01T09:33:55","slug":"cera-di-cupra-mitrinoss-krems-jutigai-adai-50-ml","status":"publish","type":"product","link":"https:\/\/e.kosmolat.eu\/lt\/produktas\/cera-di-cupra-mitrinoss-krems-jutigai-adai-50-ml\/","title":{"rendered":"CERA DI CUPRA Dr\u0117kinamasis kremas jautriai odai, 50 ml"},"content":{"rendered":"<p>Sud\u0117tyje yra ro\u017ei\u0173 medaus \u2013 gryno medaus ir \u0161imtalapi\u0173 ro\u017ei\u0173 distiliato mi\u0161inio, tradici\u0161kai naudojamo jautrios odos paraudimui raminti. Praturtintas simondsij\u0173 aliejumi, kremas stiprina nat\u016bral\u0173 odos apsaugin\u012f barjer\u0105, tod\u0117l ji i\u0161lieka \u0161velni ir mink\u0161ta vis\u0105 dien\u0105. Maitinamoji formul\u0117 atkuria optimal\u0173 dr\u0117gm\u0117s lyg\u012f, maitina ir apsaugo jautri\u0105 ir saus\u0105 od\u0105.<\/p>\n<p>Naudojimas: Idealiai tinka naudoti ryte, siekiant apsaugoti od\u0105 nuo agresyvaus aplinkos poveikio. Taip pat rekomenduojama vakare \u2013 kaip naktin\u0119 kauk\u0119 maksimaliam komforto jausmui.<\/p>\n<p>Tik i\u0161oriniam naudojimui. Laikyti vaikams nepasiekiamoje vietoje. Sud\u0117tyje n\u0117ra SLES ar da\u017eikli\u0173.<\/p>\n","protected":false},"excerpt":{"rendered":"<p>Sud\u0117tyje yra ro\u017ei\u0173 medaus \u2013 gryno medaus ir \u0161imtalapi\u0173 ro\u017ei\u0173 distiliato mi\u0161inio, tradici\u0161kai naudojamo jautrios odos paraudimui raminti. Praturtintas simondsij\u0173 aliejumi, kremas stiprina nat\u016bral\u0173 odos apsaugin\u012f barjer\u0105, tod\u0117l ji i\u0161lieka \u0161velni ir mink\u0161ta vis\u0105 dien\u0105. Maitinamoji formul\u0117 atkuria optimal\u0173 dr\u0117gm\u0117s lyg\u012f, maitina ir apsaugo jautri\u0105 ir saus\u0105 od\u0105. Naudojimas: Idealiai tinka naudoti ryte, siekiant apsaugoti [&#8230;]\n","protected":false},"featured_media":96034,"template":"","meta":[],"product_cat":[1322],"product_tag":[],"class_list":{"0":"post-77456","1":"product","2":"type-product","3":"status-publish","4":"has-post-thumbnail","6":"product_brand-ciccarelli_it-lt","7":"product_cat-veido-kremai","9":"first","10":"instock","11":"taxable","12":"shipping-taxable","13":"product-type-simple"},"_links":{"self":[{"href":"https:\/\/e.kosmolat.eu\/lt\/wp-json\/wp\/v2\/product\/77456","targetHints":{"allow":["GET"]}}],"collection":[{"href":"https:\/\/e.kosmolat.eu\/lt\/wp-json\/wp\/v2\/product"}],"about":[{"href":"https:\/\/e.kosmolat.eu\/lt\/wp-json\/wp\/v2\/types\/product"}],"wp:featuredmedia":[{"embeddable":true,"href":"https:\/\/e.kosmolat.eu\/lt\/wp-json\/wp\/v2\/media\/96034"}],"wp:attachment":[{"href":"https:\/\/e.kosmolat.eu\/lt\/wp-json\/wp\/v2\/media?parent=77456"}],"wp:term":[{"taxonomy":"product_cat","embeddable":true,"href":"https:\/\/e.kosmolat.eu\/lt\/wp-json\/wp\/v2\/product_cat?post=77456"},{"taxonomy":"product_tag","embeddable":true,"href":"https:\/\/e.kosmolat.eu\/lt\/wp-json\/wp\/v2\/product_tag?post=77456"}],"curies":[{"name":"wp","href":"https:\/\/api.w.org\/{rel}","templated":true}]}}