{"id":77452,"date":"2025-08-08T04:01:49","date_gmt":"2025-08-08T04:01:49","guid":{"rendered":"https:\/\/e.kosmolat.eu\/product\/cera-di-cupra-ipasi-mitr-aizsarg-krems-norm-adai-50-ml\/"},"modified":"2026-05-09T02:04:04","modified_gmt":"2026-05-09T02:04:04","slug":"cera-di-cupra-ipasi-mitr-aizsarg-krems-norm-adai-50-ml","status":"publish","type":"product","link":"https:\/\/e.kosmolat.eu\/lt\/produktas\/cera-di-cupra-ipasi-mitr-aizsarg-krems-norm-adai-50-ml\/","title":{"rendered":"CERA DI CUPRA Itin dr\u0117kinamasis apsauginis kremas normaliai odai, 50 ml"},"content":{"rendered":"<p>Sud\u0117tyje yra 100 % ekologi\u0161ko itali\u0161ko akacij\u0173 medaus, kuriame gausu vitamin\u0173, cukr\u0173 ir mikroelement\u0173. D\u0117l to kremas intensyviai dr\u0117kina od\u0105, pa\u017eadina jos spindes\u012f ir nat\u016bral\u0173 gro\u017e\u012f. Praturtintas g\u0117li\u0173 va\u0161ku, jis padeda i\u0161laikyti dr\u0117gm\u0119, tod\u0117l oda i\u0161lieka tobulai sudr\u0117kinta net ir pa\u010diomis agresyviausiomis i\u0161or\u0117s s\u0105lygomis \u2013 tokiomis kaip \u0161altis, v\u0117jas, u\u017eter\u0161tas oras, oro kondicionieriai ir kt.<\/p>\n<p>Naudojimas: tepkite ryte ir vakare ant \u0161varios odos. Kremas greitai \u012fsigeria ir idealiai tinka kaip makia\u017eo pagrindas. J\u012f taip pat galima naudoti kaip SOS kauk\u0119, skirt\u0105 akimirksniu nuraminti saul\u0117s, v\u0117jo ir smogo paveikt\u0105 od\u0105.<\/p>\n<p>Tik i\u0161oriniam naudojimui. Laikyti vaikams nepasiekiamoje vietoje. Sud\u0117tyje n\u0117ra SLES ar da\u017eikli\u0173.<\/p>\n","protected":false},"excerpt":{"rendered":"<p>Sud\u0117tyje yra 100 % ekologi\u0161ko itali\u0161ko akacij\u0173 medaus, kuriame gausu vitamin\u0173, cukr\u0173 ir mikroelement\u0173. D\u0117l to kremas intensyviai dr\u0117kina od\u0105, pa\u017eadina jos spindes\u012f ir nat\u016bral\u0173 gro\u017e\u012f. Praturtintas g\u0117li\u0173 va\u0161ku, jis padeda i\u0161laikyti dr\u0117gm\u0119, tod\u0117l oda i\u0161lieka tobulai sudr\u0117kinta net ir pa\u010diomis agresyviausiomis i\u0161or\u0117s s\u0105lygomis \u2013 tokiomis kaip \u0161altis, v\u0117jas, u\u017eter\u0161tas oras, oro kondicionieriai ir kt. [&#8230;]\n","protected":false},"featured_media":96030,"template":"","meta":[],"product_cat":[1322],"product_tag":[],"class_list":{"0":"post-77452","1":"product","2":"type-product","3":"status-publish","4":"has-post-thumbnail","6":"product_brand-ciccarelli_it-lt","7":"product_cat-veido-kremai","9":"first","10":"instock","11":"taxable","12":"shipping-taxable","13":"product-type-simple"},"_links":{"self":[{"href":"https:\/\/e.kosmolat.eu\/lt\/wp-json\/wp\/v2\/product\/77452","targetHints":{"allow":["GET"]}}],"collection":[{"href":"https:\/\/e.kosmolat.eu\/lt\/wp-json\/wp\/v2\/product"}],"about":[{"href":"https:\/\/e.kosmolat.eu\/lt\/wp-json\/wp\/v2\/types\/product"}],"wp:featuredmedia":[{"embeddable":true,"href":"https:\/\/e.kosmolat.eu\/lt\/wp-json\/wp\/v2\/media\/96030"}],"wp:attachment":[{"href":"https:\/\/e.kosmolat.eu\/lt\/wp-json\/wp\/v2\/media?parent=77452"}],"wp:term":[{"taxonomy":"product_cat","embeddable":true,"href":"https:\/\/e.kosmolat.eu\/lt\/wp-json\/wp\/v2\/product_cat?post=77452"},{"taxonomy":"product_tag","embeddable":true,"href":"https:\/\/e.kosmolat.eu\/lt\/wp-json\/wp\/v2\/product_tag?post=77452"}],"curies":[{"name":"wp","href":"https:\/\/api.w.org\/{rel}","templated":true}]}}