{"id":77448,"date":"2025-08-08T04:01:36","date_gmt":"2025-08-08T04:01:36","guid":{"rendered":"https:\/\/e.kosmolat.eu\/product\/dr-ciccarelli-s-o-s-unghie-nagu-stiprinoss-gels-10-ml\/"},"modified":"2026-04-07T11:11:15","modified_gmt":"2026-04-07T11:11:15","slug":"dr-ciccarelli-s-o-s-unghie-nagu-stiprinoss-gels-10-ml","status":"publish","type":"product","link":"https:\/\/e.kosmolat.eu\/lt\/produktas\/dr-ciccarelli-s-o-s-unghie-nagu-stiprinoss-gels-10-ml\/","title":{"rendered":"DR. CICCARELLI S.O.S Unghie nag\u0173 stiprinimo gelis, 10 ml"},"content":{"rendered":"<p>S.O.S Unghie\u00ae yra i\u0161oriniam naudojimui skirtas gelis, sukurtas siekiant pa\u0161alinti ir u\u017ekirsti keli\u0105 nag\u0173 silpnumui ant rank\u0173 ir koj\u0173 (trapumui, atsisluoksniavimui ir kt.). Jis tiesiogiai veikia nago<br \/>\nstrukt\u016br\u0105, stiprindamas j\u0105 d\u0117l \u0161i\u0173 nat\u016brali\u0173 veikli\u0173j\u0173 med\u017eiag\u0173 savybi\u0173:<\/p>\n<p>\u2022 Asi\u016bkliai (Equiseto): stiprina ir suteikia elastingumo;<br \/>\n\u2022 Biotinas (vitaminas H): skatina nago plok\u0161tel\u0117s l\u0105steli\u0173 augim\u0105;<br \/>\n\u2022 Pantenolis (provitaminas B5): dr\u0117kina ir stiprina, dalyvauja nag\u0173 l\u0105steli\u0173 atsinaujinime;<br \/>\n\u2022 Chitozanas: turi apsaugin\u012f ir dr\u0117kinam\u0105j\u012f poveik\u012f.<\/p>\n<p>Naudojimo instrukcijos: Teptuku u\u017etepkite S.O.S Unghie\u00ae gel\u012f ant viso nago pavir\u0161iaus, \u012fskaitant srit\u012f po laisvuoju kra\u0161tu, ir leiskite priemonei i\u0161d\u017ei\u016bti. Geriausiems rezultatams pasiekti naudokite ryt\u0105 ir vakare, prie\u0161 tai nusiplov\u0119 ir kruop\u0161\u010diai nusausin\u0119 rankas (arba kojas). Jei reikia, galite papildomai patepti dr\u0117kinamuoju kremu. <\/p>\n<p>Rekomenduojama atlikti kurs\u0105. bent vien\u0105 m\u0117nes\u012f ir kartoti kas 3 m\u0117nesius.<br \/>\nDermatologi\u0161kai patikrinta. Tik i\u0161oriniam naudojimui.<\/p>\n<p>Atsargumo priemon\u0117s: Jei atsiranda dirginimas ar alergijos po\u017eymi\u0173, nutraukite naudojim\u0105. Laikyti atokiai nuo kar\u0161\u010dio. Nenaudoti ant pa\u017eeistos, sudirgusios ar u\u017edegimin\u0117s odos. arba pa\u017eeistai odai. Po kiekvieno naudojimo u\u017edarykite buteliuk\u0105.<br \/>\nAtidarius buteliuk\u0105, geriausias iki terminas nurodytas ant pakuot\u0117s.<\/p>\n","protected":false},"excerpt":{"rendered":"<p>S.O.S Unghie\u00ae yra i\u0161oriniam naudojimui skirtas gelis, sukurtas siekiant pa\u0161alinti ir u\u017ekirsti keli\u0105 nag\u0173 silpnumui ant rank\u0173 ir koj\u0173 (trapumui, atsisluoksniavimui ir kt.). Jis tiesiogiai veikia nago strukt\u016br\u0105, stiprindamas j\u0105 d\u0117l \u0161i\u0173 nat\u016brali\u0173 veikli\u0173j\u0173 med\u017eiag\u0173 savybi\u0173: \u2022 Asi\u016bkliai (Equiseto): stiprina ir suteikia elastingumo; \u2022 Biotinas (vitaminas H): skatina nago plok\u0161tel\u0117s l\u0105steli\u0173 augim\u0105; \u2022 Pantenolis (provitaminas [&#8230;]\n","protected":false},"featured_media":96286,"template":"","meta":[],"product_cat":[1745],"product_tag":[],"class_list":{"0":"post-77448","1":"product","2":"type-product","3":"status-publish","4":"has-post-thumbnail","6":"product_brand-ciccarelli_it-lt","7":"product_cat-nagu-prieziura-ranku-prieziura","9":"first","10":"instock","11":"taxable","12":"shipping-taxable","13":"product-type-simple"},"_links":{"self":[{"href":"https:\/\/e.kosmolat.eu\/lt\/wp-json\/wp\/v2\/product\/77448","targetHints":{"allow":["GET"]}}],"collection":[{"href":"https:\/\/e.kosmolat.eu\/lt\/wp-json\/wp\/v2\/product"}],"about":[{"href":"https:\/\/e.kosmolat.eu\/lt\/wp-json\/wp\/v2\/types\/product"}],"wp:featuredmedia":[{"embeddable":true,"href":"https:\/\/e.kosmolat.eu\/lt\/wp-json\/wp\/v2\/media\/96286"}],"wp:attachment":[{"href":"https:\/\/e.kosmolat.eu\/lt\/wp-json\/wp\/v2\/media?parent=77448"}],"wp:term":[{"taxonomy":"product_cat","embeddable":true,"href":"https:\/\/e.kosmolat.eu\/lt\/wp-json\/wp\/v2\/product_cat?post=77448"},{"taxonomy":"product_tag","embeddable":true,"href":"https:\/\/e.kosmolat.eu\/lt\/wp-json\/wp\/v2\/product_tag?post=77448"}],"curies":[{"name":"wp","href":"https:\/\/api.w.org\/{rel}","templated":true}]}}