{"id":77444,"date":"2025-08-08T04:01:21","date_gmt":"2025-08-08T04:01:21","guid":{"rendered":"https:\/\/e.kosmolat.eu\/product\/dr-ciccarelli-timodore-tulznu-plakst-pedas-virspus-un-papeza-zonai-videj-izmers-5-gab\/"},"modified":"2026-03-21T13:00:58","modified_gmt":"2026-03-21T13:00:58","slug":"dr-ciccarelli-timodore-tulznu-plakst-pedas-virspus-un-papeza-zonai-videj-izmers-5-gab","status":"publish","type":"product","link":"https:\/\/e.kosmolat.eu\/lt\/produktas\/dr-ciccarelli-timodore-tulznu-plakst-pedas-virspus-un-papeza-zonai-videj-izmers-5-gab\/","title":{"rendered":"DR. CICCARELLI Timodore nuospaud\u0173 pleistrai vir\u0161utinei ir apatinei p\u0117dos daliai, vidutinio dyd\u017eio, 5"},"content":{"rendered":"<p>Hidrokoloidiniai vandeniui atspar\u016bs pleistrai, specialiai sukurti siekiant i\u0161vengti trinties ir apsaugoti od\u0105 nuo nuospaud\u0173, atsirandan\u010di\u0173 d\u0117l ilgalaikio bat\u0173 av\u0117jimo. Pagaminti i\u0161 novatori\u0161kos med\u017eiagos, kuri u\u017etikrina optimali\u0105 apsaug\u0105 ir komfort\u0105, padeda suma\u017einti skausm\u0105. Pleistrai tinka naudoti ant p\u0117dos vir\u0161aus ir ant kulno. Rekomenduojama naudoti ant \u0161varios, sausos odos. Dermatologi\u0161kai patikrinta.<\/p>\n<p>Naudojimas: atidarykite pakuot\u0119, nuimkite apsaugin\u0119 pl\u0117vel\u0119 ir \u0161velniai u\u017eklijuokite pleistr\u0105 ant pa\u017eeistos vietos. \u0160velniai paspauskite kra\u0161tus, kad geriau prilipt\u0173 prie odos. Panaudojus i\u0161meskite. Nenaudokite ant atvir\u0173 \u017eaizd\u0173 ar infekcij\u0173. Laikyti vaikams nepasiekiamoje  v\u0117sioje ir sausoje vietoje.<\/p>\n","protected":false},"excerpt":{"rendered":"<p>Hidrokoloidiniai vandeniui atspar\u016bs pleistrai, specialiai sukurti siekiant i\u0161vengti trinties ir apsaugoti od\u0105 nuo nuospaud\u0173, atsirandan\u010di\u0173 d\u0117l ilgalaikio bat\u0173 av\u0117jimo. Pagaminti i\u0161 novatori\u0161kos med\u017eiagos, kuri u\u017etikrina optimali\u0105 apsaug\u0105 ir komfort\u0105, padeda suma\u017einti skausm\u0105. Pleistrai tinka naudoti ant p\u0117dos vir\u0161aus ir ant kulno. Rekomenduojama naudoti ant \u0161varios, sausos odos. Dermatologi\u0161kai patikrinta. Naudojimas: atidarykite pakuot\u0119, nuimkite apsaugin\u0119 pl\u0117vel\u0119 [&#8230;]\n","protected":false},"featured_media":96282,"template":"","meta":[],"product_cat":[1829],"product_tag":[],"class_list":{"0":"post-77444","1":"product","2":"type-product","3":"status-publish","4":"has-post-thumbnail","6":"product_brand-ciccarelli_it-lt","7":"product_cat-kuno-prieziuros-priemones","9":"first","10":"outofstock","11":"taxable","12":"shipping-taxable","13":"product-type-simple"},"_links":{"self":[{"href":"https:\/\/e.kosmolat.eu\/lt\/wp-json\/wp\/v2\/product\/77444","targetHints":{"allow":["GET"]}}],"collection":[{"href":"https:\/\/e.kosmolat.eu\/lt\/wp-json\/wp\/v2\/product"}],"about":[{"href":"https:\/\/e.kosmolat.eu\/lt\/wp-json\/wp\/v2\/types\/product"}],"wp:featuredmedia":[{"embeddable":true,"href":"https:\/\/e.kosmolat.eu\/lt\/wp-json\/wp\/v2\/media\/96282"}],"wp:attachment":[{"href":"https:\/\/e.kosmolat.eu\/lt\/wp-json\/wp\/v2\/media?parent=77444"}],"wp:term":[{"taxonomy":"product_cat","embeddable":true,"href":"https:\/\/e.kosmolat.eu\/lt\/wp-json\/wp\/v2\/product_cat?post=77444"},{"taxonomy":"product_tag","embeddable":true,"href":"https:\/\/e.kosmolat.eu\/lt\/wp-json\/wp\/v2\/product_tag?post=77444"}],"curies":[{"name":"wp","href":"https:\/\/api.w.org\/{rel}","templated":true}]}}