{"id":77440,"date":"2025-08-08T04:01:05","date_gmt":"2025-08-08T04:01:05","guid":{"rendered":"https:\/\/e.kosmolat.eu\/product\/dr-ciccarelli-timodore-aizsargplaksteri-pret-cietajam-varzacim-4-gab\/"},"modified":"2025-09-23T04:02:07","modified_gmt":"2025-09-23T04:02:07","slug":"dr-ciccarelli-timodore-aizsargplaksteri-pret-cietajam-varzacim-4-gab","status":"publish","type":"product","link":"https:\/\/e.kosmolat.eu\/lt\/produktas\/dr-ciccarelli-timodore-aizsargplaksteri-pret-cietajam-varzacim-4-gab\/","title":{"rendered":"DR. CICCARELLI Timodore apsauginiai pleistrai nuo kiet\u0173 nuospaud\u0173, 4 vnt."},"content":{"rendered":"<p>Apsaugo nuo kiet\u0173 nuospaud\u0173, pritrynim\u0173 ir \u0161iurk\u0161\u010dios odos. 100 % biologi\u0161kai skaidus produktas. Pleistrai apsaugo p\u0117das nuo bat\u0173 trinties, neleid\u017eia v\u0117l susidaryti kietoms nuospaudoms (\u0161iurk\u0161\u010diai odai) ir ma\u017eina skausm\u0105.<\/p>\n<p>Taip pat tinka  tarpupir\u0161\u010di\u0173 nuospaudoms.<\/p>\n<p>Naudojimo instrukcijos:<br \/>\nPleistr\u0105 u\u017eklijuokite ant \u0161varios, sausos odos, tiksliai trinties srities centre. Lengvai paspauskite, kad u\u017etikrintum\u0117te tvirt\u0105 fiksacij\u0105. Optimaliai higienai rekomenduojama pleistr\u0105 keisti kasdien. P\u0117d\u0173 vonel\u0117ms galima naudoti \u201eTimodore Oxysalts\u201c. Dermatologi\u0161kai patikrintas.<\/p>\n<p>Atsargumo priemon\u0117s: Nenaudokite ant pa\u017eeistos ar suskilin\u0117jusios odos.<\/p>\n<p>Laikyti vaikams nepasiekiamoje vietoje.<br \/>\nProdukto sud\u0117tyje yra latekso. Nenaudokite, jei esate jautrus bet kuriai i\u0161 sudedam\u0173j\u0173 dali\u0173. Tik i\u0161oriniam naudojimui.<br \/>\nPagrindin\u0117 med\u017eiaga: mink\u0161ta neaustin\u0117 med\u017eiaga.<\/p>\n","protected":false},"excerpt":{"rendered":"<p>Apsaugo nuo kiet\u0173 nuospaud\u0173, pritrynim\u0173 ir \u0161iurk\u0161\u010dios odos. 100 % biologi\u0161kai skaidus produktas. Pleistrai apsaugo p\u0117das nuo bat\u0173 trinties, neleid\u017eia v\u0117l susidaryti kietoms nuospaudoms (\u0161iurk\u0161\u010diai odai) ir ma\u017eina skausm\u0105. Taip pat tinka tarpupir\u0161\u010di\u0173 nuospaudoms. Naudojimo instrukcijos: Pleistr\u0105 u\u017eklijuokite ant \u0161varios, sausos odos, tiksliai trinties srities centre. Lengvai paspauskite, kad u\u017etikrintum\u0117te tvirt\u0105 fiksacij\u0105. Optimaliai higienai rekomenduojama [&#8230;]\n","protected":false},"featured_media":78465,"template":"","meta":[],"product_cat":[1767],"product_tag":[],"class_list":{"0":"post-77440","1":"product","2":"type-product","3":"status-publish","4":"has-post-thumbnail","6":"product_brand-ciccarelli_it-lt","7":"product_cat-koju-prieziuros-priedai","9":"first","10":"outofstock","11":"taxable","12":"shipping-taxable","13":"product-type-simple"},"_links":{"self":[{"href":"https:\/\/e.kosmolat.eu\/lt\/wp-json\/wp\/v2\/product\/77440","targetHints":{"allow":["GET"]}}],"collection":[{"href":"https:\/\/e.kosmolat.eu\/lt\/wp-json\/wp\/v2\/product"}],"about":[{"href":"https:\/\/e.kosmolat.eu\/lt\/wp-json\/wp\/v2\/types\/product"}],"wp:featuredmedia":[{"embeddable":true,"href":"https:\/\/e.kosmolat.eu\/lt\/wp-json\/wp\/v2\/media\/78465"}],"wp:attachment":[{"href":"https:\/\/e.kosmolat.eu\/lt\/wp-json\/wp\/v2\/media?parent=77440"}],"wp:term":[{"taxonomy":"product_cat","embeddable":true,"href":"https:\/\/e.kosmolat.eu\/lt\/wp-json\/wp\/v2\/product_cat?post=77440"},{"taxonomy":"product_tag","embeddable":true,"href":"https:\/\/e.kosmolat.eu\/lt\/wp-json\/wp\/v2\/product_tag?post=77440"}],"curies":[{"name":"wp","href":"https:\/\/api.w.org\/{rel}","templated":true}]}}