{"id":77436,"date":"2025-08-08T04:00:48","date_gmt":"2025-08-08T04:00:48","guid":{"rendered":"https:\/\/e.kosmolat.eu\/product\/dr-ciccarelli-timodore-plaksteri-cieto-varzacu-nonems-6-gab\/"},"modified":"2026-04-23T08:26:13","modified_gmt":"2026-04-23T08:26:13","slug":"dr-ciccarelli-timodore-plaksteri-cieto-varzacu-nonems-6-gab","status":"publish","type":"product","link":"https:\/\/e.kosmolat.eu\/lt\/produktas\/dr-ciccarelli-timodore-plaksteri-cieto-varzacu-nonems-6-gab\/","title":{"rendered":"DR. CICCARELLI Timodore pleistrai kietoms nuospaudoms \u0161alinti, 6 vnt."},"content":{"rendered":"<p>\u012e komplekt\u0105 \u012feina: 6 \u0161alinimo diskai + 6 apsauginiai pleistrai.<\/p>\n<p>Apra\u0161ymas: Dr. Ciccarelli pleistrai padeda greitai ir neskausmingai pa\u0161alinti kietas nuospaudas (da\u017eniausiai ant koj\u0173 pir\u0161t\u0173). Taip pat tinka nuospaudoms \u0161alinti ant rank\u0173. Rinkinyje yra \u012fvairi\u0173 dyd\u017ei\u0173 pleistrai su patogiu u\u017esegimu ir med\u017eiaginiu pagrindu, kur\u012f galima nukirpti iki norimo dyd\u017eio.<\/p>\n<p>Naudojimo instrukcijos: Nuospaud\u0105 pa\u0161ildykite \u0161iltame vandenyje (rekomenduojama su \u201eTimodore OxySalts\u201c). U\u017ed\u0117kite \u0161alinimo disk\u0105 tiesiai ant nuospaudos. U\u017efiksuokite specialiu apsauginiu pleistru vir\u0161uje. Tvirtai paspauskite kra\u0161tus. Palaikykite 48 valandas. Po to dar kart\u0105 pa\u0161ildykite od\u0105 garuose ir atsargiai nuimkite pleistr\u0105 kartu su nuospauda. Jei reikia, pakartokite proced\u016br\u0105.<\/p>\n<p>Svarbu: Nenaudoti ant paraudusios, \u017eaizdotos ar u\u017edegimin\u0117s odos.<br \/>\nLaikyti vaikams nepasiekiamoje vietoje. Tik i\u0161oriniam naudojimui.<br \/>\nVeikliosios med\u017eiagos: salicilo r\u016bg\u0161tis 30 %.<\/p>\n","protected":false},"excerpt":{"rendered":"<p>\u012e komplekt\u0105 \u012feina: 6 \u0161alinimo diskai + 6 apsauginiai pleistrai. Apra\u0161ymas: Dr. Ciccarelli pleistrai padeda greitai ir neskausmingai pa\u0161alinti kietas nuospaudas (da\u017eniausiai ant koj\u0173 pir\u0161t\u0173). Taip pat tinka nuospaudoms \u0161alinti ant rank\u0173. Rinkinyje yra \u012fvairi\u0173 dyd\u017ei\u0173 pleistrai su patogiu u\u017esegimu ir med\u017eiaginiu pagrindu, kur\u012f galima nukirpti iki norimo dyd\u017eio. Naudojimo instrukcijos: Nuospaud\u0105 pa\u0161ildykite \u0161iltame vandenyje [&#8230;]\n","protected":false},"featured_media":96278,"template":"","meta":[],"product_cat":[1767],"product_tag":[],"class_list":{"0":"post-77436","1":"product","2":"type-product","3":"status-publish","4":"has-post-thumbnail","6":"product_brand-ciccarelli_it-lt","7":"product_cat-koju-prieziuros-priedai","9":"first","10":"instock","11":"taxable","12":"shipping-taxable","13":"product-type-simple"},"_links":{"self":[{"href":"https:\/\/e.kosmolat.eu\/lt\/wp-json\/wp\/v2\/product\/77436","targetHints":{"allow":["GET"]}}],"collection":[{"href":"https:\/\/e.kosmolat.eu\/lt\/wp-json\/wp\/v2\/product"}],"about":[{"href":"https:\/\/e.kosmolat.eu\/lt\/wp-json\/wp\/v2\/types\/product"}],"wp:featuredmedia":[{"embeddable":true,"href":"https:\/\/e.kosmolat.eu\/lt\/wp-json\/wp\/v2\/media\/96278"}],"wp:attachment":[{"href":"https:\/\/e.kosmolat.eu\/lt\/wp-json\/wp\/v2\/media?parent=77436"}],"wp:term":[{"taxonomy":"product_cat","embeddable":true,"href":"https:\/\/e.kosmolat.eu\/lt\/wp-json\/wp\/v2\/product_cat?post=77436"},{"taxonomy":"product_tag","embeddable":true,"href":"https:\/\/e.kosmolat.eu\/lt\/wp-json\/wp\/v2\/product_tag?post=77436"}],"curies":[{"name":"wp","href":"https:\/\/api.w.org\/{rel}","templated":true}]}}