{"id":77432,"date":"2025-08-07T13:50:44","date_gmt":"2025-08-07T13:50:44","guid":{"rendered":"https:\/\/e.kosmolat.eu\/product\/dsc-rosemary-mint-oil-matu-maska-ar-rozmar-piparm-un-naves-juras-miner-500-ml\/"},"modified":"2026-05-08T21:55:01","modified_gmt":"2026-05-08T21:55:01","slug":"dsc-rosemary-mint-oil-matu-maska-ar-rozmar-piparm-un-naves-juras-miner-500-ml","status":"publish","type":"product","link":"https:\/\/e.kosmolat.eu\/lt\/produktas\/dsc-rosemary-mint-oil-matu-maska-ar-rozmar-piparm-un-naves-juras-miner-500-ml\/","title":{"rendered":"DEAD SEA COLLECTION Rosemary + Mint Oil Kauk\u0117 plaukams su rozmarinais, m\u0117t\u0173 aliejumi ir Negyvosios j"},"content":{"rendered":"<p>Formul\u0117, praturtinta Negyvosios j\u016bros mineralais ir rozmarinais bei m\u0117tomis, padeda dr\u0117kinti ir maitinti plaukus, suteikdama jiems blizgesio, apimties ir spindesio.<\/p>\n<p>Naudojimas: Tepkite ant plauk\u0173 per vis\u0105 ilg\u012f po trinkimo \u0161amp\u016bnu. Palaikykite 3\u20135 minutes, tada nuplaukite.<\/p>\n","protected":false},"excerpt":{"rendered":"<p>Formul\u0117, praturtinta Negyvosios j\u016bros mineralais ir rozmarinais bei m\u0117tomis, padeda dr\u0117kinti ir maitinti plaukus, suteikdama jiems blizgesio, apimties ir spindesio. Naudojimas: Tepkite ant plauk\u0173 per vis\u0105 ilg\u012f po trinkimo \u0161amp\u016bnu. Palaikykite 3\u20135 minutes, tada nuplaukite.<\/p>\n","protected":false},"featured_media":93910,"template":"","meta":[],"product_cat":[1256],"product_tag":[],"class_list":{"0":"post-77432","1":"product","2":"type-product","3":"status-publish","4":"has-post-thumbnail","6":"product_brand-dead-sea_il-lt","7":"product_cat-plauku-kaukes","9":"first","10":"instock","11":"taxable","12":"shipping-taxable","13":"product-type-simple"},"_links":{"self":[{"href":"https:\/\/e.kosmolat.eu\/lt\/wp-json\/wp\/v2\/product\/77432","targetHints":{"allow":["GET"]}}],"collection":[{"href":"https:\/\/e.kosmolat.eu\/lt\/wp-json\/wp\/v2\/product"}],"about":[{"href":"https:\/\/e.kosmolat.eu\/lt\/wp-json\/wp\/v2\/types\/product"}],"wp:featuredmedia":[{"embeddable":true,"href":"https:\/\/e.kosmolat.eu\/lt\/wp-json\/wp\/v2\/media\/93910"}],"wp:attachment":[{"href":"https:\/\/e.kosmolat.eu\/lt\/wp-json\/wp\/v2\/media?parent=77432"}],"wp:term":[{"taxonomy":"product_cat","embeddable":true,"href":"https:\/\/e.kosmolat.eu\/lt\/wp-json\/wp\/v2\/product_cat?post=77432"},{"taxonomy":"product_tag","embeddable":true,"href":"https:\/\/e.kosmolat.eu\/lt\/wp-json\/wp\/v2\/product_tag?post=77432"}],"curies":[{"name":"wp","href":"https:\/\/api.w.org\/{rel}","templated":true}]}}