{"id":77428,"date":"2025-08-07T13:20:42","date_gmt":"2025-08-07T13:20:42","guid":{"rendered":"https:\/\/e.kosmolat.eu\/product\/gp-skidras-ziepes-kumelite-un-linseklas-460-ml\/"},"modified":"2026-04-10T09:13:11","modified_gmt":"2026-04-10T09:13:11","slug":"gp-skidras-ziepes-kumelite-un-linseklas-460-ml","status":"publish","type":"product","link":"https:\/\/e.kosmolat.eu\/lt\/produktas\/gp-skidras-ziepes-kumelite-un-linseklas-460-ml\/","title":{"rendered":"&#8220;Green Pharmacy&#8221; Liquid Soap Chamomile and Flax 460ml"},"content":{"rendered":"<p>Valo od\u0105, padaro j\u0105 lygi\u0105. Sud\u0117tyje yra lin\u0173 aliejaus ir ramun\u0117li\u0173 ekstrakto.<\/p>\n<p>Atsargumo priemon\u0117s: padid\u0117j\u0119s individualus jautrumas atskiriems komponentams.<\/p>\n<p>Laikymo temperat\u016bra: laikyti nuo +5\u00b0C iki +25\u00b0C temperat\u016broje.<\/p>\n<p>Geriausias: 30 m\u0117nesi\u0173 nuo pagaminimo datos.<\/p>\n","protected":false},"excerpt":{"rendered":"<p>Valo od\u0105, padaro j\u0105 lygi\u0105. Sud\u0117tyje yra lin\u0173 aliejaus ir ramun\u0117li\u0173 ekstrakto. Atsargumo priemon\u0117s: padid\u0117j\u0119s individualus jautrumas atskiriems komponentams. Laikymo temperat\u016bra: laikyti nuo +5\u00b0C iki +25\u00b0C temperat\u016broje. Geriausias: 30 m\u0117nesi\u0173 nuo pagaminimo datos.<\/p>\n","protected":false},"featured_media":95878,"template":"","meta":[],"product_cat":[1748],"product_tag":[],"class_list":{"0":"post-77428","1":"product","2":"type-product","3":"status-publish","4":"has-post-thumbnail","6":"product_brand-elfa_ua-lt","7":"product_cat-skystas-muilas","9":"first","10":"instock","11":"taxable","12":"shipping-taxable","13":"product-type-simple"},"_links":{"self":[{"href":"https:\/\/e.kosmolat.eu\/lt\/wp-json\/wp\/v2\/product\/77428","targetHints":{"allow":["GET"]}}],"collection":[{"href":"https:\/\/e.kosmolat.eu\/lt\/wp-json\/wp\/v2\/product"}],"about":[{"href":"https:\/\/e.kosmolat.eu\/lt\/wp-json\/wp\/v2\/types\/product"}],"wp:featuredmedia":[{"embeddable":true,"href":"https:\/\/e.kosmolat.eu\/lt\/wp-json\/wp\/v2\/media\/95878"}],"wp:attachment":[{"href":"https:\/\/e.kosmolat.eu\/lt\/wp-json\/wp\/v2\/media?parent=77428"}],"wp:term":[{"taxonomy":"product_cat","embeddable":true,"href":"https:\/\/e.kosmolat.eu\/lt\/wp-json\/wp\/v2\/product_cat?post=77428"},{"taxonomy":"product_tag","embeddable":true,"href":"https:\/\/e.kosmolat.eu\/lt\/wp-json\/wp\/v2\/product_tag?post=77428"}],"curies":[{"name":"wp","href":"https:\/\/api.w.org\/{rel}","templated":true}]}}