{"id":77423,"date":"2025-08-07T04:01:13","date_gmt":"2025-08-07T04:01:13","guid":{"rendered":"https:\/\/e.kosmolat.eu\/product\/dr-ciccarelli-s-o-s-pelle-nomierinoss-krems-glabejs-25-ml\/"},"modified":"2026-03-26T10:11:57","modified_gmt":"2026-03-26T10:11:57","slug":"dr-ciccarelli-s-o-s-pelle-nomierinoss-krems-glabejs-25-ml","status":"publish","type":"product","link":"https:\/\/e.kosmolat.eu\/lt\/produktas\/dr-ciccarelli-s-o-s-pelle-nomierinoss-krems-glabejs-25-ml\/","title":{"rendered":"DR. CICCARELLI S.O.S Pelle raminamasis kremas-gelb\u0117tojas, 25 ml"},"content":{"rendered":"<p>\u201eS.O.S. Pelle\u201c \u2013 tai gaivinantis kremas, kuris greitai ir efektyviai nuramina od\u0105, kai ji veikiama saul\u0117s, v\u0117jo, \u0161al\u010dio, skutimosi, depiliacijos ir s\u0105ly\u010dio su dirgikliais (pvz., muilu).<\/p>\n<p>Kremas savo raminam\u0105sias savybes suteikia patentuotas \u201eSinksave\u00ae\u201c kompleksas \u2013 nat\u016brali\u0173 veikli\u0173j\u0173 med\u017eiag\u0173, gaut\u0173 i\u0161 kapar\u0117li\u0173, alyvuogi\u0173 ir opuncij\u0173, mi\u0161inys. taip pat kiti nat\u016bral\u016bs ingredientai, tokie kaip \u201eLipex L\u2019Sens\u201c, \u201eRhamnosoft\u201c ir betainas.<\/p>\n<p>\u2022 \u201eLipex L Sens\u201c (i\u0161gautas i\u0161 taukmed\u017ei\u0173 sviesto) \u2013 pasi\u017eymi raminan\u010diu ir atkuriamuoju poveikiu.<\/p>\n<p>\u2022 \u201eRhamnosoft\u201c (augalinis) \u2013 sustiprina raminam\u0105j\u012f \u201eSkinSave\u00ae\u201c komplekso poveik\u012f.<\/p>\n<p>\u2022 Betainas (burok\u0117li\u0173 ekstraktas) \u2013 pasi\u017eymi dr\u0117kinamuoju poveikiu.<br \/>\nBe paraben\u0173 ir silikon\u0173.<br \/>\nTik i\u0161oriniam naudojimui. Laikyti vaikams nepasiekiamoje vietoje.<\/p>\n","protected":false},"excerpt":{"rendered":"<p>\u201eS.O.S. Pelle\u201c \u2013 tai gaivinantis kremas, kuris greitai ir efektyviai nuramina od\u0105, kai ji veikiama saul\u0117s, v\u0117jo, \u0161al\u010dio, skutimosi, depiliacijos ir s\u0105ly\u010dio su dirgikliais (pvz., muilu). Kremas savo raminam\u0105sias savybes suteikia patentuotas \u201eSinksave\u00ae\u201c kompleksas \u2013 nat\u016brali\u0173 veikli\u0173j\u0173 med\u017eiag\u0173, gaut\u0173 i\u0161 kapar\u0117li\u0173, alyvuogi\u0173 ir opuncij\u0173, mi\u0161inys. taip pat kiti nat\u016bral\u016bs ingredientai, tokie kaip \u201eLipex L\u2019Sens\u201c, \u201eRhamnosoft\u201c [&#8230;]\n","protected":false},"featured_media":78277,"template":"","meta":[],"product_cat":[2181],"product_tag":[],"class_list":{"0":"post-77423","1":"product","2":"type-product","3":"status-publish","4":"has-post-thumbnail","6":"product_brand-ciccarelli_it-lt","7":"product_cat-bez-kategorijas-lt","9":"first","10":"instock","11":"taxable","12":"shipping-taxable","13":"product-type-simple"},"_links":{"self":[{"href":"https:\/\/e.kosmolat.eu\/lt\/wp-json\/wp\/v2\/product\/77423","targetHints":{"allow":["GET"]}}],"collection":[{"href":"https:\/\/e.kosmolat.eu\/lt\/wp-json\/wp\/v2\/product"}],"about":[{"href":"https:\/\/e.kosmolat.eu\/lt\/wp-json\/wp\/v2\/types\/product"}],"wp:featuredmedia":[{"embeddable":true,"href":"https:\/\/e.kosmolat.eu\/lt\/wp-json\/wp\/v2\/media\/78277"}],"wp:attachment":[{"href":"https:\/\/e.kosmolat.eu\/lt\/wp-json\/wp\/v2\/media?parent=77423"}],"wp:term":[{"taxonomy":"product_cat","embeddable":true,"href":"https:\/\/e.kosmolat.eu\/lt\/wp-json\/wp\/v2\/product_cat?post=77423"},{"taxonomy":"product_tag","embeddable":true,"href":"https:\/\/e.kosmolat.eu\/lt\/wp-json\/wp\/v2\/product_tag?post=77423"}],"curies":[{"name":"wp","href":"https:\/\/api.w.org\/{rel}","templated":true}]}}