{"id":77419,"date":"2025-08-07T04:00:59","date_gmt":"2025-08-07T04:00:59","guid":{"rendered":"https:\/\/e.kosmolat.eu\/product\/pasta-del-capitano-1905-zobu-pasta-ar-sicilijas-citronu-75-ml\/"},"modified":"2026-04-22T09:25:57","modified_gmt":"2026-04-22T09:25:57","slug":"pasta-del-capitano-1905-zobu-pasta-ar-sicilijas-citronu-75-ml","status":"publish","type":"product","link":"https:\/\/e.kosmolat.eu\/lt\/produktas\/pasta-del-capitano-1905-zobu-pasta-ar-sicilijas-citronu-75-ml\/","title":{"rendered":"PASTA DEL CAPITANO 1905 dant\u0173 pasta su sicilieti\u0161ka citrina, 75 ml"},"content":{"rendered":"<p>Optimalus sprendimas burnos higienai ir gaivumui palaikyti.<\/p>\n<p>Sud\u0117tyje yra:<br \/>\n\u2022 Sulfetal ZN\u00ae molekul\u0117 su cinku, kuri pasi\u017eymi valomuoju poveikiu.<br \/>\n\u2022 nat\u016bralus citrin\u0173 ekstraktas i\u0161 Italijos Sicilijos salos, kur auginamos geriausios citrinos. Citrina yra galingas antioksidantas, padedantis palaikyti burnos sveikat\u0105 ir kovoti su nemaloniu kvapu, kur\u012f sukelia danten\u0173 problemos.<\/p>\n<p>Atsargumo priemon\u0117s: Po naudojimo sandariai u\u017esukite t\u016bbel\u0119. Pasirei\u0161kus alergijai, nutraukite naudojim\u0105.  Tinkamumo naudoti terminas po atidarymo yra nurodytas m\u0117nesiais, kuomet produktas laikomas teisingai ir normaliomis, numatytomis naudojimo s\u0105lygomis.<\/p>\n","protected":false},"excerpt":{"rendered":"<p>Optimalus sprendimas burnos higienai ir gaivumui palaikyti. Sud\u0117tyje yra: \u2022 Sulfetal ZN\u00ae molekul\u0117 su cinku, kuri pasi\u017eymi valomuoju poveikiu. \u2022 nat\u016bralus citrin\u0173 ekstraktas i\u0161 Italijos Sicilijos salos, kur auginamos geriausios citrinos. Citrina yra galingas antioksidantas, padedantis palaikyti burnos sveikat\u0105 ir kovoti su nemaloniu kvapu, kur\u012f sukelia danten\u0173 problemos. Atsargumo priemon\u0117s: Po naudojimo sandariai u\u017esukite t\u016bbel\u0119. [&#8230;]\n","protected":false},"featured_media":95946,"template":"","meta":[],"product_cat":[2181],"product_tag":[],"class_list":{"0":"post-77419","1":"product","2":"type-product","3":"status-publish","4":"has-post-thumbnail","6":"product_brand-ciccarelli_it-lt","7":"product_cat-bez-kategorijas-lt","9":"first","10":"instock","11":"taxable","12":"shipping-taxable","13":"product-type-simple"},"_links":{"self":[{"href":"https:\/\/e.kosmolat.eu\/lt\/wp-json\/wp\/v2\/product\/77419","targetHints":{"allow":["GET"]}}],"collection":[{"href":"https:\/\/e.kosmolat.eu\/lt\/wp-json\/wp\/v2\/product"}],"about":[{"href":"https:\/\/e.kosmolat.eu\/lt\/wp-json\/wp\/v2\/types\/product"}],"wp:featuredmedia":[{"embeddable":true,"href":"https:\/\/e.kosmolat.eu\/lt\/wp-json\/wp\/v2\/media\/95946"}],"wp:attachment":[{"href":"https:\/\/e.kosmolat.eu\/lt\/wp-json\/wp\/v2\/media?parent=77419"}],"wp:term":[{"taxonomy":"product_cat","embeddable":true,"href":"https:\/\/e.kosmolat.eu\/lt\/wp-json\/wp\/v2\/product_cat?post=77419"},{"taxonomy":"product_tag","embeddable":true,"href":"https:\/\/e.kosmolat.eu\/lt\/wp-json\/wp\/v2\/product_tag?post=77419"}],"curies":[{"name":"wp","href":"https:\/\/api.w.org\/{rel}","templated":true}]}}