{"id":77415,"date":"2025-08-07T04:00:43","date_gmt":"2025-08-07T04:00:43","guid":{"rendered":"https:\/\/e.kosmolat.eu\/product\/pasta-del-capitano-zobu-pasta-ar-kurkumu-un-propolisu-75-ml\/"},"modified":"2026-04-23T05:46:54","modified_gmt":"2026-04-23T05:46:54","slug":"pasta-del-capitano-zobu-pasta-ar-kurkumu-un-propolisu-75-ml","status":"publish","type":"product","link":"https:\/\/e.kosmolat.eu\/lt\/produktas\/pasta-del-capitano-zobu-pasta-ar-kurkumu-un-propolisu-75-ml\/","title":{"rendered":"PASTA DEL CAPITANO Dant\u0173 pasta su ciber\u017eole ir propoliu, 75 ml"},"content":{"rendered":"<p>Tai padeda u\u017etikrinti visapusi\u0161k\u0105 dant\u0173 ir danten\u0173 apsaug\u0105:<\/p>\n<p>\u2022 Sulfetal Zn\u00ae, originali molekul\u0117 su cinku, turin\u010diu valom\u0173j\u0173 savybi\u0173;<br \/>\n\u2022 Fluoras, kuris saugo ir stiprina dant\u0173 emal\u012f;<br \/>\n\u2022 Sertifikuota Ekologi\u0161ka Ciber\u017eol\u0117, su anti-u\u017edegimin\u0117mis ir antioksidacin\u0117mis savyb\u0117mis;<br \/>\n\u2022 Propolis, kuris padeda suma\u017einti bakterin\u0119 fermentacij\u0105.<\/p>\n<p>Sud\u0117tyje n\u0117ra paraben\u0173, triklozano, natrio laurilsulfato (SLS) ir formaldehid\u0105 skleid\u017eian\u010di\u0173 konservant\u0173.<\/p>\n<p>Atsargumo priemon\u0117s: Sud\u0117tyje yra natrio fluorido ir natrio monofluorfosfato. Vaikams iki 6 m. naudokite \u017eirnio dyd\u017eio kiek\u012f, steb\u0117kite, kad nenuryt\u0173. Jeigu vartojami produktai, kuri\u0173 sud\u0117tyje yra fluorido, pasitarkite su odontologu arba gydytoju. Po naudojimo sandariai u\u017esukite t\u016bbel\u0119. Pasirei\u0161kus alergijai, nutraukite naudojim\u0105. <\/p>\n<p>Tinkamumo naudoti terminas po atidarymo yra nurodytas m\u0117nesiais, kuomet produktas laikomas teisingai ir normaliomis, numatytomis naudojimo s\u0105lygomis.<\/p>\n","protected":false},"excerpt":{"rendered":"<p>Tai padeda u\u017etikrinti visapusi\u0161k\u0105 dant\u0173 ir danten\u0173 apsaug\u0105: \u2022 Sulfetal Zn\u00ae, originali molekul\u0117 su cinku, turin\u010diu valom\u0173j\u0173 savybi\u0173; \u2022 Fluoras, kuris saugo ir stiprina dant\u0173 emal\u012f; \u2022 Sertifikuota Ekologi\u0161ka Ciber\u017eol\u0117, su anti-u\u017edegimin\u0117mis ir antioksidacin\u0117mis savyb\u0117mis; \u2022 Propolis, kuris padeda suma\u017einti bakterin\u0119 fermentacij\u0105. Sud\u0117tyje n\u0117ra paraben\u0173, triklozano, natrio laurilsulfato (SLS) ir formaldehid\u0105 skleid\u017eian\u010di\u0173 konservant\u0173. Atsargumo priemon\u0117s: [&#8230;]\n","protected":false},"featured_media":95942,"template":"","meta":[],"product_cat":[1308],"product_tag":[],"class_list":{"0":"post-77415","1":"product","2":"type-product","3":"status-publish","4":"has-post-thumbnail","6":"product_brand-ciccarelli_it-lt","7":"product_cat-dantu-pastos-ir-geliai","9":"first","10":"instock","11":"taxable","12":"shipping-taxable","13":"product-type-simple"},"_links":{"self":[{"href":"https:\/\/e.kosmolat.eu\/lt\/wp-json\/wp\/v2\/product\/77415","targetHints":{"allow":["GET"]}}],"collection":[{"href":"https:\/\/e.kosmolat.eu\/lt\/wp-json\/wp\/v2\/product"}],"about":[{"href":"https:\/\/e.kosmolat.eu\/lt\/wp-json\/wp\/v2\/types\/product"}],"wp:featuredmedia":[{"embeddable":true,"href":"https:\/\/e.kosmolat.eu\/lt\/wp-json\/wp\/v2\/media\/95942"}],"wp:attachment":[{"href":"https:\/\/e.kosmolat.eu\/lt\/wp-json\/wp\/v2\/media?parent=77415"}],"wp:term":[{"taxonomy":"product_cat","embeddable":true,"href":"https:\/\/e.kosmolat.eu\/lt\/wp-json\/wp\/v2\/product_cat?post=77415"},{"taxonomy":"product_tag","embeddable":true,"href":"https:\/\/e.kosmolat.eu\/lt\/wp-json\/wp\/v2\/product_tag?post=77415"}],"curies":[{"name":"wp","href":"https:\/\/api.w.org\/{rel}","templated":true}]}}